{"id":56311,"date":"2025-09-17T18:00:30","date_gmt":"2025-09-17T21:00:30","guid":{"rendered":"https:\/\/rms-enlinea.com.ar\/tienda\/producto\/kit-x-3-coolers-thermaltake-le120-argb-black-120mm\/"},"modified":"2026-04-21T07:16:29","modified_gmt":"2026-04-21T10:16:29","slug":"kit-x-3-coolers-thermaltake-le120-argb-black-120mm","status":"publish","type":"product","link":"https:\/\/rms-enlinea.com.ar\/tienda\/producto\/kit-x-3-coolers-thermaltake-le120-argb-black-120mm\/","title":{"rendered":"Kit X 3 Coolers Thermaltake Le120 Argb Black 120mm"},"content":{"rendered":"<p>N.\u00ba de Parte (P\/N)\tCL-F204-PL12SW-A<br \/>Dimensiones\t120 x 120 x 25 mm<br \/>Interfaz\t4 pines &#8211; PWM<br \/> \t3 pines &#8211; ARGB Sync<br \/>Voltaje de arranque\t5 V<br \/>Voltaje nominal\t12 V y 5 V<br \/>Corriente nominal\t0.18 A y 0.35 A (por ventilador)<br \/>Entrada de energ\u00eda\t2.16 W y 1.75 W (por ventilador)<br \/>Velocidad del ventilador\tPWM 500  1500 RPM<br \/>Presi\u00f3n m\u00e1xima de aire\t1.41 mm-H2O<br \/>Flujo de aire\t66.1 CFM<br \/>Nivel de ruido\t25.2 dB-A<\/p>\n","protected":false},"excerpt":{"rendered":"<p>N.\u00ba de Parte (P\/N) CL-F204-PL12SW-ADimensiones 120 x 120 x 25 mmInterfaz 4 pines &#8211; PWM 3 pines &#8211; ARGB SyncVoltaje de arranque 5 VVoltaje nominal 12 V y 5 VCorriente nominal 0.18 A y 0.35 A (por ventilador)Entrada de energ\u00eda 2.16 W y 1.75 W (por ventilador)Velocidad del ventilador PWM 500 1500 RPMPresi\u00f3n m\u00e1xima de [&hellip;]<\/p>\n","protected":false},"featured_media":56312,"comment_status":"open","ping_status":"closed","template":"","meta":{"_uag_custom_page_level_css":""},"product_brand":[561],"product_cat":[105],"product_tag":[],"class_list":{"0":"post-56311","1":"product","2":"type-product","3":"status-publish","4":"has-post-thumbnail","6":"product_brand-thermaltake","7":"product_cat-cooler-y-sistemas-de-refrigeracion","9":"first","10":"outofstock","11":"sale","12":"taxable","13":"shipping-taxable","14":"purchasable","15":"product-type-simple"},"uagb_featured_image_src":{"full":["https:\/\/rms-enlinea.com.ar\/wp-content\/uploads\/2025\/09\/D_700964-MLA92700868723_092025-F.jpg",1199,802,false],"thumbnail":["https:\/\/rms-enlinea.com.ar\/wp-content\/uploads\/2025\/09\/D_700964-MLA92700868723_092025-F-150x150.jpg",150,150,true],"medium":["https:\/\/rms-enlinea.com.ar\/wp-content\/uploads\/2025\/09\/D_700964-MLA92700868723_092025-F-300x201.jpg",300,201,true],"medium_large":["https:\/\/rms-enlinea.com.ar\/wp-content\/uploads\/2025\/09\/D_700964-MLA92700868723_092025-F-768x514.jpg",768,514,true],"large":["https:\/\/rms-enlinea.com.ar\/wp-content\/uploads\/2025\/09\/D_700964-MLA92700868723_092025-F-1024x685.jpg",1024,685,true],"1536x1536":["https:\/\/rms-enlinea.com.ar\/wp-content\/uploads\/2025\/09\/D_700964-MLA92700868723_092025-F.jpg",1199,802,false],"2048x2048":["https:\/\/rms-enlinea.com.ar\/wp-content\/uploads\/2025\/09\/D_700964-MLA92700868723_092025-F.jpg",1199,802,false],"woocommerce_thumbnail":["https:\/\/rms-enlinea.com.ar\/wp-content\/uploads\/2025\/09\/D_700964-MLA92700868723_092025-F-450x450.jpg",450,450,true],"woocommerce_single":["https:\/\/rms-enlinea.com.ar\/wp-content\/uploads\/2025\/09\/D_700964-MLA92700868723_092025-F-600x401.jpg",600,401,true],"woocommerce_gallery_thumbnail":["https:\/\/rms-enlinea.com.ar\/wp-content\/uploads\/2025\/09\/D_700964-MLA92700868723_092025-F-100x100.jpg",100,100,true]},"uagb_author_info":{"display_name":"nelson","author_link":"https:\/\/rms-enlinea.com.ar\/tienda\/author\/"},"uagb_comment_info":0,"uagb_excerpt":"N.\u00ba de Parte (P\/N) CL-F204-PL12SW-ADimensiones 120 x 120 x 25 mmInterfaz 4 pines &#8211; PWM 3 pines &#8211; ARGB SyncVoltaje de arranque 5 VVoltaje nominal 12 V y 5 VCorriente nominal 0.18 A y 0.35 A (por ventilador)Entrada de energ\u00eda 2.16 W y 1.75 W (por ventilador)Velocidad del ventilador PWM 500 1500 RPMPresi\u00f3n m\u00e1xima de&hellip;","_links":{"self":[{"href":"https:\/\/rms-enlinea.com.ar\/tienda\/wp-json\/wp\/v2\/product\/56311","targetHints":{"allow":["GET"]}}],"collection":[{"href":"https:\/\/rms-enlinea.com.ar\/tienda\/wp-json\/wp\/v2\/product"}],"about":[{"href":"https:\/\/rms-enlinea.com.ar\/tienda\/wp-json\/wp\/v2\/types\/product"}],"replies":[{"embeddable":true,"href":"https:\/\/rms-enlinea.com.ar\/tienda\/wp-json\/wp\/v2\/comments?post=56311"}],"wp:featuredmedia":[{"embeddable":true,"href":"https:\/\/rms-enlinea.com.ar\/tienda\/wp-json\/wp\/v2\/media\/56312"}],"wp:attachment":[{"href":"https:\/\/rms-enlinea.com.ar\/tienda\/wp-json\/wp\/v2\/media?parent=56311"}],"wp:term":[{"taxonomy":"product_brand","embeddable":true,"href":"https:\/\/rms-enlinea.com.ar\/tienda\/wp-json\/wp\/v2\/product_brand?post=56311"},{"taxonomy":"product_cat","embeddable":true,"href":"https:\/\/rms-enlinea.com.ar\/tienda\/wp-json\/wp\/v2\/product_cat?post=56311"},{"taxonomy":"product_tag","embeddable":true,"href":"https:\/\/rms-enlinea.com.ar\/tienda\/wp-json\/wp\/v2\/product_tag?post=56311"}],"curies":[{"name":"wp","href":"https:\/\/api.w.org\/{rel}","templated":true}]}}