{"id":56365,"date":"2025-09-17T23:31:52","date_gmt":"2025-09-18T02:31:52","guid":{"rendered":"https:\/\/rms-enlinea.com.ar\/tienda\/producto\/fuente-thermaltake-toughpower-a3-1200w-80-plus-gold-modular\/"},"modified":"2026-04-21T04:14:05","modified_gmt":"2026-04-21T07:14:05","slug":"fuente-thermaltake-toughpower-a3-1200w-80-plus-gold-modular","status":"publish","type":"product","link":"https:\/\/rms-enlinea.com.ar\/tienda\/producto\/fuente-thermaltake-toughpower-a3-1200w-80-plus-gold-modular\/","title":{"rendered":"Fuente Thermaltake Toughpower A3 1200w 80 Plus Gold Modular"},"content":{"rendered":"<p>M\u00e1s informaci\u00f3n<br \/>N.\u00ba de pieza<br \/>PS-TPD-1200FNFAGU-L<br \/>vatios<br \/>1200 W<br \/>Modelo<br \/>TTP-1200AH2FLG<br \/>Color<br \/>Negro<br \/>Dimensiones (An.\/Al.\/Pr.)<br \/>150 mm (ancho) x 86 mm (alto) x 140 mm (profundidad)<br \/>PFC (correcci\u00f3n del factor de potencia)<br \/>PFC activo<br \/>Potencia Buena Se\u00f1al<br \/>100-150 ms<br \/>Tiempo de espera<br \/>&gt; 17 ms con una carga del 80 %<br \/>Corriente de entrada<br \/>15 A m\u00e1x.<br \/>Rango de frecuencia de entrada<br \/>5\u00b0C a + 45\u00b0C<br \/>Voltaje de entrada<br \/>100 &#8211; 240 V CA<br \/>Temperatura de funcionamiento<br \/>20% a 85%, sin condensaci\u00f3n<br \/>Humedad de funcionamiento<br \/>-40\u00b0C a + 55\u00b0C<br \/>Temperatura de almacenamiento<br \/>10% a 95%, sin condensaci\u00f3n<\/p>\n","protected":false},"excerpt":{"rendered":"<p>M\u00e1s informaci\u00f3nN.\u00ba de piezaPS-TPD-1200FNFAGU-Lvatios1200 WModeloTTP-1200AH2FLGColorNegroDimensiones (An.\/Al.\/Pr.)150 mm (ancho) x 86 mm (alto) x 140 mm (profundidad)PFC (correcci\u00f3n del factor de potencia)PFC activoPotencia Buena Se\u00f1al100-150 msTiempo de espera&gt; 17 ms con una carga del 80 %Corriente de entrada15 A m\u00e1x.Rango de frecuencia de entrada5\u00b0C a + 45\u00b0CVoltaje de entrada100 &#8211; 240 V CATemperatura de funcionamiento20% a [&hellip;]<\/p>\n","protected":false},"featured_media":56366,"comment_status":"open","ping_status":"closed","template":"","meta":{"_uag_custom_page_level_css":""},"product_brand":[561],"product_cat":[108],"product_tag":[],"class_list":{"0":"post-56365","1":"product","2":"type-product","3":"status-publish","4":"has-post-thumbnail","6":"product_brand-thermaltake","7":"product_cat-fuentes-y-cargadores","9":"first","10":"outofstock","11":"sale","12":"taxable","13":"shipping-taxable","14":"purchasable","15":"product-type-simple"},"uagb_featured_image_src":{"full":["https:\/\/rms-enlinea.com.ar\/wp-content\/uploads\/2025\/09\/D_804394-MLA92712156267_092025-F.jpg",1000,757,false],"thumbnail":["https:\/\/rms-enlinea.com.ar\/wp-content\/uploads\/2025\/09\/D_804394-MLA92712156267_092025-F-150x150.jpg",150,150,true],"medium":["https:\/\/rms-enlinea.com.ar\/wp-content\/uploads\/2025\/09\/D_804394-MLA92712156267_092025-F-300x227.jpg",300,227,true],"medium_large":["https:\/\/rms-enlinea.com.ar\/wp-content\/uploads\/2025\/09\/D_804394-MLA92712156267_092025-F-768x581.jpg",768,581,true],"large":["https:\/\/rms-enlinea.com.ar\/wp-content\/uploads\/2025\/09\/D_804394-MLA92712156267_092025-F.jpg",1000,757,false],"1536x1536":["https:\/\/rms-enlinea.com.ar\/wp-content\/uploads\/2025\/09\/D_804394-MLA92712156267_092025-F.jpg",1000,757,false],"2048x2048":["https:\/\/rms-enlinea.com.ar\/wp-content\/uploads\/2025\/09\/D_804394-MLA92712156267_092025-F.jpg",1000,757,false],"woocommerce_thumbnail":["https:\/\/rms-enlinea.com.ar\/wp-content\/uploads\/2025\/09\/D_804394-MLA92712156267_092025-F-450x450.jpg",450,450,true],"woocommerce_single":["https:\/\/rms-enlinea.com.ar\/wp-content\/uploads\/2025\/09\/D_804394-MLA92712156267_092025-F-600x454.jpg",600,454,true],"woocommerce_gallery_thumbnail":["https:\/\/rms-enlinea.com.ar\/wp-content\/uploads\/2025\/09\/D_804394-MLA92712156267_092025-F-100x100.jpg",100,100,true]},"uagb_author_info":{"display_name":"nelson","author_link":"https:\/\/rms-enlinea.com.ar\/tienda\/author\/"},"uagb_comment_info":0,"uagb_excerpt":"M\u00e1s informaci\u00f3nN.\u00ba de piezaPS-TPD-1200FNFAGU-Lvatios1200 WModeloTTP-1200AH2FLGColorNegroDimensiones (An.\/Al.\/Pr.)150 mm (ancho) x 86 mm (alto) x 140 mm (profundidad)PFC (correcci\u00f3n del factor de potencia)PFC activoPotencia Buena Se\u00f1al100-150 msTiempo de espera&gt; 17 ms con una carga del 80 %Corriente de entrada15 A m\u00e1x.Rango de frecuencia de entrada5\u00b0C a + 45\u00b0CVoltaje de entrada100 &#8211; 240 V CATemperatura de funcionamiento20% a&hellip;","_links":{"self":[{"href":"https:\/\/rms-enlinea.com.ar\/tienda\/wp-json\/wp\/v2\/product\/56365","targetHints":{"allow":["GET"]}}],"collection":[{"href":"https:\/\/rms-enlinea.com.ar\/tienda\/wp-json\/wp\/v2\/product"}],"about":[{"href":"https:\/\/rms-enlinea.com.ar\/tienda\/wp-json\/wp\/v2\/types\/product"}],"replies":[{"embeddable":true,"href":"https:\/\/rms-enlinea.com.ar\/tienda\/wp-json\/wp\/v2\/comments?post=56365"}],"wp:featuredmedia":[{"embeddable":true,"href":"https:\/\/rms-enlinea.com.ar\/tienda\/wp-json\/wp\/v2\/media\/56366"}],"wp:attachment":[{"href":"https:\/\/rms-enlinea.com.ar\/tienda\/wp-json\/wp\/v2\/media?parent=56365"}],"wp:term":[{"taxonomy":"product_brand","embeddable":true,"href":"https:\/\/rms-enlinea.com.ar\/tienda\/wp-json\/wp\/v2\/product_brand?post=56365"},{"taxonomy":"product_cat","embeddable":true,"href":"https:\/\/rms-enlinea.com.ar\/tienda\/wp-json\/wp\/v2\/product_cat?post=56365"},{"taxonomy":"product_tag","embeddable":true,"href":"https:\/\/rms-enlinea.com.ar\/tienda\/wp-json\/wp\/v2\/product_tag?post=56365"}],"curies":[{"name":"wp","href":"https:\/\/api.w.org\/{rel}","templated":true}]}}