{"id":56370,"date":"2025-09-17T23:32:11","date_gmt":"2025-09-18T02:32:11","guid":{"rendered":"https:\/\/rms-enlinea.com.ar\/tienda\/producto\/fuente-thermaltake-toughpower-a3-750w-80-plus-gold-modular\/"},"modified":"2026-04-02T16:24:53","modified_gmt":"2026-04-02T19:24:53","slug":"fuente-thermaltake-toughpower-a3-750w-80-plus-gold-modular","status":"publish","type":"product","link":"https:\/\/rms-enlinea.com.ar\/tienda\/producto\/fuente-thermaltake-toughpower-a3-750w-80-plus-gold-modular\/","title":{"rendered":"Fuente Thermaltake Toughpower A3 750w 80 Plus Gold Modular"},"content":{"rendered":"<p>Descripci\u00f3n<br \/>M\u00e1s informaci\u00f3n<br \/>N.\u00ba de pieza<\/p>\n<p>PS-TPD-0750FNFAGU-H<\/p>\n<p>vatios<\/p>\n<p>750 W<\/p>\n<p>Modelo<\/p>\n<p>TTP-0750AH2FLG<\/p>\n<p>Capacidad m\u00e1xima de salida<\/p>\n<p>750 W<\/p>\n<p>Color<\/p>\n<p>Negro<\/p>\n<p>Dimensiones (ancho\/alto\/profundidad)<\/p>\n<p>150 mm (ancho) x 86 mm (alto) x 140 mm (profundidad)<\/p>\n<p>PFC (correcci\u00f3n del factor de potencia)<\/p>\n<p>PFC activo<\/p>\n<p>Buena se\u00f1al de potencia<\/p>\n<p>100-150 ms<\/p>\n<p>Tiempo de espera<\/p>\n<p>&gt; 17 ms<\/p>\n<p>Corriente de entrada<\/p>\n<p>15A-8A<\/p>\n<p>Rango de frecuencia de entrada<\/p>\n<p>50 Hz\/60 Hz<\/p>\n","protected":false},"excerpt":{"rendered":"<p>Descripci\u00f3nM\u00e1s informaci\u00f3nN.\u00ba de pieza PS-TPD-0750FNFAGU-H vatios 750 W Modelo TTP-0750AH2FLG Capacidad m\u00e1xima de salida 750 W Color Negro Dimensiones (ancho\/alto\/profundidad) 150 mm (ancho) x 86 mm (alto) x 140 mm (profundidad) PFC (correcci\u00f3n del factor de potencia) PFC activo Buena se\u00f1al de potencia 100-150 ms Tiempo de espera &gt; 17 ms Corriente de entrada 15A-8A [&hellip;]<\/p>\n","protected":false},"featured_media":56371,"comment_status":"open","ping_status":"closed","template":"","meta":{"_uag_custom_page_level_css":""},"product_brand":[561],"product_cat":[108],"product_tag":[],"class_list":{"0":"post-56370","1":"product","2":"type-product","3":"status-publish","4":"has-post-thumbnail","6":"product_brand-thermaltake","7":"product_cat-fuentes-y-cargadores","9":"first","10":"instock","11":"sale","12":"taxable","13":"shipping-taxable","14":"purchasable","15":"product-type-simple"},"uagb_featured_image_src":{"full":["https:\/\/rms-enlinea.com.ar\/wp-content\/uploads\/2025\/09\/D_792348-MLA92304906376_092025-F.jpg",1200,1100,false],"thumbnail":["https:\/\/rms-enlinea.com.ar\/wp-content\/uploads\/2025\/09\/D_792348-MLA92304906376_092025-F-150x150.jpg",150,150,true],"medium":["https:\/\/rms-enlinea.com.ar\/wp-content\/uploads\/2025\/09\/D_792348-MLA92304906376_092025-F-300x275.jpg",300,275,true],"medium_large":["https:\/\/rms-enlinea.com.ar\/wp-content\/uploads\/2025\/09\/D_792348-MLA92304906376_092025-F-768x704.jpg",768,704,true],"large":["https:\/\/rms-enlinea.com.ar\/wp-content\/uploads\/2025\/09\/D_792348-MLA92304906376_092025-F-1024x939.jpg",1024,939,true],"1536x1536":["https:\/\/rms-enlinea.com.ar\/wp-content\/uploads\/2025\/09\/D_792348-MLA92304906376_092025-F.jpg",1200,1100,false],"2048x2048":["https:\/\/rms-enlinea.com.ar\/wp-content\/uploads\/2025\/09\/D_792348-MLA92304906376_092025-F.jpg",1200,1100,false],"woocommerce_thumbnail":["https:\/\/rms-enlinea.com.ar\/wp-content\/uploads\/2025\/09\/D_792348-MLA92304906376_092025-F-450x450.jpg",450,450,true],"woocommerce_single":["https:\/\/rms-enlinea.com.ar\/wp-content\/uploads\/2025\/09\/D_792348-MLA92304906376_092025-F-600x550.jpg",600,550,true],"woocommerce_gallery_thumbnail":["https:\/\/rms-enlinea.com.ar\/wp-content\/uploads\/2025\/09\/D_792348-MLA92304906376_092025-F-100x100.jpg",100,100,true]},"uagb_author_info":{"display_name":"nelson","author_link":"https:\/\/rms-enlinea.com.ar\/tienda\/author\/"},"uagb_comment_info":0,"uagb_excerpt":"Descripci\u00f3nM\u00e1s informaci\u00f3nN.\u00ba de pieza PS-TPD-0750FNFAGU-H vatios 750 W Modelo TTP-0750AH2FLG Capacidad m\u00e1xima de salida 750 W Color Negro Dimensiones (ancho\/alto\/profundidad) 150 mm (ancho) x 86 mm (alto) x 140 mm (profundidad) PFC (correcci\u00f3n del factor de potencia) PFC activo Buena se\u00f1al de potencia 100-150 ms Tiempo de espera &gt; 17 ms Corriente de entrada 15A-8A&hellip;","_links":{"self":[{"href":"https:\/\/rms-enlinea.com.ar\/tienda\/wp-json\/wp\/v2\/product\/56370","targetHints":{"allow":["GET"]}}],"collection":[{"href":"https:\/\/rms-enlinea.com.ar\/tienda\/wp-json\/wp\/v2\/product"}],"about":[{"href":"https:\/\/rms-enlinea.com.ar\/tienda\/wp-json\/wp\/v2\/types\/product"}],"replies":[{"embeddable":true,"href":"https:\/\/rms-enlinea.com.ar\/tienda\/wp-json\/wp\/v2\/comments?post=56370"}],"wp:featuredmedia":[{"embeddable":true,"href":"https:\/\/rms-enlinea.com.ar\/tienda\/wp-json\/wp\/v2\/media\/56371"}],"wp:attachment":[{"href":"https:\/\/rms-enlinea.com.ar\/tienda\/wp-json\/wp\/v2\/media?parent=56370"}],"wp:term":[{"taxonomy":"product_brand","embeddable":true,"href":"https:\/\/rms-enlinea.com.ar\/tienda\/wp-json\/wp\/v2\/product_brand?post=56370"},{"taxonomy":"product_cat","embeddable":true,"href":"https:\/\/rms-enlinea.com.ar\/tienda\/wp-json\/wp\/v2\/product_cat?post=56370"},{"taxonomy":"product_tag","embeddable":true,"href":"https:\/\/rms-enlinea.com.ar\/tienda\/wp-json\/wp\/v2\/product_tag?post=56370"}],"curies":[{"name":"wp","href":"https:\/\/api.w.org\/{rel}","templated":true}]}}