{"id":56443,"date":"2025-09-18T09:52:25","date_gmt":"2025-09-18T12:52:25","guid":{"rendered":"https:\/\/rms-enlinea.com.ar\/tienda\/producto\/kit-x-3-cooler-corsair-rx120-icue-link-rgb-120mm\/"},"modified":"2026-03-31T19:33:36","modified_gmt":"2026-03-31T22:33:36","slug":"kit-x-3-cooler-corsair-rx120-icue-link-rgb-120mm","status":"publish","type":"product","link":"https:\/\/rms-enlinea.com.ar\/tienda\/producto\/kit-x-3-cooler-corsair-rx120-icue-link-rgb-120mm\/","title":{"rendered":"Kit X 3 Cooler Corsair Rx120 Icue Link Rgb 120mm"},"content":{"rendered":"<p>Kit de inicio triple de ventiladores iCUE LINK RX120 RGB 120 mm PWM<br \/>Los ventiladores CORSAIR RX120 RGB PWM ofrecen un rendimiento de refrigeraci\u00f3n al impulsar un alto flujo de aire a trav\u00e9s de obstrucciones con alta presi\u00f3n est\u00e1tica y la tecnolog\u00eda CORSAIR AirGuide.<br \/>Forma de hoja de rendimiento avanzado<br \/>Concentrador del sistema iCUE LINK incluido<br \/>Tecnolog\u00eda AirGuide para lograr una refrigeraci\u00f3n concentrada<br \/>Rodamiento de c\u00fapula magn\u00e9tica para un ruido m\u00ednimo<\/p>\n","protected":false},"excerpt":{"rendered":"<p>Kit de inicio triple de ventiladores iCUE LINK RX120 RGB 120 mm PWMLos ventiladores CORSAIR RX120 RGB PWM ofrecen un rendimiento de refrigeraci\u00f3n al impulsar un alto flujo de aire a trav\u00e9s de obstrucciones con alta presi\u00f3n est\u00e1tica y la tecnolog\u00eda CORSAIR AirGuide.Forma de hoja de rendimiento avanzadoConcentrador del sistema iCUE LINK incluidoTecnolog\u00eda AirGuide para [&hellip;]<\/p>\n","protected":false},"featured_media":56444,"comment_status":"open","ping_status":"closed","template":"","meta":{"_uag_custom_page_level_css":""},"product_brand":[555],"product_cat":[105],"product_tag":[],"class_list":{"0":"post-56443","1":"product","2":"type-product","3":"status-publish","4":"has-post-thumbnail","6":"product_brand-corsair","7":"product_cat-cooler-y-sistemas-de-refrigeracion","9":"first","10":"outofstock","11":"sale","12":"taxable","13":"shipping-taxable","14":"purchasable","15":"product-type-simple"},"uagb_featured_image_src":{"full":["https:\/\/rms-enlinea.com.ar\/wp-content\/uploads\/2025\/09\/D_649949-MLA92768984773_092025-F.jpg",1113,1199,false],"thumbnail":["https:\/\/rms-enlinea.com.ar\/wp-content\/uploads\/2025\/09\/D_649949-MLA92768984773_092025-F-150x150.jpg",150,150,true],"medium":["https:\/\/rms-enlinea.com.ar\/wp-content\/uploads\/2025\/09\/D_649949-MLA92768984773_092025-F-278x300.jpg",278,300,true],"medium_large":["https:\/\/rms-enlinea.com.ar\/wp-content\/uploads\/2025\/09\/D_649949-MLA92768984773_092025-F-768x827.jpg",768,827,true],"large":["https:\/\/rms-enlinea.com.ar\/wp-content\/uploads\/2025\/09\/D_649949-MLA92768984773_092025-F-951x1024.jpg",951,1024,true],"1536x1536":["https:\/\/rms-enlinea.com.ar\/wp-content\/uploads\/2025\/09\/D_649949-MLA92768984773_092025-F.jpg",1113,1199,false],"2048x2048":["https:\/\/rms-enlinea.com.ar\/wp-content\/uploads\/2025\/09\/D_649949-MLA92768984773_092025-F.jpg",1113,1199,false],"woocommerce_thumbnail":["https:\/\/rms-enlinea.com.ar\/wp-content\/uploads\/2025\/09\/D_649949-MLA92768984773_092025-F-450x450.jpg",450,450,true],"woocommerce_single":["https:\/\/rms-enlinea.com.ar\/wp-content\/uploads\/2025\/09\/D_649949-MLA92768984773_092025-F-600x646.jpg",600,646,true],"woocommerce_gallery_thumbnail":["https:\/\/rms-enlinea.com.ar\/wp-content\/uploads\/2025\/09\/D_649949-MLA92768984773_092025-F-100x100.jpg",100,100,true]},"uagb_author_info":{"display_name":"nelson","author_link":"https:\/\/rms-enlinea.com.ar\/tienda\/author\/"},"uagb_comment_info":0,"uagb_excerpt":"Kit de inicio triple de ventiladores iCUE LINK RX120 RGB 120 mm PWMLos ventiladores CORSAIR RX120 RGB PWM ofrecen un rendimiento de refrigeraci\u00f3n al impulsar un alto flujo de aire a trav\u00e9s de obstrucciones con alta presi\u00f3n est\u00e1tica y la tecnolog\u00eda CORSAIR AirGuide.Forma de hoja de rendimiento avanzadoConcentrador del sistema iCUE LINK incluidoTecnolog\u00eda AirGuide para&hellip;","_links":{"self":[{"href":"https:\/\/rms-enlinea.com.ar\/tienda\/wp-json\/wp\/v2\/product\/56443","targetHints":{"allow":["GET"]}}],"collection":[{"href":"https:\/\/rms-enlinea.com.ar\/tienda\/wp-json\/wp\/v2\/product"}],"about":[{"href":"https:\/\/rms-enlinea.com.ar\/tienda\/wp-json\/wp\/v2\/types\/product"}],"replies":[{"embeddable":true,"href":"https:\/\/rms-enlinea.com.ar\/tienda\/wp-json\/wp\/v2\/comments?post=56443"}],"wp:featuredmedia":[{"embeddable":true,"href":"https:\/\/rms-enlinea.com.ar\/tienda\/wp-json\/wp\/v2\/media\/56444"}],"wp:attachment":[{"href":"https:\/\/rms-enlinea.com.ar\/tienda\/wp-json\/wp\/v2\/media?parent=56443"}],"wp:term":[{"taxonomy":"product_brand","embeddable":true,"href":"https:\/\/rms-enlinea.com.ar\/tienda\/wp-json\/wp\/v2\/product_brand?post=56443"},{"taxonomy":"product_cat","embeddable":true,"href":"https:\/\/rms-enlinea.com.ar\/tienda\/wp-json\/wp\/v2\/product_cat?post=56443"},{"taxonomy":"product_tag","embeddable":true,"href":"https:\/\/rms-enlinea.com.ar\/tienda\/wp-json\/wp\/v2\/product_tag?post=56443"}],"curies":[{"name":"wp","href":"https:\/\/api.w.org\/{rel}","templated":true}]}}