{"id":56521,"date":"2025-09-18T22:40:18","date_gmt":"2025-09-19T01:40:18","guid":{"rendered":"https:\/\/rms-enlinea.com.ar\/tienda\/producto\/gabinete-gamer-corsair-6500x-tg-mid-tower-negro-dos-camaras\/"},"modified":"2026-02-20T22:07:19","modified_gmt":"2026-02-21T01:07:19","slug":"gabinete-gamer-corsair-6500x-tg-mid-tower-negro-dos-camaras","status":"publish","type":"product","link":"https:\/\/rms-enlinea.com.ar\/tienda\/producto\/gabinete-gamer-corsair-6500x-tg-mid-tower-negro-dos-camaras\/","title":{"rendered":"Gabinete Gamer Corsair 6500x Tg Mid-tower Negro Dos Camaras Negro"},"content":{"rendered":"<p>_______________________________________________________________<\/p>\n<p>PRODUCTO: Gabinete gamer Corsair 6500X TG Mid-Tower Black <\/p>\n<p>El chasis para PC de dos c\u00e1maras semitorre CORSAIR 6500X ofrece un flujo de aire y refrigeraci\u00f3n excepcionales con paneles completamente de malla y un dise\u00f1o de doble c\u00e1mara que logra un aspecto organizado e impresionante.<br \/>&#8211; Dos c\u00e1maras para un aspecto estilizado<br \/>&#8211; Muchas opciones de personalizaci\u00f3n<br \/>&#8211; Compatibilidad con placas base de conector inverso<br \/>&#8211; Amplia flexibilidad de refrigeraci\u00f3n<\/p>\n<p>ESPECIFICACIONES<br \/>Altura de la caja: 496 mm  <br \/>Duraci\u00f3n del caso: 481 mm  <br \/>Ancho de caja: 328 mm  <br \/>Soporte de placa base: Mini-ITX, Micro-ATX, ATX, E-ATX (305 mm x 277 mm)  <br \/>Color: NEGRO  <br \/>Peso: 16.4 kg  <br \/>Compatibilidad del radiador: 120 mm, 140 mm, 240 mm, 280 mm, 360 mm  <br \/>Longitud m\u00e1xima de GPU: 400 mm  <br \/>Altura m\u00e1xima del enfriador de CPU: 190 mm  <br \/>Longitud m\u00e1xima de la fuente de alimentaci\u00f3n: 225 mm  <br \/>Refrigeradores l\u00edquidos compatibles: H60, H100i, H115i, H150i (todas las series)  <br \/>Tama\u00f1o de la caja: ESO  <br \/>Fuente de alimentaci\u00f3n de caja: ATX  <br \/>Ranuras de expansi\u00f3n de la caja: 8 horizontales (+4 verticales con accesorio de montaje vertical)  <br \/>Caja frontal IO: (1x) USB 3.2 Gen 2 Tipo-C, (4x) USB 3.2 Gen 1 Tipo-A, (1x) Entrada\/salida de audio  <br \/>Ventana de caja: Vidrio templado  <br \/>Bah\u00edas de unidad internas de 3,5 : 2  <br \/>Bah\u00edas de unidad internas de 2,5 : 2  <\/p>\n<p>_______________________________________________________________<\/p>\n","protected":false},"excerpt":{"rendered":"<p>_______________________________________________________________ PRODUCTO: Gabinete gamer Corsair 6500X TG Mid-Tower Black El chasis para PC de dos c\u00e1maras semitorre CORSAIR 6500X ofrece un flujo de aire y refrigeraci\u00f3n excepcionales con paneles completamente de malla y un dise\u00f1o de doble c\u00e1mara que logra un aspecto organizado e impresionante.&#8211; Dos c\u00e1maras para un aspecto estilizado&#8211; Muchas opciones de personalizaci\u00f3n&#8211; [&hellip;]<\/p>\n","protected":false},"featured_media":16045,"comment_status":"open","ping_status":"closed","template":"","meta":{"_uag_custom_page_level_css":""},"product_brand":[555],"product_cat":[109],"product_tag":[],"class_list":{"0":"post-56521","1":"product","2":"type-product","3":"status-publish","4":"has-post-thumbnail","6":"product_brand-corsair","7":"product_cat-gabinetes","9":"first","10":"outofstock","11":"sale","12":"taxable","13":"shipping-taxable","14":"purchasable","15":"product-type-simple"},"uagb_featured_image_src":{"full":["https:\/\/rms-enlinea.com.ar\/wp-content\/uploads\/2025\/06\/D_761149-MLU77870734868_072024-F.jpg",546,700,false],"thumbnail":["https:\/\/rms-enlinea.com.ar\/wp-content\/uploads\/2025\/06\/D_761149-MLU77870734868_072024-F-150x150.jpg",150,150,true],"medium":["https:\/\/rms-enlinea.com.ar\/wp-content\/uploads\/2025\/06\/D_761149-MLU77870734868_072024-F-234x300.jpg",234,300,true],"medium_large":["https:\/\/rms-enlinea.com.ar\/wp-content\/uploads\/2025\/06\/D_761149-MLU77870734868_072024-F.jpg",546,700,false],"large":["https:\/\/rms-enlinea.com.ar\/wp-content\/uploads\/2025\/06\/D_761149-MLU77870734868_072024-F.jpg",546,700,false],"1536x1536":["https:\/\/rms-enlinea.com.ar\/wp-content\/uploads\/2025\/06\/D_761149-MLU77870734868_072024-F.jpg",546,700,false],"2048x2048":["https:\/\/rms-enlinea.com.ar\/wp-content\/uploads\/2025\/06\/D_761149-MLU77870734868_072024-F.jpg",546,700,false],"woocommerce_thumbnail":["https:\/\/rms-enlinea.com.ar\/wp-content\/uploads\/2025\/06\/D_761149-MLU77870734868_072024-F-450x450.jpg",450,450,true],"woocommerce_single":["https:\/\/rms-enlinea.com.ar\/wp-content\/uploads\/2025\/06\/D_761149-MLU77870734868_072024-F.jpg",546,700,false],"woocommerce_gallery_thumbnail":["https:\/\/rms-enlinea.com.ar\/wp-content\/uploads\/2025\/06\/D_761149-MLU77870734868_072024-F-100x100.jpg",100,100,true]},"uagb_author_info":{"display_name":"nelson","author_link":"https:\/\/rms-enlinea.com.ar\/tienda\/author\/"},"uagb_comment_info":0,"uagb_excerpt":"_______________________________________________________________ PRODUCTO: Gabinete gamer Corsair 6500X TG Mid-Tower Black El chasis para PC de dos c\u00e1maras semitorre CORSAIR 6500X ofrece un flujo de aire y refrigeraci\u00f3n excepcionales con paneles completamente de malla y un dise\u00f1o de doble c\u00e1mara que logra un aspecto organizado e impresionante.&#8211; Dos c\u00e1maras para un aspecto estilizado&#8211; Muchas opciones de personalizaci\u00f3n&#8211;&hellip;","_links":{"self":[{"href":"https:\/\/rms-enlinea.com.ar\/tienda\/wp-json\/wp\/v2\/product\/56521","targetHints":{"allow":["GET"]}}],"collection":[{"href":"https:\/\/rms-enlinea.com.ar\/tienda\/wp-json\/wp\/v2\/product"}],"about":[{"href":"https:\/\/rms-enlinea.com.ar\/tienda\/wp-json\/wp\/v2\/types\/product"}],"replies":[{"embeddable":true,"href":"https:\/\/rms-enlinea.com.ar\/tienda\/wp-json\/wp\/v2\/comments?post=56521"}],"wp:featuredmedia":[{"embeddable":true,"href":"https:\/\/rms-enlinea.com.ar\/tienda\/wp-json\/wp\/v2\/media\/16045"}],"wp:attachment":[{"href":"https:\/\/rms-enlinea.com.ar\/tienda\/wp-json\/wp\/v2\/media?parent=56521"}],"wp:term":[{"taxonomy":"product_brand","embeddable":true,"href":"https:\/\/rms-enlinea.com.ar\/tienda\/wp-json\/wp\/v2\/product_brand?post=56521"},{"taxonomy":"product_cat","embeddable":true,"href":"https:\/\/rms-enlinea.com.ar\/tienda\/wp-json\/wp\/v2\/product_cat?post=56521"},{"taxonomy":"product_tag","embeddable":true,"href":"https:\/\/rms-enlinea.com.ar\/tienda\/wp-json\/wp\/v2\/product_tag?post=56521"}],"curies":[{"name":"wp","href":"https:\/\/api.w.org\/{rel}","templated":true}]}}