{"id":56523,"date":"2025-09-19T09:02:22","date_gmt":"2025-09-19T12:02:22","guid":{"rendered":"https:\/\/rms-enlinea.com.ar\/tienda\/producto\/mouse-genius-dx-110-g5-usb-cable-1-5m-1000-dpi-optico\/"},"modified":"2026-04-06T13:15:32","modified_gmt":"2026-04-06T16:15:32","slug":"mouse-genius-dx-110-g5-usb-cable-1-5m-1000-dpi-optico","status":"publish","type":"product","link":"https:\/\/rms-enlinea.com.ar\/tienda\/producto\/mouse-genius-dx-110-g5-usb-cable-1-5m-1000-dpi-optico\/","title":{"rendered":"Mouse Genius Dx-110 G5 Usb Cable 1.5m 1000 Dpi Optico"},"content":{"rendered":"<p>Marca<\/p>\n<p>Genius<br \/>\nEs inal\u00e1mbrico USB<\/p>\n<p>No<br \/>\nModelo<\/p>\n<p>DX110<br \/>\nTipo<\/p>\n<p>Convencional<br \/>\nResoluci\u00f3n del sensor<\/p>\n<p>1000 ppp<br \/>\nTipo de sensor<\/p>\n<p>\u00d3ptico<br \/>\nCon Bluetooth<\/p>\n<p>No<br \/>\nCon cable retr\u00e1ctil<\/p>\n<p>No<br \/>\nCon cable<\/p>\n<p>S\u00ed<br \/>\nPeso<\/p>\n<p>85g<br \/>\nModelo<\/p>\n<p>DX110<br \/>\nDimensiones del producto<\/p>\n<p>60 x 105 x 37 mm<\/p>\n","protected":false},"excerpt":{"rendered":"<p>Marca Genius Es inal\u00e1mbrico USB No Modelo DX110 Tipo Convencional Resoluci\u00f3n del sensor 1000 ppp Tipo de sensor \u00d3ptico Con Bluetooth No Con cable retr\u00e1ctil No Con cable S\u00ed Peso 85g Modelo DX110 Dimensiones del producto 60 x 105 x 37 mm<\/p>\n","protected":false},"featured_media":56524,"comment_status":"open","ping_status":"closed","template":"","meta":{"_uag_custom_page_level_css":""},"product_brand":[550],"product_cat":[125],"product_tag":[],"class_list":{"0":"post-56523","1":"product","2":"type-product","3":"status-publish","4":"has-post-thumbnail","6":"product_brand-genius","7":"product_cat-teclados-y-mouses","9":"first","10":"outofstock","11":"sale","12":"taxable","13":"shipping-taxable","14":"purchasable","15":"product-type-simple"},"uagb_featured_image_src":{"full":["https:\/\/rms-enlinea.com.ar\/wp-content\/uploads\/2025\/09\/D_628913-MLA92859435581_092025-F.jpg",898,991,false],"thumbnail":["https:\/\/rms-enlinea.com.ar\/wp-content\/uploads\/2025\/09\/D_628913-MLA92859435581_092025-F-150x150.jpg",150,150,true],"medium":["https:\/\/rms-enlinea.com.ar\/wp-content\/uploads\/2025\/09\/D_628913-MLA92859435581_092025-F-272x300.jpg",272,300,true],"medium_large":["https:\/\/rms-enlinea.com.ar\/wp-content\/uploads\/2025\/09\/D_628913-MLA92859435581_092025-F-768x848.jpg",768,848,true],"large":["https:\/\/rms-enlinea.com.ar\/wp-content\/uploads\/2025\/09\/D_628913-MLA92859435581_092025-F.jpg",898,991,false],"1536x1536":["https:\/\/rms-enlinea.com.ar\/wp-content\/uploads\/2025\/09\/D_628913-MLA92859435581_092025-F.jpg",898,991,false],"2048x2048":["https:\/\/rms-enlinea.com.ar\/wp-content\/uploads\/2025\/09\/D_628913-MLA92859435581_092025-F.jpg",898,991,false],"woocommerce_thumbnail":["https:\/\/rms-enlinea.com.ar\/wp-content\/uploads\/2025\/09\/D_628913-MLA92859435581_092025-F-450x450.jpg",450,450,true],"woocommerce_single":["https:\/\/rms-enlinea.com.ar\/wp-content\/uploads\/2025\/09\/D_628913-MLA92859435581_092025-F-600x662.jpg",600,662,true],"woocommerce_gallery_thumbnail":["https:\/\/rms-enlinea.com.ar\/wp-content\/uploads\/2025\/09\/D_628913-MLA92859435581_092025-F-100x100.jpg",100,100,true]},"uagb_author_info":{"display_name":"nelson","author_link":"https:\/\/rms-enlinea.com.ar\/tienda\/author\/"},"uagb_comment_info":0,"uagb_excerpt":"Marca Genius Es inal\u00e1mbrico USB No Modelo DX110 Tipo Convencional Resoluci\u00f3n del sensor 1000 ppp Tipo de sensor \u00d3ptico Con Bluetooth No Con cable retr\u00e1ctil No Con cable S\u00ed Peso 85g Modelo DX110 Dimensiones del producto 60 x 105 x 37 mm","_links":{"self":[{"href":"https:\/\/rms-enlinea.com.ar\/tienda\/wp-json\/wp\/v2\/product\/56523","targetHints":{"allow":["GET"]}}],"collection":[{"href":"https:\/\/rms-enlinea.com.ar\/tienda\/wp-json\/wp\/v2\/product"}],"about":[{"href":"https:\/\/rms-enlinea.com.ar\/tienda\/wp-json\/wp\/v2\/types\/product"}],"replies":[{"embeddable":true,"href":"https:\/\/rms-enlinea.com.ar\/tienda\/wp-json\/wp\/v2\/comments?post=56523"}],"wp:featuredmedia":[{"embeddable":true,"href":"https:\/\/rms-enlinea.com.ar\/tienda\/wp-json\/wp\/v2\/media\/56524"}],"wp:attachment":[{"href":"https:\/\/rms-enlinea.com.ar\/tienda\/wp-json\/wp\/v2\/media?parent=56523"}],"wp:term":[{"taxonomy":"product_brand","embeddable":true,"href":"https:\/\/rms-enlinea.com.ar\/tienda\/wp-json\/wp\/v2\/product_brand?post=56523"},{"taxonomy":"product_cat","embeddable":true,"href":"https:\/\/rms-enlinea.com.ar\/tienda\/wp-json\/wp\/v2\/product_cat?post=56523"},{"taxonomy":"product_tag","embeddable":true,"href":"https:\/\/rms-enlinea.com.ar\/tienda\/wp-json\/wp\/v2\/product_tag?post=56523"}],"curies":[{"name":"wp","href":"https:\/\/api.w.org\/{rel}","templated":true}]}}