{"id":56534,"date":"2025-09-19T09:21:41","date_gmt":"2025-09-19T12:21:41","guid":{"rendered":"https:\/\/rms-enlinea.com.ar\/tienda\/producto\/gabinete-corsair-4000d-frame-rs-argb-mid-tower-fan-x3\/"},"modified":"2026-02-20T21:13:03","modified_gmt":"2026-02-21T00:13:03","slug":"gabinete-corsair-4000d-frame-rs-argb-mid-tower-fan-x3","status":"publish","type":"product","link":"https:\/\/rms-enlinea.com.ar\/tienda\/producto\/gabinete-corsair-4000d-frame-rs-argb-mid-tower-fan-x3\/","title":{"rendered":"Gabinete Corsair 4000d Frame Rs Argb Mid-tower Fan X3"},"content":{"rendered":"<p>Altura\t486<br \/>Profundidad\t490<br \/>Ancho\t239<br \/>Material\tAcero, vidrio templado, flujo de aire 3D-Y Acero, pl\u00e1stico<br \/>Soporte de mother\tMini-ITX, Micro-ATX, ATX, E-ATX (305 mm x 277 mm)<br \/>Color\tNegro<br \/>Tama\u00f1o\tMid Tower<br \/>Compatibilidad del radiador\t120 mm, 140 mm, 240 mm, 280 mm, 360 mm<br \/>Ventana\tVidrio templado<br \/>Refrigeradores l\u00edquidos compatibles\tH60, H100, H115, H150, NAUTILUS, TIT\u00c1N<br \/>Bah\u00edas de unidad internas de 3,5&#8243;\t2<br \/>Bah\u00edas de unidad internas de 2,5&#8243;\t2<br \/>Altura m\u00e1xima del enfriador de CPU\t170 mm<br \/>Longitud m\u00e1xima de la fuente de alimentaci\u00f3n\t220 mm<br \/>Caja frontal IO\t(1x) USB 3.2 Gen 2 Tipo-C, (2x) USB 3.2 Gen 1 Tipo-A, (1x) Entrada\/salida de audio<br \/>Longitud m\u00e1xima de GPU\t430 mm<br \/>Peso\t10.38<br \/>Ranuras de expansi\u00f3n\t7 horizontales o 3 verticales<\/p>\n","protected":false},"excerpt":{"rendered":"<p>Altura 486Profundidad 490Ancho 239Material Acero, vidrio templado, flujo de aire 3D-Y Acero, pl\u00e1sticoSoporte de mother Mini-ITX, Micro-ATX, ATX, E-ATX (305 mm x 277 mm)Color NegroTama\u00f1o Mid TowerCompatibilidad del radiador 120 mm, 140 mm, 240 mm, 280 mm, 360 mmVentana Vidrio templadoRefrigeradores l\u00edquidos compatibles H60, H100, H115, H150, NAUTILUS, TIT\u00c1NBah\u00edas de unidad internas de 3,5&#8243; 2Bah\u00edas [&hellip;]<\/p>\n","protected":false},"featured_media":56535,"comment_status":"open","ping_status":"closed","template":"","meta":{"_uag_custom_page_level_css":""},"product_brand":[555],"product_cat":[109],"product_tag":[],"class_list":{"0":"post-56534","1":"product","2":"type-product","3":"status-publish","4":"has-post-thumbnail","6":"product_brand-corsair","7":"product_cat-gabinetes","9":"first","10":"outofstock","11":"sale","12":"taxable","13":"shipping-taxable","14":"purchasable","15":"product-type-simple"},"uagb_featured_image_src":{"full":["https:\/\/rms-enlinea.com.ar\/wp-content\/uploads\/2025\/09\/D_938881-MLA92450731934_092025-F.jpg",822,1200,false],"thumbnail":["https:\/\/rms-enlinea.com.ar\/wp-content\/uploads\/2025\/09\/D_938881-MLA92450731934_092025-F-150x150.jpg",150,150,true],"medium":["https:\/\/rms-enlinea.com.ar\/wp-content\/uploads\/2025\/09\/D_938881-MLA92450731934_092025-F-206x300.jpg",206,300,true],"medium_large":["https:\/\/rms-enlinea.com.ar\/wp-content\/uploads\/2025\/09\/D_938881-MLA92450731934_092025-F-768x1121.jpg",768,1121,true],"large":["https:\/\/rms-enlinea.com.ar\/wp-content\/uploads\/2025\/09\/D_938881-MLA92450731934_092025-F-701x1024.jpg",701,1024,true],"1536x1536":["https:\/\/rms-enlinea.com.ar\/wp-content\/uploads\/2025\/09\/D_938881-MLA92450731934_092025-F.jpg",822,1200,false],"2048x2048":["https:\/\/rms-enlinea.com.ar\/wp-content\/uploads\/2025\/09\/D_938881-MLA92450731934_092025-F.jpg",822,1200,false],"woocommerce_thumbnail":["https:\/\/rms-enlinea.com.ar\/wp-content\/uploads\/2025\/09\/D_938881-MLA92450731934_092025-F-450x450.jpg",450,450,true],"woocommerce_single":["https:\/\/rms-enlinea.com.ar\/wp-content\/uploads\/2025\/09\/D_938881-MLA92450731934_092025-F-600x876.jpg",600,876,true],"woocommerce_gallery_thumbnail":["https:\/\/rms-enlinea.com.ar\/wp-content\/uploads\/2025\/09\/D_938881-MLA92450731934_092025-F-100x100.jpg",100,100,true]},"uagb_author_info":{"display_name":"nelson","author_link":"https:\/\/rms-enlinea.com.ar\/tienda\/author\/"},"uagb_comment_info":0,"uagb_excerpt":"Altura 486Profundidad 490Ancho 239Material Acero, vidrio templado, flujo de aire 3D-Y Acero, pl\u00e1sticoSoporte de mother Mini-ITX, Micro-ATX, ATX, E-ATX (305 mm x 277 mm)Color NegroTama\u00f1o Mid TowerCompatibilidad del radiador 120 mm, 140 mm, 240 mm, 280 mm, 360 mmVentana Vidrio templadoRefrigeradores l\u00edquidos compatibles H60, H100, H115, H150, NAUTILUS, TIT\u00c1NBah\u00edas de unidad internas de 3,5&#8243; 2Bah\u00edas&hellip;","_links":{"self":[{"href":"https:\/\/rms-enlinea.com.ar\/tienda\/wp-json\/wp\/v2\/product\/56534","targetHints":{"allow":["GET"]}}],"collection":[{"href":"https:\/\/rms-enlinea.com.ar\/tienda\/wp-json\/wp\/v2\/product"}],"about":[{"href":"https:\/\/rms-enlinea.com.ar\/tienda\/wp-json\/wp\/v2\/types\/product"}],"replies":[{"embeddable":true,"href":"https:\/\/rms-enlinea.com.ar\/tienda\/wp-json\/wp\/v2\/comments?post=56534"}],"wp:featuredmedia":[{"embeddable":true,"href":"https:\/\/rms-enlinea.com.ar\/tienda\/wp-json\/wp\/v2\/media\/56535"}],"wp:attachment":[{"href":"https:\/\/rms-enlinea.com.ar\/tienda\/wp-json\/wp\/v2\/media?parent=56534"}],"wp:term":[{"taxonomy":"product_brand","embeddable":true,"href":"https:\/\/rms-enlinea.com.ar\/tienda\/wp-json\/wp\/v2\/product_brand?post=56534"},{"taxonomy":"product_cat","embeddable":true,"href":"https:\/\/rms-enlinea.com.ar\/tienda\/wp-json\/wp\/v2\/product_cat?post=56534"},{"taxonomy":"product_tag","embeddable":true,"href":"https:\/\/rms-enlinea.com.ar\/tienda\/wp-json\/wp\/v2\/product_tag?post=56534"}],"curies":[{"name":"wp","href":"https:\/\/api.w.org\/{rel}","templated":true}]}}