{"id":56591,"date":"2025-09-19T13:54:06","date_gmt":"2025-09-19T16:54:06","guid":{"rendered":"https:\/\/rms-enlinea.com.ar\/tienda\/producto\/memoria-ddr5-kingston-32gb-6000-mhz-fury-beast-amd-expo\/"},"modified":"2026-05-04T11:58:01","modified_gmt":"2026-05-04T14:58:01","slug":"memoria-ddr5-kingston-32gb-6000-mhz-fury-beast-amd-expo","status":"publish","type":"product","link":"https:\/\/rms-enlinea.com.ar\/tienda\/producto\/memoria-ddr5-kingston-32gb-6000-mhz-fury-beast-amd-expo\/","title":{"rendered":"Memoria Ddr5 Kingston 32gb 6000 Mhz Fury Beast Amd Expo"},"content":{"rendered":"<p>Tipo\tSDRAM DDR5<br \/>Color\tnegro<br \/>EAN\t0740617331714<br \/>C\u00f3digo del fabricante\tKF560C36BBE-32<br \/>Capacidad\t32 GB<br \/>M\u00f3dulos\t1 unidad(es)<br \/>Dise\u00f1o\tDIMM<br \/>Perfiles\tAMD EXPO<br \/>Conexi\u00f3n\t288 contactos<br \/>Voltaje\t1,25 voltios (por 1,1 hasta 1,4 voltios)<br \/>Est\u00e1ndar\tDDR5-6000 (PC5-48000)<br \/>Reloj f\u00edsico\t3000 MHz<br \/>Sincronizaciones\tLatencia CAS (CL)\t36<br \/>RAS-al-CAS Delay (tRCD)\t38<br \/>Tiempo RAS Precharge (tRP)\t38<\/p>\n","protected":false},"excerpt":{"rendered":"<p>Tipo SDRAM DDR5Color negroEAN 0740617331714C\u00f3digo del fabricante KF560C36BBE-32Capacidad 32 GBM\u00f3dulos 1 unidad(es)Dise\u00f1o DIMMPerfiles AMD EXPOConexi\u00f3n 288 contactosVoltaje 1,25 voltios (por 1,1 hasta 1,4 voltios)Est\u00e1ndar DDR5-6000 (PC5-48000)Reloj f\u00edsico 3000 MHzSincronizaciones Latencia CAS (CL) 36RAS-al-CAS Delay (tRCD) 38Tiempo RAS Precharge (tRP) 38<\/p>\n","protected":false},"featured_media":56592,"comment_status":"open","ping_status":"closed","template":"","meta":{"_uag_custom_page_level_css":""},"product_brand":[556],"product_cat":[112],"product_tag":[],"class_list":{"0":"post-56591","1":"product","2":"type-product","3":"status-publish","4":"has-post-thumbnail","6":"product_brand-kingston","7":"product_cat-mamorias","9":"first","10":"outofstock","11":"sale","12":"taxable","13":"shipping-taxable","14":"purchasable","15":"product-type-simple"},"uagb_featured_image_src":{"full":["https:\/\/rms-enlinea.com.ar\/wp-content\/uploads\/2025\/09\/D_939251-MLA92880606579_092025-F.jpg",1199,647,false],"thumbnail":["https:\/\/rms-enlinea.com.ar\/wp-content\/uploads\/2025\/09\/D_939251-MLA92880606579_092025-F-150x150.jpg",150,150,true],"medium":["https:\/\/rms-enlinea.com.ar\/wp-content\/uploads\/2025\/09\/D_939251-MLA92880606579_092025-F-300x162.jpg",300,162,true],"medium_large":["https:\/\/rms-enlinea.com.ar\/wp-content\/uploads\/2025\/09\/D_939251-MLA92880606579_092025-F-768x414.jpg",768,414,true],"large":["https:\/\/rms-enlinea.com.ar\/wp-content\/uploads\/2025\/09\/D_939251-MLA92880606579_092025-F-1024x553.jpg",1024,553,true],"1536x1536":["https:\/\/rms-enlinea.com.ar\/wp-content\/uploads\/2025\/09\/D_939251-MLA92880606579_092025-F.jpg",1199,647,false],"2048x2048":["https:\/\/rms-enlinea.com.ar\/wp-content\/uploads\/2025\/09\/D_939251-MLA92880606579_092025-F.jpg",1199,647,false],"woocommerce_thumbnail":["https:\/\/rms-enlinea.com.ar\/wp-content\/uploads\/2025\/09\/D_939251-MLA92880606579_092025-F-450x450.jpg",450,450,true],"woocommerce_single":["https:\/\/rms-enlinea.com.ar\/wp-content\/uploads\/2025\/09\/D_939251-MLA92880606579_092025-F-600x324.jpg",600,324,true],"woocommerce_gallery_thumbnail":["https:\/\/rms-enlinea.com.ar\/wp-content\/uploads\/2025\/09\/D_939251-MLA92880606579_092025-F-100x100.jpg",100,100,true]},"uagb_author_info":{"display_name":"nelson","author_link":"https:\/\/rms-enlinea.com.ar\/tienda\/author\/"},"uagb_comment_info":0,"uagb_excerpt":"Tipo SDRAM DDR5Color negroEAN 0740617331714C\u00f3digo del fabricante KF560C36BBE-32Capacidad 32 GBM\u00f3dulos 1 unidad(es)Dise\u00f1o DIMMPerfiles AMD EXPOConexi\u00f3n 288 contactosVoltaje 1,25 voltios (por 1,1 hasta 1,4 voltios)Est\u00e1ndar DDR5-6000 (PC5-48000)Reloj f\u00edsico 3000 MHzSincronizaciones Latencia CAS (CL) 36RAS-al-CAS Delay (tRCD) 38Tiempo RAS Precharge (tRP) 38","_links":{"self":[{"href":"https:\/\/rms-enlinea.com.ar\/tienda\/wp-json\/wp\/v2\/product\/56591","targetHints":{"allow":["GET"]}}],"collection":[{"href":"https:\/\/rms-enlinea.com.ar\/tienda\/wp-json\/wp\/v2\/product"}],"about":[{"href":"https:\/\/rms-enlinea.com.ar\/tienda\/wp-json\/wp\/v2\/types\/product"}],"replies":[{"embeddable":true,"href":"https:\/\/rms-enlinea.com.ar\/tienda\/wp-json\/wp\/v2\/comments?post=56591"}],"wp:featuredmedia":[{"embeddable":true,"href":"https:\/\/rms-enlinea.com.ar\/tienda\/wp-json\/wp\/v2\/media\/56592"}],"wp:attachment":[{"href":"https:\/\/rms-enlinea.com.ar\/tienda\/wp-json\/wp\/v2\/media?parent=56591"}],"wp:term":[{"taxonomy":"product_brand","embeddable":true,"href":"https:\/\/rms-enlinea.com.ar\/tienda\/wp-json\/wp\/v2\/product_brand?post=56591"},{"taxonomy":"product_cat","embeddable":true,"href":"https:\/\/rms-enlinea.com.ar\/tienda\/wp-json\/wp\/v2\/product_cat?post=56591"},{"taxonomy":"product_tag","embeddable":true,"href":"https:\/\/rms-enlinea.com.ar\/tienda\/wp-json\/wp\/v2\/product_tag?post=56591"}],"curies":[{"name":"wp","href":"https:\/\/api.w.org\/{rel}","templated":true}]}}