{"id":56598,"date":"2025-09-19T14:03:29","date_gmt":"2025-09-19T17:03:29","guid":{"rendered":"https:\/\/rms-enlinea.com.ar\/tienda\/producto\/procesador-intel-core-i5-14400f-s1700-10-nucleos-4-70ghz\/"},"modified":"2026-04-06T14:13:39","modified_gmt":"2026-04-06T17:13:39","slug":"procesador-intel-core-i5-14400f-s1700-10-nucleos-4-70ghz","status":"publish","type":"product","link":"https:\/\/rms-enlinea.com.ar\/tienda\/producto\/procesador-intel-core-i5-14400f-s1700-10-nucleos-4-70ghz\/","title":{"rendered":"Procesador Intel Core I5 14400f S1700 10 Nucleos 4.70ghz"},"content":{"rendered":"<p>Cantidad de n\u00facleos: 10<\/p>\n<p>Cantidad de Performance-cores: 6<\/p>\n<p>Cantidad de Efficient-cores: 4<\/p>\n<p>Total de subprocesos: 16<\/p>\n<p>Frecuencia turbo m\u00e1xima: 4.7 GHz<\/p>\n<p>Frecuencia turbo m\u00e1xima del Performance-core: 4.7 GHz<\/p>\n<p>Frecuencia turbo m\u00e1xima de Efficient-core: 3.5 GHz<\/p>\n<p>Frecuencia base de Performance-core: 2.5 GHz<\/p>\n<p>Frecuencia base de Efficient-core: 1.8 GHz<\/p>\n<p>Cach\u00e9: 20 MB Intel\u00ae Smart Cache<\/p>\n<p>Cach\u00e9 L2 total: 9.5 MB<\/p>\n<p>Potencia base del procesador: 65 W<\/p>\n<p>Potencia turbo m\u00e1xima: 148 W<\/p>\n","protected":false},"excerpt":{"rendered":"<p>Cantidad de n\u00facleos: 10 Cantidad de Performance-cores: 6 Cantidad de Efficient-cores: 4 Total de subprocesos: 16 Frecuencia turbo m\u00e1xima: 4.7 GHz Frecuencia turbo m\u00e1xima del Performance-core: 4.7 GHz Frecuencia turbo m\u00e1xima de Efficient-core: 3.5 GHz Frecuencia base de Performance-core: 2.5 GHz Frecuencia base de Efficient-core: 1.8 GHz Cach\u00e9: 20 MB Intel\u00ae Smart Cache Cach\u00e9 L2 [&hellip;]<\/p>\n","protected":false},"featured_media":6687,"comment_status":"open","ping_status":"closed","template":"","meta":{"_uag_custom_page_level_css":""},"product_brand":[530],"product_cat":[121],"product_tag":[],"class_list":{"0":"post-56598","1":"product","2":"type-product","3":"status-publish","4":"has-post-thumbnail","6":"product_brand-intel","7":"product_cat-procesadores-computacion","9":"first","10":"outofstock","11":"sale","12":"taxable","13":"shipping-taxable","14":"purchasable","15":"product-type-simple"},"uagb_featured_image_src":{"full":["https:\/\/rms-enlinea.com.ar\/wp-content\/uploads\/2025\/06\/D_693511-MLA79195913108_092024-F.jpg",1037,1200,false],"thumbnail":["https:\/\/rms-enlinea.com.ar\/wp-content\/uploads\/2025\/06\/D_693511-MLA79195913108_092024-F-150x150.jpg",150,150,true],"medium":["https:\/\/rms-enlinea.com.ar\/wp-content\/uploads\/2025\/06\/D_693511-MLA79195913108_092024-F-259x300.jpg",259,300,true],"medium_large":["https:\/\/rms-enlinea.com.ar\/wp-content\/uploads\/2025\/06\/D_693511-MLA79195913108_092024-F-768x889.jpg",768,889,true],"large":["https:\/\/rms-enlinea.com.ar\/wp-content\/uploads\/2025\/06\/D_693511-MLA79195913108_092024-F-885x1024.jpg",885,1024,true],"1536x1536":["https:\/\/rms-enlinea.com.ar\/wp-content\/uploads\/2025\/06\/D_693511-MLA79195913108_092024-F.jpg",1037,1200,false],"2048x2048":["https:\/\/rms-enlinea.com.ar\/wp-content\/uploads\/2025\/06\/D_693511-MLA79195913108_092024-F.jpg",1037,1200,false],"woocommerce_thumbnail":["https:\/\/rms-enlinea.com.ar\/wp-content\/uploads\/2025\/06\/D_693511-MLA79195913108_092024-F-450x450.jpg",450,450,true],"woocommerce_single":["https:\/\/rms-enlinea.com.ar\/wp-content\/uploads\/2025\/06\/D_693511-MLA79195913108_092024-F-600x694.jpg",600,694,true],"woocommerce_gallery_thumbnail":["https:\/\/rms-enlinea.com.ar\/wp-content\/uploads\/2025\/06\/D_693511-MLA79195913108_092024-F-100x100.jpg",100,100,true]},"uagb_author_info":{"display_name":"nelson","author_link":"https:\/\/rms-enlinea.com.ar\/tienda\/author\/"},"uagb_comment_info":0,"uagb_excerpt":"Cantidad de n\u00facleos: 10 Cantidad de Performance-cores: 6 Cantidad de Efficient-cores: 4 Total de subprocesos: 16 Frecuencia turbo m\u00e1xima: 4.7 GHz Frecuencia turbo m\u00e1xima del Performance-core: 4.7 GHz Frecuencia turbo m\u00e1xima de Efficient-core: 3.5 GHz Frecuencia base de Performance-core: 2.5 GHz Frecuencia base de Efficient-core: 1.8 GHz Cach\u00e9: 20 MB Intel\u00ae Smart Cache Cach\u00e9 L2&hellip;","_links":{"self":[{"href":"https:\/\/rms-enlinea.com.ar\/tienda\/wp-json\/wp\/v2\/product\/56598","targetHints":{"allow":["GET"]}}],"collection":[{"href":"https:\/\/rms-enlinea.com.ar\/tienda\/wp-json\/wp\/v2\/product"}],"about":[{"href":"https:\/\/rms-enlinea.com.ar\/tienda\/wp-json\/wp\/v2\/types\/product"}],"replies":[{"embeddable":true,"href":"https:\/\/rms-enlinea.com.ar\/tienda\/wp-json\/wp\/v2\/comments?post=56598"}],"wp:featuredmedia":[{"embeddable":true,"href":"https:\/\/rms-enlinea.com.ar\/tienda\/wp-json\/wp\/v2\/media\/6687"}],"wp:attachment":[{"href":"https:\/\/rms-enlinea.com.ar\/tienda\/wp-json\/wp\/v2\/media?parent=56598"}],"wp:term":[{"taxonomy":"product_brand","embeddable":true,"href":"https:\/\/rms-enlinea.com.ar\/tienda\/wp-json\/wp\/v2\/product_brand?post=56598"},{"taxonomy":"product_cat","embeddable":true,"href":"https:\/\/rms-enlinea.com.ar\/tienda\/wp-json\/wp\/v2\/product_cat?post=56598"},{"taxonomy":"product_tag","embeddable":true,"href":"https:\/\/rms-enlinea.com.ar\/tienda\/wp-json\/wp\/v2\/product_tag?post=56598"}],"curies":[{"name":"wp","href":"https:\/\/api.w.org\/{rel}","templated":true}]}}