{"id":56599,"date":"2025-09-19T14:10:05","date_gmt":"2025-09-19T17:10:05","guid":{"rendered":"https:\/\/rms-enlinea.com.ar\/tienda\/producto\/procesador-intel-core-i7-14700f-s1700-12-nucleos-5-4ghz\/"},"modified":"2026-03-28T13:20:44","modified_gmt":"2026-03-28T16:20:44","slug":"procesador-intel-core-i7-14700f-s1700-12-nucleos-5-4ghz","status":"publish","type":"product","link":"https:\/\/rms-enlinea.com.ar\/tienda\/producto\/procesador-intel-core-i7-14700f-s1700-12-nucleos-5-4ghz\/","title":{"rendered":"Procesador Intel Core I7 14700f S1700 12 Nucleos 5.4ghz"},"content":{"rendered":"<p>N\u00b0 de n\u00facleos de rendimiento: 8<\/p>\n<p>N\u00b0 de n\u00facleos eficientes: 12<\/p>\n<p>Hilos totales: 28<\/p>\n<p>Frecuencia turbo m\u00e1xima: 5,4 GHz<\/p>\n<p>Tecnolog\u00eda Intel\u00ae Turbo Boost Max 3.0 Frecuencia: 5,4 GHz<\/p>\n<p>Frecuencia turbo m\u00e1xima de n\u00facleo de rendimiento: 5,3 GHz<\/p>\n<p>Frecuencia turbo m\u00e1xima de n\u00facleo eficiente: 4,2 GHz<\/p>\n<p>Frecuencia base de rendimiento: 2,1 GHz<\/p>\n<p>Frecuencia base de n\u00facleo eficiente: 1,5 GHz<\/p>\n<p>Cache: Cach\u00e9 inteligente Intel\u00ae de 33 MB<\/p>\n<p>Cach\u00e9 L2 total: 28 megas<\/p>\n<p>Potencia base del procesador: 65W<\/p>\n<p>Potencia turbo m\u00e1xima: 219W<\/p>\n","protected":false},"excerpt":{"rendered":"<p>N\u00b0 de n\u00facleos de rendimiento: 8 N\u00b0 de n\u00facleos eficientes: 12 Hilos totales: 28 Frecuencia turbo m\u00e1xima: 5,4 GHz Tecnolog\u00eda Intel\u00ae Turbo Boost Max 3.0 Frecuencia: 5,4 GHz Frecuencia turbo m\u00e1xima de n\u00facleo de rendimiento: 5,3 GHz Frecuencia turbo m\u00e1xima de n\u00facleo eficiente: 4,2 GHz Frecuencia base de rendimiento: 2,1 GHz Frecuencia base de n\u00facleo [&hellip;]<\/p>\n","protected":false},"featured_media":43878,"comment_status":"open","ping_status":"closed","template":"","meta":{"_uag_custom_page_level_css":""},"product_brand":[530],"product_cat":[121],"product_tag":[],"class_list":{"0":"post-56599","1":"product","2":"type-product","3":"status-publish","4":"has-post-thumbnail","6":"product_brand-intel","7":"product_cat-procesadores-computacion","9":"first","10":"instock","11":"sale","12":"taxable","13":"shipping-taxable","14":"purchasable","15":"product-type-simple"},"uagb_featured_image_src":{"full":["https:\/\/rms-enlinea.com.ar\/wp-content\/uploads\/2025\/06\/D_635637-MLU74138002274_012024-F.jpg",1109,1184,false],"thumbnail":["https:\/\/rms-enlinea.com.ar\/wp-content\/uploads\/2025\/06\/D_635637-MLU74138002274_012024-F-150x150.jpg",150,150,true],"medium":["https:\/\/rms-enlinea.com.ar\/wp-content\/uploads\/2025\/06\/D_635637-MLU74138002274_012024-F-281x300.jpg",281,300,true],"medium_large":["https:\/\/rms-enlinea.com.ar\/wp-content\/uploads\/2025\/06\/D_635637-MLU74138002274_012024-F-768x820.jpg",768,820,true],"large":["https:\/\/rms-enlinea.com.ar\/wp-content\/uploads\/2025\/06\/D_635637-MLU74138002274_012024-F-959x1024.jpg",959,1024,true],"1536x1536":["https:\/\/rms-enlinea.com.ar\/wp-content\/uploads\/2025\/06\/D_635637-MLU74138002274_012024-F.jpg",1109,1184,false],"2048x2048":["https:\/\/rms-enlinea.com.ar\/wp-content\/uploads\/2025\/06\/D_635637-MLU74138002274_012024-F.jpg",1109,1184,false],"woocommerce_thumbnail":["https:\/\/rms-enlinea.com.ar\/wp-content\/uploads\/2025\/06\/D_635637-MLU74138002274_012024-F-450x450.jpg",450,450,true],"woocommerce_single":["https:\/\/rms-enlinea.com.ar\/wp-content\/uploads\/2025\/06\/D_635637-MLU74138002274_012024-F-600x641.jpg",600,641,true],"woocommerce_gallery_thumbnail":["https:\/\/rms-enlinea.com.ar\/wp-content\/uploads\/2025\/06\/D_635637-MLU74138002274_012024-F-100x100.jpg",100,100,true]},"uagb_author_info":{"display_name":"nelson","author_link":"https:\/\/rms-enlinea.com.ar\/tienda\/author\/"},"uagb_comment_info":0,"uagb_excerpt":"N\u00b0 de n\u00facleos de rendimiento: 8 N\u00b0 de n\u00facleos eficientes: 12 Hilos totales: 28 Frecuencia turbo m\u00e1xima: 5,4 GHz Tecnolog\u00eda Intel\u00ae Turbo Boost Max 3.0 Frecuencia: 5,4 GHz Frecuencia turbo m\u00e1xima de n\u00facleo de rendimiento: 5,3 GHz Frecuencia turbo m\u00e1xima de n\u00facleo eficiente: 4,2 GHz Frecuencia base de rendimiento: 2,1 GHz Frecuencia base de n\u00facleo&hellip;","_links":{"self":[{"href":"https:\/\/rms-enlinea.com.ar\/tienda\/wp-json\/wp\/v2\/product\/56599","targetHints":{"allow":["GET"]}}],"collection":[{"href":"https:\/\/rms-enlinea.com.ar\/tienda\/wp-json\/wp\/v2\/product"}],"about":[{"href":"https:\/\/rms-enlinea.com.ar\/tienda\/wp-json\/wp\/v2\/types\/product"}],"replies":[{"embeddable":true,"href":"https:\/\/rms-enlinea.com.ar\/tienda\/wp-json\/wp\/v2\/comments?post=56599"}],"wp:featuredmedia":[{"embeddable":true,"href":"https:\/\/rms-enlinea.com.ar\/tienda\/wp-json\/wp\/v2\/media\/43878"}],"wp:attachment":[{"href":"https:\/\/rms-enlinea.com.ar\/tienda\/wp-json\/wp\/v2\/media?parent=56599"}],"wp:term":[{"taxonomy":"product_brand","embeddable":true,"href":"https:\/\/rms-enlinea.com.ar\/tienda\/wp-json\/wp\/v2\/product_brand?post=56599"},{"taxonomy":"product_cat","embeddable":true,"href":"https:\/\/rms-enlinea.com.ar\/tienda\/wp-json\/wp\/v2\/product_cat?post=56599"},{"taxonomy":"product_tag","embeddable":true,"href":"https:\/\/rms-enlinea.com.ar\/tienda\/wp-json\/wp\/v2\/product_tag?post=56599"}],"curies":[{"name":"wp","href":"https:\/\/api.w.org\/{rel}","templated":true}]}}