{"id":56601,"date":"2025-09-19T23:50:06","date_gmt":"2025-09-20T02:50:06","guid":{"rendered":"https:\/\/rms-enlinea.com.ar\/tienda\/producto\/pasta-termica-corsair-xtm70-de-alto-rendimiento-cpu-gpu\/"},"modified":"2026-04-06T11:52:41","modified_gmt":"2026-04-06T14:52:41","slug":"pasta-termica-corsair-xtm70-de-alto-rendimiento-cpu-gpu","status":"publish","type":"product","link":"https:\/\/rms-enlinea.com.ar\/tienda\/producto\/pasta-termica-corsair-xtm70-de-alto-rendimiento-cpu-gpu\/","title":{"rendered":"Pasta Termica Corsair Xtm70 De Alto Rendimiento Cpu Gpu"},"content":{"rendered":"<p>La pasta t\u00e9rmica de rendimiento extremo XTM70 incluye un kit aplicador, que facilita la aplicaci\u00f3n de una capa uniforme sobre una placa refrigerante, y tres toallitas limpiadoras, que permiten eliminar f\u00e1cilmente la pasta anterior de su hardware.<\/p>\n<p>Con 3 g de pasta no conductora de electricidad, la pasta XTM70 es compatible con el enfriamiento extremo de la CPU y temperaturas m\u00e1s bajas sin secado ni agrietamiento.<\/p>\n<p>* El aplicador funciona con la mayor\u00eda de las CPU Intel (LGA 115x|1200|1700) y AMD (AM4, AM5)<\/p>\n","protected":false},"excerpt":{"rendered":"<p>La pasta t\u00e9rmica de rendimiento extremo XTM70 incluye un kit aplicador, que facilita la aplicaci\u00f3n de una capa uniforme sobre una placa refrigerante, y tres toallitas limpiadoras, que permiten eliminar f\u00e1cilmente la pasta anterior de su hardware. Con 3 g de pasta no conductora de electricidad, la pasta XTM70 es compatible con el enfriamiento extremo [&hellip;]<\/p>\n","protected":false},"featured_media":56602,"comment_status":"open","ping_status":"closed","template":"","meta":{"_uag_custom_page_level_css":""},"product_brand":[555],"product_cat":[463],"product_tag":[],"class_list":{"0":"post-56601","1":"product","2":"type-product","3":"status-publish","4":"has-post-thumbnail","6":"product_brand-corsair","7":"product_cat-mantenimiento","9":"first","10":"outofstock","11":"sale","12":"taxable","13":"shipping-taxable","14":"purchasable","15":"product-type-simple"},"uagb_featured_image_src":{"full":["https:\/\/rms-enlinea.com.ar\/wp-content\/uploads\/2025\/09\/D_742507-MLA92861672737_092025-F.jpg",1074,1118,false],"thumbnail":["https:\/\/rms-enlinea.com.ar\/wp-content\/uploads\/2025\/09\/D_742507-MLA92861672737_092025-F-150x150.jpg",150,150,true],"medium":["https:\/\/rms-enlinea.com.ar\/wp-content\/uploads\/2025\/09\/D_742507-MLA92861672737_092025-F-288x300.jpg",288,300,true],"medium_large":["https:\/\/rms-enlinea.com.ar\/wp-content\/uploads\/2025\/09\/D_742507-MLA92861672737_092025-F-768x799.jpg",768,799,true],"large":["https:\/\/rms-enlinea.com.ar\/wp-content\/uploads\/2025\/09\/D_742507-MLA92861672737_092025-F-984x1024.jpg",984,1024,true],"1536x1536":["https:\/\/rms-enlinea.com.ar\/wp-content\/uploads\/2025\/09\/D_742507-MLA92861672737_092025-F.jpg",1074,1118,false],"2048x2048":["https:\/\/rms-enlinea.com.ar\/wp-content\/uploads\/2025\/09\/D_742507-MLA92861672737_092025-F.jpg",1074,1118,false],"woocommerce_thumbnail":["https:\/\/rms-enlinea.com.ar\/wp-content\/uploads\/2025\/09\/D_742507-MLA92861672737_092025-F-450x450.jpg",450,450,true],"woocommerce_single":["https:\/\/rms-enlinea.com.ar\/wp-content\/uploads\/2025\/09\/D_742507-MLA92861672737_092025-F-600x625.jpg",600,625,true],"woocommerce_gallery_thumbnail":["https:\/\/rms-enlinea.com.ar\/wp-content\/uploads\/2025\/09\/D_742507-MLA92861672737_092025-F-100x100.jpg",100,100,true]},"uagb_author_info":{"display_name":"nelson","author_link":"https:\/\/rms-enlinea.com.ar\/tienda\/author\/"},"uagb_comment_info":0,"uagb_excerpt":"La pasta t\u00e9rmica de rendimiento extremo XTM70 incluye un kit aplicador, que facilita la aplicaci\u00f3n de una capa uniforme sobre una placa refrigerante, y tres toallitas limpiadoras, que permiten eliminar f\u00e1cilmente la pasta anterior de su hardware. Con 3 g de pasta no conductora de electricidad, la pasta XTM70 es compatible con el enfriamiento extremo&hellip;","_links":{"self":[{"href":"https:\/\/rms-enlinea.com.ar\/tienda\/wp-json\/wp\/v2\/product\/56601","targetHints":{"allow":["GET"]}}],"collection":[{"href":"https:\/\/rms-enlinea.com.ar\/tienda\/wp-json\/wp\/v2\/product"}],"about":[{"href":"https:\/\/rms-enlinea.com.ar\/tienda\/wp-json\/wp\/v2\/types\/product"}],"replies":[{"embeddable":true,"href":"https:\/\/rms-enlinea.com.ar\/tienda\/wp-json\/wp\/v2\/comments?post=56601"}],"wp:featuredmedia":[{"embeddable":true,"href":"https:\/\/rms-enlinea.com.ar\/tienda\/wp-json\/wp\/v2\/media\/56602"}],"wp:attachment":[{"href":"https:\/\/rms-enlinea.com.ar\/tienda\/wp-json\/wp\/v2\/media?parent=56601"}],"wp:term":[{"taxonomy":"product_brand","embeddable":true,"href":"https:\/\/rms-enlinea.com.ar\/tienda\/wp-json\/wp\/v2\/product_brand?post=56601"},{"taxonomy":"product_cat","embeddable":true,"href":"https:\/\/rms-enlinea.com.ar\/tienda\/wp-json\/wp\/v2\/product_cat?post=56601"},{"taxonomy":"product_tag","embeddable":true,"href":"https:\/\/rms-enlinea.com.ar\/tienda\/wp-json\/wp\/v2\/product_tag?post=56601"}],"curies":[{"name":"wp","href":"https:\/\/api.w.org\/{rel}","templated":true}]}}