{"id":56606,"date":"2025-09-20T03:20:21","date_gmt":"2025-09-20T06:20:21","guid":{"rendered":"https:\/\/rms-enlinea.com.ar\/tienda\/producto\/subwoofer-18-1100w-rms-bafle-activo-xp-audio-a9\/"},"modified":"2026-03-31T19:22:53","modified_gmt":"2026-03-31T22:22:53","slug":"subwoofer-18-1100w-rms-bafle-activo-xp-audio-a9","status":"publish","type":"product","link":"https:\/\/rms-enlinea.com.ar\/tienda\/producto\/subwoofer-18-1100w-rms-bafle-activo-xp-audio-a9\/","title":{"rendered":"Subwoofer 18 1100w Rms Bafle Activo Xp Audio Kronos 18a A9"},"content":{"rendered":"<p>El Subwoofer 18&#8243; 1100W RMS bafle Activo XP Audio A9 es una potente soluci\u00f3n de sonido dise\u00f1ada para quienes buscan calidad y rendimiento en sus eventos. Con una potencia de salida de 1100 W RMS, este equipo est\u00e1 dise\u00f1ado para ofrecer un audio profundo y envolvente, ideal para fiestas, conciertos y presentaciones en vivo. Su sistema de parlante XLR garantiza una conexi\u00f3n con un sonido \u00f3ptimo y sin interferencias, brindando una experiencia auditiva de alta fidelidad.<\/p>\n<p>El modelo A9 incorpora un procesador digital de se\u00f1ales (DSP) con pre seteos de ecualizaci\u00f3n y cortes de frecuencia, lo que permite una personalizaci\u00f3n del sonido adaptada a diferentes entornos. Colocado en el suelo y con un formato frontal, su dise\u00f1o facilita la integraci\u00f3n en espacios diversos, asegurando que cada nota resuene de manera clara y poderosa. A pesar de su robustez, est\u00e1 pensado para ser accesible y funcional, ideal para profesionales del sonido y aficionados por igual.<\/p>\n<p>Este subwoofer listo para funcionar con una simple conexi\u00f3n a 220v, asegurando un rendimiento constante, se enfoca en la pureza del sonido y la facilidad de uso, permitiendo que los usuarios se concentren en lo que realmente importa: la m\u00fasica.<\/p>\n<p>Con el XP Audio A9, cada evento se transforma en una experiencia sonora que cautiva a todos los asistentes, gracias a su dise\u00f1o eficiente y poderoso. Ideal para quienes buscan un equipo s\u00f3lido y confiable, este subwoofer es la elecci\u00f3n perfecta para aquellos que valoran la calidad y el rendimiento en sus sistemas de sonido.<\/p>\n<p>Especificaciones:<br \/>\n-Tipo de Altavoz: Subwoofer Activo de 18&#8243;, Bass-Reflex<br \/>\n-Tipo de Amplificador: Clase D<br \/>\n-Potencia RMS: 1100 W<br \/>\n-Bajo (LF): 18&#8243;<br \/>\n-Bobina de 4.0&#8243;<br \/>\n-Rango de Frecuencia (-10 dB): 35 Hz &#8211; 150 Hz<br \/>\n-Nivel M\u00e1ximo de Salida (1 m; en el eje): 128 dB SPL<br \/>\n-Entrada: XLR &amp; 6.35 mm x2<br \/>\n-Salida: XLR x2<br \/>\n-Conexi\u00f3n para Poste: 35 mm<br \/>\n-Material: MDF 18 mm<br \/>\n-Dimensiones: 61cm (ancho) x 77cm (alto) x 76cm (largo)<br \/>\n-Peso: 50.60 Kg<\/p>\n","protected":false},"excerpt":{"rendered":"<p>El Subwoofer 18&#8243; 1100W RMS bafle Activo XP Audio A9 es una potente soluci\u00f3n de sonido dise\u00f1ada para quienes buscan calidad y rendimiento en sus eventos. Con una potencia de salida de 1100 W RMS, este equipo est\u00e1 dise\u00f1ado para ofrecer un audio profundo y envolvente, ideal para fiestas, conciertos y presentaciones en vivo. Su [&hellip;]<\/p>\n","protected":false},"featured_media":56607,"comment_status":"open","ping_status":"closed","template":"","meta":{"_uag_custom_page_level_css":""},"product_brand":[662],"product_cat":[36],"product_tag":[],"class_list":{"0":"post-56606","1":"product","2":"type-product","3":"status-publish","4":"has-post-thumbnail","6":"product_brand-xp-audio","7":"product_cat-bafles","9":"first","10":"outofstock","11":"sale","12":"taxable","13":"shipping-taxable","14":"purchasable","15":"product-type-simple"},"uagb_featured_image_src":{"full":["https:\/\/rms-enlinea.com.ar\/wp-content\/uploads\/2025\/09\/D_730481-MLA92510668490_092025-F.jpg",1111,1200,false],"thumbnail":["https:\/\/rms-enlinea.com.ar\/wp-content\/uploads\/2025\/09\/D_730481-MLA92510668490_092025-F-150x150.jpg",150,150,true],"medium":["https:\/\/rms-enlinea.com.ar\/wp-content\/uploads\/2025\/09\/D_730481-MLA92510668490_092025-F-278x300.jpg",278,300,true],"medium_large":["https:\/\/rms-enlinea.com.ar\/wp-content\/uploads\/2025\/09\/D_730481-MLA92510668490_092025-F-768x830.jpg",768,830,true],"large":["https:\/\/rms-enlinea.com.ar\/wp-content\/uploads\/2025\/09\/D_730481-MLA92510668490_092025-F-948x1024.jpg",948,1024,true],"1536x1536":["https:\/\/rms-enlinea.com.ar\/wp-content\/uploads\/2025\/09\/D_730481-MLA92510668490_092025-F.jpg",1111,1200,false],"2048x2048":["https:\/\/rms-enlinea.com.ar\/wp-content\/uploads\/2025\/09\/D_730481-MLA92510668490_092025-F.jpg",1111,1200,false],"woocommerce_thumbnail":["https:\/\/rms-enlinea.com.ar\/wp-content\/uploads\/2025\/09\/D_730481-MLA92510668490_092025-F-450x450.jpg",450,450,true],"woocommerce_single":["https:\/\/rms-enlinea.com.ar\/wp-content\/uploads\/2025\/09\/D_730481-MLA92510668490_092025-F-600x648.jpg",600,648,true],"woocommerce_gallery_thumbnail":["https:\/\/rms-enlinea.com.ar\/wp-content\/uploads\/2025\/09\/D_730481-MLA92510668490_092025-F-100x100.jpg",100,100,true]},"uagb_author_info":{"display_name":"nelson","author_link":"https:\/\/rms-enlinea.com.ar\/tienda\/author\/"},"uagb_comment_info":0,"uagb_excerpt":"El Subwoofer 18&#8243; 1100W RMS bafle Activo XP Audio A9 es una potente soluci\u00f3n de sonido dise\u00f1ada para quienes buscan calidad y rendimiento en sus eventos. Con una potencia de salida de 1100 W RMS, este equipo est\u00e1 dise\u00f1ado para ofrecer un audio profundo y envolvente, ideal para fiestas, conciertos y presentaciones en vivo. Su&hellip;","_links":{"self":[{"href":"https:\/\/rms-enlinea.com.ar\/tienda\/wp-json\/wp\/v2\/product\/56606","targetHints":{"allow":["GET"]}}],"collection":[{"href":"https:\/\/rms-enlinea.com.ar\/tienda\/wp-json\/wp\/v2\/product"}],"about":[{"href":"https:\/\/rms-enlinea.com.ar\/tienda\/wp-json\/wp\/v2\/types\/product"}],"replies":[{"embeddable":true,"href":"https:\/\/rms-enlinea.com.ar\/tienda\/wp-json\/wp\/v2\/comments?post=56606"}],"wp:featuredmedia":[{"embeddable":true,"href":"https:\/\/rms-enlinea.com.ar\/tienda\/wp-json\/wp\/v2\/media\/56607"}],"wp:attachment":[{"href":"https:\/\/rms-enlinea.com.ar\/tienda\/wp-json\/wp\/v2\/media?parent=56606"}],"wp:term":[{"taxonomy":"product_brand","embeddable":true,"href":"https:\/\/rms-enlinea.com.ar\/tienda\/wp-json\/wp\/v2\/product_brand?post=56606"},{"taxonomy":"product_cat","embeddable":true,"href":"https:\/\/rms-enlinea.com.ar\/tienda\/wp-json\/wp\/v2\/product_cat?post=56606"},{"taxonomy":"product_tag","embeddable":true,"href":"https:\/\/rms-enlinea.com.ar\/tienda\/wp-json\/wp\/v2\/product_tag?post=56606"}],"curies":[{"name":"wp","href":"https:\/\/api.w.org\/{rel}","templated":true}]}}