{"id":56615,"date":"2025-09-20T09:10:33","date_gmt":"2025-09-20T12:10:33","guid":{"rendered":"https:\/\/rms-enlinea.com.ar\/tienda\/producto\/driver-de-titanio-1-pulgada-30w-bafle-parlante-ampro-td130\/"},"modified":"2026-03-26T02:32:11","modified_gmt":"2026-03-26T05:32:11","slug":"driver-de-titanio-1-pulgada-30w-bafle-parlante-ampro-td130","status":"publish","type":"product","link":"https:\/\/rms-enlinea.com.ar\/tienda\/producto\/driver-de-titanio-1-pulgada-30w-bafle-parlante-ampro-td130\/","title":{"rendered":"Driver De Titanio 1 Pulgada 30w Bafle Parlante Ampro Td130"},"content":{"rendered":"<p>Caracter\u00edsticas<br \/>\nPotencia: 30W<br \/>\nRespuesta en frecuencia: 1.5Khz &#8211; 18 Khz<br \/>\nImpedancia: 8 oHms<\/p>\n<p>F\u00edsico<br \/>\nMaterial: Titanio Boca de salida: 1\u201d<br \/>\nTama\u00f1o de la bobina: 24 mm.<br \/>\nDi\u00e1metro del im\u00e1n: 79 mm.<br \/>\nDimensiones: 90x90x68 mm<br \/>\nPeso: 0.7 Kg.<\/p>\n","protected":false},"excerpt":{"rendered":"<p>Caracter\u00edsticas Potencia: 30W Respuesta en frecuencia: 1.5Khz &#8211; 18 Khz Impedancia: 8 oHms F\u00edsico Material: Titanio Boca de salida: 1\u201d Tama\u00f1o de la bobina: 24 mm. Di\u00e1metro del im\u00e1n: 79 mm. Dimensiones: 90x90x68 mm Peso: 0.7 Kg.<\/p>\n","protected":false},"featured_media":56616,"comment_status":"open","ping_status":"closed","template":"","meta":{"_uag_custom_page_level_css":""},"product_brand":[477],"product_cat":[62],"product_tag":[],"class_list":{"0":"post-56615","1":"product","2":"type-product","3":"status-publish","4":"has-post-thumbnail","6":"product_brand-ampro","7":"product_cat-drivers","9":"first","10":"instock","11":"sale","12":"taxable","13":"shipping-taxable","14":"purchasable","15":"product-type-simple"},"uagb_featured_image_src":{"full":["https:\/\/rms-enlinea.com.ar\/wp-content\/uploads\/2025\/09\/D_949253-MLA92539407592_092025-F.jpg",841,809,false],"thumbnail":["https:\/\/rms-enlinea.com.ar\/wp-content\/uploads\/2025\/09\/D_949253-MLA92539407592_092025-F-150x150.jpg",150,150,true],"medium":["https:\/\/rms-enlinea.com.ar\/wp-content\/uploads\/2025\/09\/D_949253-MLA92539407592_092025-F-300x289.jpg",300,289,true],"medium_large":["https:\/\/rms-enlinea.com.ar\/wp-content\/uploads\/2025\/09\/D_949253-MLA92539407592_092025-F-768x739.jpg",768,739,true],"large":["https:\/\/rms-enlinea.com.ar\/wp-content\/uploads\/2025\/09\/D_949253-MLA92539407592_092025-F.jpg",841,809,false],"1536x1536":["https:\/\/rms-enlinea.com.ar\/wp-content\/uploads\/2025\/09\/D_949253-MLA92539407592_092025-F.jpg",841,809,false],"2048x2048":["https:\/\/rms-enlinea.com.ar\/wp-content\/uploads\/2025\/09\/D_949253-MLA92539407592_092025-F.jpg",841,809,false],"woocommerce_thumbnail":["https:\/\/rms-enlinea.com.ar\/wp-content\/uploads\/2025\/09\/D_949253-MLA92539407592_092025-F-450x450.jpg",450,450,true],"woocommerce_single":["https:\/\/rms-enlinea.com.ar\/wp-content\/uploads\/2025\/09\/D_949253-MLA92539407592_092025-F-600x577.jpg",600,577,true],"woocommerce_gallery_thumbnail":["https:\/\/rms-enlinea.com.ar\/wp-content\/uploads\/2025\/09\/D_949253-MLA92539407592_092025-F-100x100.jpg",100,100,true]},"uagb_author_info":{"display_name":"nelson","author_link":"https:\/\/rms-enlinea.com.ar\/tienda\/author\/"},"uagb_comment_info":0,"uagb_excerpt":"Caracter\u00edsticas Potencia: 30W Respuesta en frecuencia: 1.5Khz &#8211; 18 Khz Impedancia: 8 oHms F\u00edsico Material: Titanio Boca de salida: 1\u201d Tama\u00f1o de la bobina: 24 mm. Di\u00e1metro del im\u00e1n: 79 mm. Dimensiones: 90x90x68 mm Peso: 0.7 Kg.","_links":{"self":[{"href":"https:\/\/rms-enlinea.com.ar\/tienda\/wp-json\/wp\/v2\/product\/56615","targetHints":{"allow":["GET"]}}],"collection":[{"href":"https:\/\/rms-enlinea.com.ar\/tienda\/wp-json\/wp\/v2\/product"}],"about":[{"href":"https:\/\/rms-enlinea.com.ar\/tienda\/wp-json\/wp\/v2\/types\/product"}],"replies":[{"embeddable":true,"href":"https:\/\/rms-enlinea.com.ar\/tienda\/wp-json\/wp\/v2\/comments?post=56615"}],"wp:featuredmedia":[{"embeddable":true,"href":"https:\/\/rms-enlinea.com.ar\/tienda\/wp-json\/wp\/v2\/media\/56616"}],"wp:attachment":[{"href":"https:\/\/rms-enlinea.com.ar\/tienda\/wp-json\/wp\/v2\/media?parent=56615"}],"wp:term":[{"taxonomy":"product_brand","embeddable":true,"href":"https:\/\/rms-enlinea.com.ar\/tienda\/wp-json\/wp\/v2\/product_brand?post=56615"},{"taxonomy":"product_cat","embeddable":true,"href":"https:\/\/rms-enlinea.com.ar\/tienda\/wp-json\/wp\/v2\/product_cat?post=56615"},{"taxonomy":"product_tag","embeddable":true,"href":"https:\/\/rms-enlinea.com.ar\/tienda\/wp-json\/wp\/v2\/product_tag?post=56615"}],"curies":[{"name":"wp","href":"https:\/\/api.w.org\/{rel}","templated":true}]}}