{"id":56626,"date":"2025-09-20T09:50:16","date_gmt":"2025-09-20T12:50:16","guid":{"rendered":"https:\/\/rms-enlinea.com.ar\/tienda\/producto\/placa-de-video-gigabyte-radeon-rx-9060xt-gaming-oc-16gb\/"},"modified":"2026-04-21T04:35:01","modified_gmt":"2026-04-21T07:35:01","slug":"placa-de-video-gigabyte-radeon-rx-9060xt-gaming-oc-16gb","status":"publish","type":"product","link":"https:\/\/rms-enlinea.com.ar\/tienda\/producto\/placa-de-video-gigabyte-radeon-rx-9060xt-gaming-oc-16gb\/","title":{"rendered":"Placa De Video Gigabyte Radeon Rx 9060xt Gaming Oc 16gb"},"content":{"rendered":"<p>Core Clock\tTBD<br \/>Corriente de procesadores\tTBD<br \/>Reloj de memoria\t20 Gbps<br \/>Tama\u00f1o de la memoria\t16GB<br \/>Tipo de memoria\tGDDR6<br \/>Autob\u00fas de memoria\t128 bits<br \/>Bus de la tarjeta\tPCI-E 5.0<br \/>Resoluci\u00f3n max digital\t7680 x 4320<br \/>Multi-visi\u00f3n\t3<br \/>Tama\u00f1o de la tarjeta\tL=281 W=118 H=40 mm<br \/>Formulario de PCB\tATX<br \/>DirectX\tDirectX 12 API<br \/>OpenGL\tOpenGL 4.6<br \/>Aplicaci\u00f3n recomendada\t450W<br \/>Conectores de energ\u00eda\t8 pin*1<br \/>Puertos\tDisplayPort 2.1a x2<br \/> \tHDMI 2.1b x1<\/p>\n","protected":false},"excerpt":{"rendered":"<p>Core Clock TBDCorriente de procesadores TBDReloj de memoria 20 GbpsTama\u00f1o de la memoria 16GBTipo de memoria GDDR6Autob\u00fas de memoria 128 bitsBus de la tarjeta PCI-E 5.0Resoluci\u00f3n max digital 7680 x 4320Multi-visi\u00f3n 3Tama\u00f1o de la tarjeta L=281 W=118 H=40 mmFormulario de PCB ATXDirectX DirectX 12 APIOpenGL OpenGL 4.6Aplicaci\u00f3n recomendada 450WConectores de energ\u00eda 8 pin*1Puertos DisplayPort 2.1a [&hellip;]<\/p>\n","protected":false},"featured_media":1102,"comment_status":"open","ping_status":"closed","template":"","meta":{"_uag_custom_page_level_css":""},"product_brand":[532],"product_cat":[120],"product_tag":[],"class_list":{"0":"post-56626","1":"product","2":"type-product","3":"status-publish","4":"has-post-thumbnail","6":"product_brand-gigabyte","7":"product_cat-placas-de-video","9":"first","10":"outofstock","11":"sale","12":"taxable","13":"shipping-taxable","14":"purchasable","15":"product-type-simple"},"uagb_featured_image_src":{"full":["https:\/\/rms-enlinea.com.ar\/wp-content\/uploads\/2025\/06\/D_726106-MLA85703316393_062025-F.jpg",1200,1127,false],"thumbnail":["https:\/\/rms-enlinea.com.ar\/wp-content\/uploads\/2025\/06\/D_726106-MLA85703316393_062025-F-150x150.jpg",150,150,true],"medium":["https:\/\/rms-enlinea.com.ar\/wp-content\/uploads\/2025\/06\/D_726106-MLA85703316393_062025-F-300x282.jpg",300,282,true],"medium_large":["https:\/\/rms-enlinea.com.ar\/wp-content\/uploads\/2025\/06\/D_726106-MLA85703316393_062025-F-768x721.jpg",768,721,true],"large":["https:\/\/rms-enlinea.com.ar\/wp-content\/uploads\/2025\/06\/D_726106-MLA85703316393_062025-F-1024x962.jpg",1024,962,true],"1536x1536":["https:\/\/rms-enlinea.com.ar\/wp-content\/uploads\/2025\/06\/D_726106-MLA85703316393_062025-F.jpg",1200,1127,false],"2048x2048":["https:\/\/rms-enlinea.com.ar\/wp-content\/uploads\/2025\/06\/D_726106-MLA85703316393_062025-F.jpg",1200,1127,false],"woocommerce_thumbnail":["https:\/\/rms-enlinea.com.ar\/wp-content\/uploads\/2025\/06\/D_726106-MLA85703316393_062025-F-450x450.jpg",450,450,true],"woocommerce_single":["https:\/\/rms-enlinea.com.ar\/wp-content\/uploads\/2025\/06\/D_726106-MLA85703316393_062025-F-600x564.jpg",600,564,true],"woocommerce_gallery_thumbnail":["https:\/\/rms-enlinea.com.ar\/wp-content\/uploads\/2025\/06\/D_726106-MLA85703316393_062025-F-100x100.jpg",100,100,true]},"uagb_author_info":{"display_name":"nelson","author_link":"https:\/\/rms-enlinea.com.ar\/tienda\/author\/"},"uagb_comment_info":0,"uagb_excerpt":"Core Clock TBDCorriente de procesadores TBDReloj de memoria 20 GbpsTama\u00f1o de la memoria 16GBTipo de memoria GDDR6Autob\u00fas de memoria 128 bitsBus de la tarjeta PCI-E 5.0Resoluci\u00f3n max digital 7680 x 4320Multi-visi\u00f3n 3Tama\u00f1o de la tarjeta L=281 W=118 H=40 mmFormulario de PCB ATXDirectX DirectX 12 APIOpenGL OpenGL 4.6Aplicaci\u00f3n recomendada 450WConectores de energ\u00eda 8 pin*1Puertos DisplayPort 2.1a&hellip;","_links":{"self":[{"href":"https:\/\/rms-enlinea.com.ar\/tienda\/wp-json\/wp\/v2\/product\/56626","targetHints":{"allow":["GET"]}}],"collection":[{"href":"https:\/\/rms-enlinea.com.ar\/tienda\/wp-json\/wp\/v2\/product"}],"about":[{"href":"https:\/\/rms-enlinea.com.ar\/tienda\/wp-json\/wp\/v2\/types\/product"}],"replies":[{"embeddable":true,"href":"https:\/\/rms-enlinea.com.ar\/tienda\/wp-json\/wp\/v2\/comments?post=56626"}],"wp:featuredmedia":[{"embeddable":true,"href":"https:\/\/rms-enlinea.com.ar\/tienda\/wp-json\/wp\/v2\/media\/1102"}],"wp:attachment":[{"href":"https:\/\/rms-enlinea.com.ar\/tienda\/wp-json\/wp\/v2\/media?parent=56626"}],"wp:term":[{"taxonomy":"product_brand","embeddable":true,"href":"https:\/\/rms-enlinea.com.ar\/tienda\/wp-json\/wp\/v2\/product_brand?post=56626"},{"taxonomy":"product_cat","embeddable":true,"href":"https:\/\/rms-enlinea.com.ar\/tienda\/wp-json\/wp\/v2\/product_cat?post=56626"},{"taxonomy":"product_tag","embeddable":true,"href":"https:\/\/rms-enlinea.com.ar\/tienda\/wp-json\/wp\/v2\/product_tag?post=56626"}],"curies":[{"name":"wp","href":"https:\/\/api.w.org\/{rel}","templated":true}]}}