{"id":56628,"date":"2025-09-20T09:50:57","date_gmt":"2025-09-20T12:50:57","guid":{"rendered":"https:\/\/rms-enlinea.com.ar\/tienda\/producto\/placa-de-video-gigabyte-rtx-5060ti-eagle-oc-ice-8gb\/"},"modified":"2026-04-21T06:38:59","modified_gmt":"2026-04-21T09:38:59","slug":"placa-de-video-gigabyte-rtx-5060ti-eagle-oc-ice-8gb","status":"publish","type":"product","link":"https:\/\/rms-enlinea.com.ar\/tienda\/producto\/placa-de-video-gigabyte-rtx-5060ti-eagle-oc-ice-8gb\/","title":{"rendered":"Placa De Video Gigabyte Rtx 5060ti Eagle Oc Ice 8gb"},"content":{"rendered":"<p>Procesamiento de gr\u00e1ficos GeForce RTX\u2122 5060 Ti<\/p>\n<p>Reloj central 2617 MHz (Tarjeta de referencia: 2572 MHz)<\/p>\n<p>N\u00facleos CUDA\u00ae 4608<\/p>\n<p>Reloj de memoria 28 Gbps<\/p>\n<p>Tama\u00f1o de la memoria 8 GB<\/p>\n<p>Tipo de memoria GDDR7<\/p>\n<p>Bus de memoria 128 bits<\/p>\n<p>Autob\u00fas de tarjetas PCI-E 5.0<\/p>\n<p>Resoluci\u00f3n m\u00e1xima digital 7680&#215;4320<\/p>\n<p>Vista m\u00faltiple 4<\/p>\n<p>Tama\u00f1o de la tarjeta Largo=215 Ancho=122 Alto=40 mm<\/p>\n<p>Formulario de PCB ATX<\/p>\n<p>DirectX API de DirectX 12<\/p>\n<p>OpenGL 4.6<\/p>\n<p>Fuente de alimentaci\u00f3n recomendada 650 W<\/p>\n<p>Conectores de alimentaci\u00f3n 8 pines*1<\/p>\n<p>Producci\u00f3n DisplayPort 2.1b *3 HDMI 2.1b *1<\/p>\n<p>Accesorios Gu\u00eda r\u00e1pida<\/p>\n","protected":false},"excerpt":{"rendered":"<p>Procesamiento de gr\u00e1ficos GeForce RTX\u2122 5060 Ti Reloj central 2617 MHz (Tarjeta de referencia: 2572 MHz) N\u00facleos CUDA\u00ae 4608 Reloj de memoria 28 Gbps Tama\u00f1o de la memoria 8 GB Tipo de memoria GDDR7 Bus de memoria 128 bits Autob\u00fas de tarjetas PCI-E 5.0 Resoluci\u00f3n m\u00e1xima digital 7680&#215;4320 Vista m\u00faltiple 4 Tama\u00f1o de la tarjeta [&hellip;]<\/p>\n","protected":false},"featured_media":56629,"comment_status":"open","ping_status":"closed","template":"","meta":{"_uag_custom_page_level_css":""},"product_brand":[532],"product_cat":[120],"product_tag":[],"class_list":{"0":"post-56628","1":"product","2":"type-product","3":"status-publish","4":"has-post-thumbnail","6":"product_brand-gigabyte","7":"product_cat-placas-de-video","9":"first","10":"outofstock","11":"sale","12":"taxable","13":"shipping-taxable","14":"purchasable","15":"product-type-simple"},"uagb_featured_image_src":{"full":["https:\/\/rms-enlinea.com.ar\/wp-content\/uploads\/2025\/09\/D_913901-MLA92951992931_092025-F.jpg",1192,1199,false],"thumbnail":["https:\/\/rms-enlinea.com.ar\/wp-content\/uploads\/2025\/09\/D_913901-MLA92951992931_092025-F-150x150.jpg",150,150,true],"medium":["https:\/\/rms-enlinea.com.ar\/wp-content\/uploads\/2025\/09\/D_913901-MLA92951992931_092025-F-298x300.jpg",298,300,true],"medium_large":["https:\/\/rms-enlinea.com.ar\/wp-content\/uploads\/2025\/09\/D_913901-MLA92951992931_092025-F-768x773.jpg",768,773,true],"large":["https:\/\/rms-enlinea.com.ar\/wp-content\/uploads\/2025\/09\/D_913901-MLA92951992931_092025-F-1018x1024.jpg",1018,1024,true],"1536x1536":["https:\/\/rms-enlinea.com.ar\/wp-content\/uploads\/2025\/09\/D_913901-MLA92951992931_092025-F.jpg",1192,1199,false],"2048x2048":["https:\/\/rms-enlinea.com.ar\/wp-content\/uploads\/2025\/09\/D_913901-MLA92951992931_092025-F.jpg",1192,1199,false],"woocommerce_thumbnail":["https:\/\/rms-enlinea.com.ar\/wp-content\/uploads\/2025\/09\/D_913901-MLA92951992931_092025-F-450x450.jpg",450,450,true],"woocommerce_single":["https:\/\/rms-enlinea.com.ar\/wp-content\/uploads\/2025\/09\/D_913901-MLA92951992931_092025-F-600x604.jpg",600,604,true],"woocommerce_gallery_thumbnail":["https:\/\/rms-enlinea.com.ar\/wp-content\/uploads\/2025\/09\/D_913901-MLA92951992931_092025-F-100x100.jpg",100,100,true]},"uagb_author_info":{"display_name":"nelson","author_link":"https:\/\/rms-enlinea.com.ar\/tienda\/author\/"},"uagb_comment_info":0,"uagb_excerpt":"Procesamiento de gr\u00e1ficos GeForce RTX\u2122 5060 Ti Reloj central 2617 MHz (Tarjeta de referencia: 2572 MHz) N\u00facleos CUDA\u00ae 4608 Reloj de memoria 28 Gbps Tama\u00f1o de la memoria 8 GB Tipo de memoria GDDR7 Bus de memoria 128 bits Autob\u00fas de tarjetas PCI-E 5.0 Resoluci\u00f3n m\u00e1xima digital 7680&#215;4320 Vista m\u00faltiple 4 Tama\u00f1o de la tarjeta&hellip;","_links":{"self":[{"href":"https:\/\/rms-enlinea.com.ar\/tienda\/wp-json\/wp\/v2\/product\/56628","targetHints":{"allow":["GET"]}}],"collection":[{"href":"https:\/\/rms-enlinea.com.ar\/tienda\/wp-json\/wp\/v2\/product"}],"about":[{"href":"https:\/\/rms-enlinea.com.ar\/tienda\/wp-json\/wp\/v2\/types\/product"}],"replies":[{"embeddable":true,"href":"https:\/\/rms-enlinea.com.ar\/tienda\/wp-json\/wp\/v2\/comments?post=56628"}],"wp:featuredmedia":[{"embeddable":true,"href":"https:\/\/rms-enlinea.com.ar\/tienda\/wp-json\/wp\/v2\/media\/56629"}],"wp:attachment":[{"href":"https:\/\/rms-enlinea.com.ar\/tienda\/wp-json\/wp\/v2\/media?parent=56628"}],"wp:term":[{"taxonomy":"product_brand","embeddable":true,"href":"https:\/\/rms-enlinea.com.ar\/tienda\/wp-json\/wp\/v2\/product_brand?post=56628"},{"taxonomy":"product_cat","embeddable":true,"href":"https:\/\/rms-enlinea.com.ar\/tienda\/wp-json\/wp\/v2\/product_cat?post=56628"},{"taxonomy":"product_tag","embeddable":true,"href":"https:\/\/rms-enlinea.com.ar\/tienda\/wp-json\/wp\/v2\/product_tag?post=56628"}],"curies":[{"name":"wp","href":"https:\/\/api.w.org\/{rel}","templated":true}]}}