{"id":56642,"date":"2025-09-20T10:13:16","date_gmt":"2025-09-20T13:13:16","guid":{"rendered":"https:\/\/rms-enlinea.com.ar\/tienda\/producto\/placa-de-video-asus-dual-rtx-3050-6gb-dual-rtx3050-o6g\/"},"modified":"2026-04-02T16:24:07","modified_gmt":"2026-04-02T19:24:07","slug":"placa-de-video-asus-dual-rtx-3050-6gb-dual-rtx3050-o6g","status":"publish","type":"product","link":"https:\/\/rms-enlinea.com.ar\/tienda\/producto\/placa-de-video-asus-dual-rtx-3050-6gb-dual-rtx3050-o6g\/","title":{"rendered":"Placa De Video Asus Dual Rtx 3050 6gb Dual-rtx3050-o6g"},"content":{"rendered":"<p>Bus de memoria<\/p>\n<p>128 bit<br \/>\nModelo<\/p>\n<p>DUAL-RTX3050-O6G<br \/>\nResoluci\u00f3n m\u00e1xima<\/p>\n<p>4096&#215;2160<br \/>\nTipo de memoria gr\u00e1fica<\/p>\n<p>GDDR6<br \/>\nTama\u00f1o de la memoria<\/p>\n<p>6 GB<br \/>\nTama\u00f1o de la memoria<\/p>\n<p>6 GB<br \/>\nInterfaz con la placa madre<\/p>\n<p>PCI-Express 4.0<br \/>\nRequerimiento energ\u00e9tico<\/p>\n<p>300 W<br \/>\nMarca<\/p>\n<p>Asus<\/p>\n","protected":false},"excerpt":{"rendered":"<p>Bus de memoria 128 bit Modelo DUAL-RTX3050-O6G Resoluci\u00f3n m\u00e1xima 4096&#215;2160 Tipo de memoria gr\u00e1fica GDDR6 Tama\u00f1o de la memoria 6 GB Tama\u00f1o de la memoria 6 GB Interfaz con la placa madre PCI-Express 4.0 Requerimiento energ\u00e9tico 300 W Marca Asus<\/p>\n","protected":false},"featured_media":12463,"comment_status":"open","ping_status":"closed","template":"","meta":{"_uag_custom_page_level_css":""},"product_brand":[586],"product_cat":[120],"product_tag":[],"class_list":{"0":"post-56642","1":"product","2":"type-product","3":"status-publish","4":"has-post-thumbnail","6":"product_brand-asus","7":"product_cat-placas-de-video","9":"first","10":"outofstock","11":"sale","12":"taxable","13":"shipping-taxable","14":"purchasable","15":"product-type-simple"},"uagb_featured_image_src":{"full":["https:\/\/rms-enlinea.com.ar\/wp-content\/uploads\/2025\/06\/D_853385-MLU75549793633_042024-F.jpg",825,829,false],"thumbnail":["https:\/\/rms-enlinea.com.ar\/wp-content\/uploads\/2025\/06\/D_853385-MLU75549793633_042024-F-150x150.jpg",150,150,true],"medium":["https:\/\/rms-enlinea.com.ar\/wp-content\/uploads\/2025\/06\/D_853385-MLU75549793633_042024-F-300x300.jpg",300,300,true],"medium_large":["https:\/\/rms-enlinea.com.ar\/wp-content\/uploads\/2025\/06\/D_853385-MLU75549793633_042024-F-768x772.jpg",768,772,true],"large":["https:\/\/rms-enlinea.com.ar\/wp-content\/uploads\/2025\/06\/D_853385-MLU75549793633_042024-F.jpg",825,829,false],"1536x1536":["https:\/\/rms-enlinea.com.ar\/wp-content\/uploads\/2025\/06\/D_853385-MLU75549793633_042024-F.jpg",825,829,false],"2048x2048":["https:\/\/rms-enlinea.com.ar\/wp-content\/uploads\/2025\/06\/D_853385-MLU75549793633_042024-F.jpg",825,829,false],"woocommerce_thumbnail":["https:\/\/rms-enlinea.com.ar\/wp-content\/uploads\/2025\/06\/D_853385-MLU75549793633_042024-F-450x450.jpg",450,450,true],"woocommerce_single":["https:\/\/rms-enlinea.com.ar\/wp-content\/uploads\/2025\/06\/D_853385-MLU75549793633_042024-F-600x603.jpg",600,603,true],"woocommerce_gallery_thumbnail":["https:\/\/rms-enlinea.com.ar\/wp-content\/uploads\/2025\/06\/D_853385-MLU75549793633_042024-F-100x100.jpg",100,100,true]},"uagb_author_info":{"display_name":"nelson","author_link":"https:\/\/rms-enlinea.com.ar\/tienda\/author\/"},"uagb_comment_info":0,"uagb_excerpt":"Bus de memoria 128 bit Modelo DUAL-RTX3050-O6G Resoluci\u00f3n m\u00e1xima 4096&#215;2160 Tipo de memoria gr\u00e1fica GDDR6 Tama\u00f1o de la memoria 6 GB Tama\u00f1o de la memoria 6 GB Interfaz con la placa madre PCI-Express 4.0 Requerimiento energ\u00e9tico 300 W Marca Asus","_links":{"self":[{"href":"https:\/\/rms-enlinea.com.ar\/tienda\/wp-json\/wp\/v2\/product\/56642","targetHints":{"allow":["GET"]}}],"collection":[{"href":"https:\/\/rms-enlinea.com.ar\/tienda\/wp-json\/wp\/v2\/product"}],"about":[{"href":"https:\/\/rms-enlinea.com.ar\/tienda\/wp-json\/wp\/v2\/types\/product"}],"replies":[{"embeddable":true,"href":"https:\/\/rms-enlinea.com.ar\/tienda\/wp-json\/wp\/v2\/comments?post=56642"}],"wp:featuredmedia":[{"embeddable":true,"href":"https:\/\/rms-enlinea.com.ar\/tienda\/wp-json\/wp\/v2\/media\/12463"}],"wp:attachment":[{"href":"https:\/\/rms-enlinea.com.ar\/tienda\/wp-json\/wp\/v2\/media?parent=56642"}],"wp:term":[{"taxonomy":"product_brand","embeddable":true,"href":"https:\/\/rms-enlinea.com.ar\/tienda\/wp-json\/wp\/v2\/product_brand?post=56642"},{"taxonomy":"product_cat","embeddable":true,"href":"https:\/\/rms-enlinea.com.ar\/tienda\/wp-json\/wp\/v2\/product_cat?post=56642"},{"taxonomy":"product_tag","embeddable":true,"href":"https:\/\/rms-enlinea.com.ar\/tienda\/wp-json\/wp\/v2\/product_tag?post=56642"}],"curies":[{"name":"wp","href":"https:\/\/api.w.org\/{rel}","templated":true}]}}