{"id":56690,"date":"2025-09-23T22:52:03","date_gmt":"2025-09-24T01:52:03","guid":{"rendered":"https:\/\/rms-enlinea.com.ar\/tienda\/producto\/modulo-escenario-lion-support-sta21-2x1m-altura-regulable\/"},"modified":"2026-04-21T06:17:07","modified_gmt":"2026-04-21T09:17:07","slug":"modulo-escenario-lion-support-sta21-2x1m-altura-regulable","status":"publish","type":"product","link":"https:\/\/rms-enlinea.com.ar\/tienda\/producto\/modulo-escenario-lion-support-sta21-2x1m-altura-regulable\/","title":{"rendered":"M\u00f3dulo Escenario Lion Support Sta21 2x1m Altura Regulable"},"content":{"rendered":"<p>Lion Support\u00ae es la sucesora de nuestra primer y exitosa marca Xpro. Ofrece una l\u00ednea completa de productos<br \/>\npara estudio, stage, elevaci\u00f3n y accesorios de montaje en shows. Cuenta con un alto standard en calidad<br \/>\navalado por m\u00e1s de 15 a\u00f1os de experiencia en la fabricaci\u00f3n de productos para el escenario, obteniendo<br \/>\nla mejor relaci\u00f3n entre calidad y precio de mercado. A su vez, cuenta con garant\u00eda y servicio post venta \u00fanico en su territorio. Lion Support\u00ae es una marca registrada de Xpro\u00ae Family.<\/p>\n<p>El m\u00f3dulo de escenario STA21, es una tarima muy \u00fatil para el armado de escenarios a baja altura.<br \/>\nIdeal para elevaci\u00f3n de set de vientos, bater\u00eda, o simplemente como tarima en lugares peque\u00f1os.<br \/>\nCon patas regulables entre 60 cm y 1 metro de altura.<\/p>\n<p>Especificaciones:<br \/>\n&#8211; M\u00f3dulo escenario de 2 metros x 1 metro<br \/>\n&#8211; Superficie anti deslizante<br \/>\n&#8211; Altura regulable entre 60 cm y 1 metro<\/p>\n","protected":false},"excerpt":{"rendered":"<p>Lion Support\u00ae es la sucesora de nuestra primer y exitosa marca Xpro. Ofrece una l\u00ednea completa de productos para estudio, stage, elevaci\u00f3n y accesorios de montaje en shows. Cuenta con un alto standard en calidad avalado por m\u00e1s de 15 a\u00f1os de experiencia en la fabricaci\u00f3n de productos para el escenario, obteniendo la mejor relaci\u00f3n [&hellip;]<\/p>\n","protected":false},"featured_media":56691,"comment_status":"open","ping_status":"closed","template":"","meta":{"_uag_custom_page_level_css":""},"product_brand":[492],"product_cat":[92,15],"product_tag":[],"class_list":{"0":"post-56690","1":"product","2":"type-product","3":"status-publish","4":"has-post-thumbnail","6":"product_brand-lionsupport","7":"product_cat-estructuras-truss-y-soportes","8":"product_cat-sin-categorizar","10":"first","11":"outofstock","12":"sale","13":"taxable","14":"shipping-taxable","15":"purchasable","16":"product-type-simple"},"uagb_featured_image_src":{"full":["https:\/\/rms-enlinea.com.ar\/wp-content\/uploads\/2025\/09\/D_600309-MLA93222215983_092025-F.jpg",1198,402,false],"thumbnail":["https:\/\/rms-enlinea.com.ar\/wp-content\/uploads\/2025\/09\/D_600309-MLA93222215983_092025-F-150x150.jpg",150,150,true],"medium":["https:\/\/rms-enlinea.com.ar\/wp-content\/uploads\/2025\/09\/D_600309-MLA93222215983_092025-F-300x101.jpg",300,101,true],"medium_large":["https:\/\/rms-enlinea.com.ar\/wp-content\/uploads\/2025\/09\/D_600309-MLA93222215983_092025-F-768x258.jpg",768,258,true],"large":["https:\/\/rms-enlinea.com.ar\/wp-content\/uploads\/2025\/09\/D_600309-MLA93222215983_092025-F-1024x344.jpg",1024,344,true],"1536x1536":["https:\/\/rms-enlinea.com.ar\/wp-content\/uploads\/2025\/09\/D_600309-MLA93222215983_092025-F.jpg",1198,402,false],"2048x2048":["https:\/\/rms-enlinea.com.ar\/wp-content\/uploads\/2025\/09\/D_600309-MLA93222215983_092025-F.jpg",1198,402,false],"woocommerce_thumbnail":["https:\/\/rms-enlinea.com.ar\/wp-content\/uploads\/2025\/09\/D_600309-MLA93222215983_092025-F-450x402.jpg",450,402,true],"woocommerce_single":["https:\/\/rms-enlinea.com.ar\/wp-content\/uploads\/2025\/09\/D_600309-MLA93222215983_092025-F-600x201.jpg",600,201,true],"woocommerce_gallery_thumbnail":["https:\/\/rms-enlinea.com.ar\/wp-content\/uploads\/2025\/09\/D_600309-MLA93222215983_092025-F-100x100.jpg",100,100,true]},"uagb_author_info":{"display_name":"nelson","author_link":"https:\/\/rms-enlinea.com.ar\/tienda\/author\/"},"uagb_comment_info":0,"uagb_excerpt":"Lion Support\u00ae es la sucesora de nuestra primer y exitosa marca Xpro. Ofrece una l\u00ednea completa de productos para estudio, stage, elevaci\u00f3n y accesorios de montaje en shows. Cuenta con un alto standard en calidad avalado por m\u00e1s de 15 a\u00f1os de experiencia en la fabricaci\u00f3n de productos para el escenario, obteniendo la mejor relaci\u00f3n&hellip;","_links":{"self":[{"href":"https:\/\/rms-enlinea.com.ar\/tienda\/wp-json\/wp\/v2\/product\/56690","targetHints":{"allow":["GET"]}}],"collection":[{"href":"https:\/\/rms-enlinea.com.ar\/tienda\/wp-json\/wp\/v2\/product"}],"about":[{"href":"https:\/\/rms-enlinea.com.ar\/tienda\/wp-json\/wp\/v2\/types\/product"}],"replies":[{"embeddable":true,"href":"https:\/\/rms-enlinea.com.ar\/tienda\/wp-json\/wp\/v2\/comments?post=56690"}],"wp:featuredmedia":[{"embeddable":true,"href":"https:\/\/rms-enlinea.com.ar\/tienda\/wp-json\/wp\/v2\/media\/56691"}],"wp:attachment":[{"href":"https:\/\/rms-enlinea.com.ar\/tienda\/wp-json\/wp\/v2\/media?parent=56690"}],"wp:term":[{"taxonomy":"product_brand","embeddable":true,"href":"https:\/\/rms-enlinea.com.ar\/tienda\/wp-json\/wp\/v2\/product_brand?post=56690"},{"taxonomy":"product_cat","embeddable":true,"href":"https:\/\/rms-enlinea.com.ar\/tienda\/wp-json\/wp\/v2\/product_cat?post=56690"},{"taxonomy":"product_tag","embeddable":true,"href":"https:\/\/rms-enlinea.com.ar\/tienda\/wp-json\/wp\/v2\/product_tag?post=56690"}],"curies":[{"name":"wp","href":"https:\/\/api.w.org\/{rel}","templated":true}]}}