{"id":56706,"date":"2025-09-24T12:30:12","date_gmt":"2025-09-24T15:30:12","guid":{"rendered":"https:\/\/rms-enlinea.com.ar\/tienda\/producto\/auricular-inalambrico-bt-yamaha-yhe500awh-cancelacion-ruido\/"},"modified":"2026-04-21T05:30:49","modified_gmt":"2026-04-21T08:30:49","slug":"auricular-inalambrico-bt-yamaha-yhe500awh-cancelacion-ruido","status":"publish","type":"product","link":"https:\/\/rms-enlinea.com.ar\/tienda\/producto\/auricular-inalambrico-bt-yamaha-yhe500awh-cancelacion-ruido\/","title":{"rendered":"Auricular Inalambrico Bt Yamaha Yhe500awh Cancelacion Ruido"},"content":{"rendered":"<p>Cancelaci\u00f3n activa de ruido: escapa del ruido y sum\u00e9rgete en la m\u00fasica<br \/>\nSonido ambiental: elige cu\u00e1ndo necesitas estar atento a tu entorno<br \/>\nCuidado auditivo: ecualizaci\u00f3n inteligente para un sonido de rango completo a vol\u00famenes de escucha m\u00e1s bajos, incluido el monitoreo din\u00e1mico del contenido y los niveles de ruido de fondo<br \/>\nBluetooth 5 con aptX-HD: conectividad inal\u00e1mbrica estable y calidad de transmisi\u00f3n premium<br \/>\nControles simples: haz llamadas telef\u00f3nicas, activa Siri\/Google Assistant y controla tu m\u00fasica con botones f\u00e1ciles de encontrar en los auriculares.<br \/>\nTodo el d\u00eda: hasta 38 horas de duraci\u00f3n de la bater\u00eda con ANC activado<\/p>\n","protected":false},"excerpt":{"rendered":"<p>Cancelaci\u00f3n activa de ruido: escapa del ruido y sum\u00e9rgete en la m\u00fasica Sonido ambiental: elige cu\u00e1ndo necesitas estar atento a tu entorno Cuidado auditivo: ecualizaci\u00f3n inteligente para un sonido de rango completo a vol\u00famenes de escucha m\u00e1s bajos, incluido el monitoreo din\u00e1mico del contenido y los niveles de ruido de fondo Bluetooth 5 con aptX-HD: [&hellip;]<\/p>\n","protected":false},"featured_media":56707,"comment_status":"open","ping_status":"closed","template":"","meta":{"_uag_custom_page_level_css":""},"product_brand":[496],"product_cat":[55],"product_tag":[],"class_list":{"0":"post-56706","1":"product","2":"type-product","3":"status-publish","4":"has-post-thumbnail","6":"product_brand-yamaha","7":"product_cat-auriculares","9":"first","10":"outofstock","11":"sale","12":"taxable","13":"shipping-taxable","14":"purchasable","15":"product-type-simple"},"uagb_featured_image_src":{"full":["https:\/\/rms-enlinea.com.ar\/wp-content\/uploads\/2025\/09\/D_782631-MLA93290027833_092025-F.jpg",796,1198,false],"thumbnail":["https:\/\/rms-enlinea.com.ar\/wp-content\/uploads\/2025\/09\/D_782631-MLA93290027833_092025-F-150x150.jpg",150,150,true],"medium":["https:\/\/rms-enlinea.com.ar\/wp-content\/uploads\/2025\/09\/D_782631-MLA93290027833_092025-F-199x300.jpg",199,300,true],"medium_large":["https:\/\/rms-enlinea.com.ar\/wp-content\/uploads\/2025\/09\/D_782631-MLA93290027833_092025-F-768x1156.jpg",768,1156,true],"large":["https:\/\/rms-enlinea.com.ar\/wp-content\/uploads\/2025\/09\/D_782631-MLA93290027833_092025-F-680x1024.jpg",680,1024,true],"1536x1536":["https:\/\/rms-enlinea.com.ar\/wp-content\/uploads\/2025\/09\/D_782631-MLA93290027833_092025-F.jpg",796,1198,false],"2048x2048":["https:\/\/rms-enlinea.com.ar\/wp-content\/uploads\/2025\/09\/D_782631-MLA93290027833_092025-F.jpg",796,1198,false],"woocommerce_thumbnail":["https:\/\/rms-enlinea.com.ar\/wp-content\/uploads\/2025\/09\/D_782631-MLA93290027833_092025-F-450x450.jpg",450,450,true],"woocommerce_single":["https:\/\/rms-enlinea.com.ar\/wp-content\/uploads\/2025\/09\/D_782631-MLA93290027833_092025-F-600x903.jpg",600,903,true],"woocommerce_gallery_thumbnail":["https:\/\/rms-enlinea.com.ar\/wp-content\/uploads\/2025\/09\/D_782631-MLA93290027833_092025-F-100x100.jpg",100,100,true]},"uagb_author_info":{"display_name":"nelson","author_link":"https:\/\/rms-enlinea.com.ar\/tienda\/author\/"},"uagb_comment_info":0,"uagb_excerpt":"Cancelaci\u00f3n activa de ruido: escapa del ruido y sum\u00e9rgete en la m\u00fasica Sonido ambiental: elige cu\u00e1ndo necesitas estar atento a tu entorno Cuidado auditivo: ecualizaci\u00f3n inteligente para un sonido de rango completo a vol\u00famenes de escucha m\u00e1s bajos, incluido el monitoreo din\u00e1mico del contenido y los niveles de ruido de fondo Bluetooth 5 con aptX-HD:&hellip;","_links":{"self":[{"href":"https:\/\/rms-enlinea.com.ar\/tienda\/wp-json\/wp\/v2\/product\/56706","targetHints":{"allow":["GET"]}}],"collection":[{"href":"https:\/\/rms-enlinea.com.ar\/tienda\/wp-json\/wp\/v2\/product"}],"about":[{"href":"https:\/\/rms-enlinea.com.ar\/tienda\/wp-json\/wp\/v2\/types\/product"}],"replies":[{"embeddable":true,"href":"https:\/\/rms-enlinea.com.ar\/tienda\/wp-json\/wp\/v2\/comments?post=56706"}],"wp:featuredmedia":[{"embeddable":true,"href":"https:\/\/rms-enlinea.com.ar\/tienda\/wp-json\/wp\/v2\/media\/56707"}],"wp:attachment":[{"href":"https:\/\/rms-enlinea.com.ar\/tienda\/wp-json\/wp\/v2\/media?parent=56706"}],"wp:term":[{"taxonomy":"product_brand","embeddable":true,"href":"https:\/\/rms-enlinea.com.ar\/tienda\/wp-json\/wp\/v2\/product_brand?post=56706"},{"taxonomy":"product_cat","embeddable":true,"href":"https:\/\/rms-enlinea.com.ar\/tienda\/wp-json\/wp\/v2\/product_cat?post=56706"},{"taxonomy":"product_tag","embeddable":true,"href":"https:\/\/rms-enlinea.com.ar\/tienda\/wp-json\/wp\/v2\/product_tag?post=56706"}],"curies":[{"name":"wp","href":"https:\/\/api.w.org\/{rel}","templated":true}]}}