{"id":56713,"date":"2025-09-24T15:10:08","date_gmt":"2025-09-24T18:10:08","guid":{"rendered":"https:\/\/rms-enlinea.com.ar\/tienda\/producto\/par-led-cob-100w-frio-y-calido-con-aleta-big-dipper-lc001-hb\/"},"modified":"2026-04-21T05:04:12","modified_gmt":"2026-04-21T08:04:12","slug":"par-led-cob-100w-frio-y-calido-con-aleta-big-dipper-lc001-hb","status":"publish","type":"product","link":"https:\/\/rms-enlinea.com.ar\/tienda\/producto\/par-led-cob-100w-frio-y-calido-con-aleta-big-dipper-lc001-hb\/","title":{"rendered":"Par Led Cob 100w Frio Y Calido Con Aleta Big Dipper Lc001-hb"},"content":{"rendered":"<p>El LC001-HB es un spot que presenta un Led Cob de 100w. El mismo proyecta un blanco calido y blanco frio. Tambi\u00e9n incluye 4 deflectores para su mejor operaci\u00f3n.<\/p>\n<p>Potencia: 100W.<br \/>Modo de Operaci\u00f3n: Auto\/Audio\/Master-Slave\/DMX.<br \/>Medidas:<br \/>Peso:<br \/>25,5 x 25,5 x 36,5cm.<br \/>2,9kg.<br \/>Canales DMX: 2\/4.<br \/>Caracter\u00edsticas:<br \/>Led COB 170W, blanco c\u00e1lido (3200k) y blanco fr\u00edo<br \/>(5600k). Incluye 4 deflectores.<\/p>\n","protected":false},"excerpt":{"rendered":"<p>El LC001-HB es un spot que presenta un Led Cob de 100w. El mismo proyecta un blanco calido y blanco frio. Tambi\u00e9n incluye 4 deflectores para su mejor operaci\u00f3n. Potencia: 100W.Modo de Operaci\u00f3n: Auto\/Audio\/Master-Slave\/DMX.Medidas:Peso:25,5 x 25,5 x 36,5cm.2,9kg.Canales DMX: 2\/4.Caracter\u00edsticas:Led COB 170W, blanco c\u00e1lido (3200k) y blanco fr\u00edo(5600k). Incluye 4 deflectores.<\/p>\n","protected":false},"featured_media":56714,"comment_status":"open","ping_status":"closed","template":"","meta":{"_uag_custom_page_level_css":""},"product_brand":[523],"product_cat":[15,97],"product_tag":[],"class_list":{"0":"post-56713","1":"product","2":"type-product","3":"status-publish","4":"has-post-thumbnail","6":"product_brand-bigdipper","7":"product_cat-sin-categorizar","8":"product_cat-wash-y-par","10":"first","11":"outofstock","12":"sale","13":"taxable","14":"shipping-taxable","15":"purchasable","16":"product-type-simple"},"uagb_featured_image_src":{"full":["https:\/\/rms-enlinea.com.ar\/wp-content\/uploads\/2025\/09\/D_637123-MLA93300188109_092025-F.jpg",1166,1197,false],"thumbnail":["https:\/\/rms-enlinea.com.ar\/wp-content\/uploads\/2025\/09\/D_637123-MLA93300188109_092025-F-150x150.jpg",150,150,true],"medium":["https:\/\/rms-enlinea.com.ar\/wp-content\/uploads\/2025\/09\/D_637123-MLA93300188109_092025-F-292x300.jpg",292,300,true],"medium_large":["https:\/\/rms-enlinea.com.ar\/wp-content\/uploads\/2025\/09\/D_637123-MLA93300188109_092025-F-768x788.jpg",768,788,true],"large":["https:\/\/rms-enlinea.com.ar\/wp-content\/uploads\/2025\/09\/D_637123-MLA93300188109_092025-F-997x1024.jpg",997,1024,true],"1536x1536":["https:\/\/rms-enlinea.com.ar\/wp-content\/uploads\/2025\/09\/D_637123-MLA93300188109_092025-F.jpg",1166,1197,false],"2048x2048":["https:\/\/rms-enlinea.com.ar\/wp-content\/uploads\/2025\/09\/D_637123-MLA93300188109_092025-F.jpg",1166,1197,false],"woocommerce_thumbnail":["https:\/\/rms-enlinea.com.ar\/wp-content\/uploads\/2025\/09\/D_637123-MLA93300188109_092025-F-450x450.jpg",450,450,true],"woocommerce_single":["https:\/\/rms-enlinea.com.ar\/wp-content\/uploads\/2025\/09\/D_637123-MLA93300188109_092025-F-600x616.jpg",600,616,true],"woocommerce_gallery_thumbnail":["https:\/\/rms-enlinea.com.ar\/wp-content\/uploads\/2025\/09\/D_637123-MLA93300188109_092025-F-100x100.jpg",100,100,true]},"uagb_author_info":{"display_name":"nelson","author_link":"https:\/\/rms-enlinea.com.ar\/tienda\/author\/"},"uagb_comment_info":0,"uagb_excerpt":"El LC001-HB es un spot que presenta un Led Cob de 100w. El mismo proyecta un blanco calido y blanco frio. Tambi\u00e9n incluye 4 deflectores para su mejor operaci\u00f3n. Potencia: 100W.Modo de Operaci\u00f3n: Auto\/Audio\/Master-Slave\/DMX.Medidas:Peso:25,5 x 25,5 x 36,5cm.2,9kg.Canales DMX: 2\/4.Caracter\u00edsticas:Led COB 170W, blanco c\u00e1lido (3200k) y blanco fr\u00edo(5600k). Incluye 4 deflectores.","_links":{"self":[{"href":"https:\/\/rms-enlinea.com.ar\/tienda\/wp-json\/wp\/v2\/product\/56713","targetHints":{"allow":["GET"]}}],"collection":[{"href":"https:\/\/rms-enlinea.com.ar\/tienda\/wp-json\/wp\/v2\/product"}],"about":[{"href":"https:\/\/rms-enlinea.com.ar\/tienda\/wp-json\/wp\/v2\/types\/product"}],"replies":[{"embeddable":true,"href":"https:\/\/rms-enlinea.com.ar\/tienda\/wp-json\/wp\/v2\/comments?post=56713"}],"wp:featuredmedia":[{"embeddable":true,"href":"https:\/\/rms-enlinea.com.ar\/tienda\/wp-json\/wp\/v2\/media\/56714"}],"wp:attachment":[{"href":"https:\/\/rms-enlinea.com.ar\/tienda\/wp-json\/wp\/v2\/media?parent=56713"}],"wp:term":[{"taxonomy":"product_brand","embeddable":true,"href":"https:\/\/rms-enlinea.com.ar\/tienda\/wp-json\/wp\/v2\/product_brand?post=56713"},{"taxonomy":"product_cat","embeddable":true,"href":"https:\/\/rms-enlinea.com.ar\/tienda\/wp-json\/wp\/v2\/product_cat?post=56713"},{"taxonomy":"product_tag","embeddable":true,"href":"https:\/\/rms-enlinea.com.ar\/tienda\/wp-json\/wp\/v2\/product_tag?post=56713"}],"curies":[{"name":"wp","href":"https:\/\/api.w.org\/{rel}","templated":true}]}}