{"id":56772,"date":"2025-09-24T19:20:19","date_gmt":"2025-09-24T22:20:19","guid":{"rendered":"https:\/\/rms-enlinea.com.ar\/tienda\/producto\/auricular-genius-hs-300n-con-microfono-control-volumen\/"},"modified":"2026-04-06T13:42:20","modified_gmt":"2026-04-06T16:42:20","slug":"auricular-genius-hs-300n-con-microfono-control-volumen","status":"publish","type":"product","link":"https:\/\/rms-enlinea.com.ar\/tienda\/producto\/auricular-genius-hs-300n-con-microfono-control-volumen\/","title":{"rendered":"Auricular Genius Hs 300n Con Microfono Control Volumen"},"content":{"rendered":"<p>Tipo Banda trasera<br \/>\nConectividad 3.5 mm<br \/>\nRespuesta frecuente 20 Hz \u2013 20 kHz<br \/>\nSensibilidad 118 dB \u00b1 4 dB<br \/>\nImpedancia 32 ohmios \u00b1 15%<br \/>\nMicr\u00f3fono S\u00ed<br \/>\nControl del volumen S\u00ed<br \/>\nMicr\u00f3fono mute No<br \/>\nLongitud del cable (m) 1.8 m<br \/>\nOtro &#8211;<br \/>\nPeso (g) Approx. 81 g<br \/>\nRequisitos del sistema Entrada de 3.5 mm (0,14 in) compatible con TV, PC, smartphone, tableta.<br \/>\nColores Negro<br \/>\nNota Las im\u00e1genes y colores son solo referenciales. Ver art\u00edculos incluidos.<br \/>\nContenido de la caja HS-300N<\/p>\n","protected":false},"excerpt":{"rendered":"<p>Tipo Banda trasera Conectividad 3.5 mm Respuesta frecuente 20 Hz \u2013 20 kHz Sensibilidad 118 dB \u00b1 4 dB Impedancia 32 ohmios \u00b1 15% Micr\u00f3fono S\u00ed Control del volumen S\u00ed Micr\u00f3fono mute No Longitud del cable (m) 1.8 m Otro &#8211; Peso (g) Approx. 81 g Requisitos del sistema Entrada de 3.5 mm (0,14 in) [&hellip;]<\/p>\n","protected":false},"featured_media":56773,"comment_status":"open","ping_status":"closed","template":"","meta":{"_uag_custom_page_level_css":""},"product_brand":[550],"product_cat":[99],"product_tag":[],"class_list":{"0":"post-56772","1":"product","2":"type-product","3":"status-publish","4":"has-post-thumbnail","6":"product_brand-genius","7":"product_cat-auriculares-computacion","9":"first","10":"instock","11":"sale","12":"taxable","13":"shipping-taxable","14":"purchasable","15":"product-type-simple"},"uagb_featured_image_src":{"full":["https:\/\/rms-enlinea.com.ar\/wp-content\/uploads\/2025\/09\/D_880568-MLA93311437689_092025-F.jpg",1004,1200,false],"thumbnail":["https:\/\/rms-enlinea.com.ar\/wp-content\/uploads\/2025\/09\/D_880568-MLA93311437689_092025-F-150x150.jpg",150,150,true],"medium":["https:\/\/rms-enlinea.com.ar\/wp-content\/uploads\/2025\/09\/D_880568-MLA93311437689_092025-F-251x300.jpg",251,300,true],"medium_large":["https:\/\/rms-enlinea.com.ar\/wp-content\/uploads\/2025\/09\/D_880568-MLA93311437689_092025-F-768x918.jpg",768,918,true],"large":["https:\/\/rms-enlinea.com.ar\/wp-content\/uploads\/2025\/09\/D_880568-MLA93311437689_092025-F-857x1024.jpg",857,1024,true],"1536x1536":["https:\/\/rms-enlinea.com.ar\/wp-content\/uploads\/2025\/09\/D_880568-MLA93311437689_092025-F.jpg",1004,1200,false],"2048x2048":["https:\/\/rms-enlinea.com.ar\/wp-content\/uploads\/2025\/09\/D_880568-MLA93311437689_092025-F.jpg",1004,1200,false],"woocommerce_thumbnail":["https:\/\/rms-enlinea.com.ar\/wp-content\/uploads\/2025\/09\/D_880568-MLA93311437689_092025-F-450x450.jpg",450,450,true],"woocommerce_single":["https:\/\/rms-enlinea.com.ar\/wp-content\/uploads\/2025\/09\/D_880568-MLA93311437689_092025-F-600x717.jpg",600,717,true],"woocommerce_gallery_thumbnail":["https:\/\/rms-enlinea.com.ar\/wp-content\/uploads\/2025\/09\/D_880568-MLA93311437689_092025-F-100x100.jpg",100,100,true]},"uagb_author_info":{"display_name":"nelson","author_link":"https:\/\/rms-enlinea.com.ar\/tienda\/author\/"},"uagb_comment_info":0,"uagb_excerpt":"Tipo Banda trasera Conectividad 3.5 mm Respuesta frecuente 20 Hz \u2013 20 kHz Sensibilidad 118 dB \u00b1 4 dB Impedancia 32 ohmios \u00b1 15% Micr\u00f3fono S\u00ed Control del volumen S\u00ed Micr\u00f3fono mute No Longitud del cable (m) 1.8 m Otro &#8211; Peso (g) Approx. 81 g Requisitos del sistema Entrada de 3.5 mm (0,14 in)&hellip;","_links":{"self":[{"href":"https:\/\/rms-enlinea.com.ar\/tienda\/wp-json\/wp\/v2\/product\/56772","targetHints":{"allow":["GET"]}}],"collection":[{"href":"https:\/\/rms-enlinea.com.ar\/tienda\/wp-json\/wp\/v2\/product"}],"about":[{"href":"https:\/\/rms-enlinea.com.ar\/tienda\/wp-json\/wp\/v2\/types\/product"}],"replies":[{"embeddable":true,"href":"https:\/\/rms-enlinea.com.ar\/tienda\/wp-json\/wp\/v2\/comments?post=56772"}],"wp:featuredmedia":[{"embeddable":true,"href":"https:\/\/rms-enlinea.com.ar\/tienda\/wp-json\/wp\/v2\/media\/56773"}],"wp:attachment":[{"href":"https:\/\/rms-enlinea.com.ar\/tienda\/wp-json\/wp\/v2\/media?parent=56772"}],"wp:term":[{"taxonomy":"product_brand","embeddable":true,"href":"https:\/\/rms-enlinea.com.ar\/tienda\/wp-json\/wp\/v2\/product_brand?post=56772"},{"taxonomy":"product_cat","embeddable":true,"href":"https:\/\/rms-enlinea.com.ar\/tienda\/wp-json\/wp\/v2\/product_cat?post=56772"},{"taxonomy":"product_tag","embeddable":true,"href":"https:\/\/rms-enlinea.com.ar\/tienda\/wp-json\/wp\/v2\/product_tag?post=56772"}],"curies":[{"name":"wp","href":"https:\/\/api.w.org\/{rel}","templated":true}]}}