{"id":56776,"date":"2025-09-24T23:41:05","date_gmt":"2025-09-25T02:41:05","guid":{"rendered":"https:\/\/rms-enlinea.com.ar\/tienda\/producto\/mouse-genius-dx-110-usb-c-1200dpi-31010028400\/"},"modified":"2026-04-02T17:10:19","modified_gmt":"2026-04-02T20:10:19","slug":"mouse-genius-dx-110-usb-c-1200dpi-31010028400","status":"publish","type":"product","link":"https:\/\/rms-enlinea.com.ar\/tienda\/producto\/mouse-genius-dx-110-usb-c-1200dpi-31010028400\/","title":{"rendered":"Mouse Genius Dx-110 Usb-c 1200dpi 31010028400"},"content":{"rendered":"<p>Interfaz   <\/p>\n<p>USB<br \/>Motor de sensors<\/p>\n<p>\u00d3ptico<br \/>Resoluci\u00f3n (DPI)   <\/p>\n<p>1200<br \/>N\u00famero de botones   <\/p>\n<p>3 (izquierda, derecha y central con desplazamiento)<br \/>Longitud de cable (m)   <\/p>\n<p>1.5 m<br \/>Peso (g)   <\/p>\n<p>Aprox. 72 g<br \/>Dimensiones (L x A x P) mm (pulgadas)   <\/p>\n<p>60 x 105 x 37 mm (2,36 x 4,13 x 1,46 pulgadas)<br \/>Requisitos del sistema   <\/p>\n<p>Windows 7, 8, 10, 11 \/ macOS 10.8 o posterior<\/p>\n","protected":false},"excerpt":{"rendered":"<p>Interfaz USBMotor de sensors \u00d3pticoResoluci\u00f3n (DPI) 1200N\u00famero de botones 3 (izquierda, derecha y central con desplazamiento)Longitud de cable (m) 1.5 mPeso (g) Aprox. 72 gDimensiones (L x A x P) mm (pulgadas) 60 x 105 x 37 mm (2,36 x 4,13 x 1,46 pulgadas)Requisitos del sistema Windows 7, 8, 10, 11 \/ macOS 10.8 o [&hellip;]<\/p>\n","protected":false},"featured_media":56777,"comment_status":"open","ping_status":"closed","template":"","meta":{"_uag_custom_page_level_css":""},"product_brand":[550],"product_cat":[125],"product_tag":[],"class_list":{"0":"post-56776","1":"product","2":"type-product","3":"status-publish","4":"has-post-thumbnail","6":"product_brand-genius","7":"product_cat-teclados-y-mouses","9":"first","10":"outofstock","11":"sale","12":"taxable","13":"shipping-taxable","14":"purchasable","15":"product-type-simple"},"uagb_featured_image_src":{"full":["https:\/\/rms-enlinea.com.ar\/wp-content\/uploads\/2025\/09\/D_984955-MLA93320621899_092025-F.jpg",736,847,false],"thumbnail":["https:\/\/rms-enlinea.com.ar\/wp-content\/uploads\/2025\/09\/D_984955-MLA93320621899_092025-F-150x150.jpg",150,150,true],"medium":["https:\/\/rms-enlinea.com.ar\/wp-content\/uploads\/2025\/09\/D_984955-MLA93320621899_092025-F-261x300.jpg",261,300,true],"medium_large":["https:\/\/rms-enlinea.com.ar\/wp-content\/uploads\/2025\/09\/D_984955-MLA93320621899_092025-F.jpg",736,847,false],"large":["https:\/\/rms-enlinea.com.ar\/wp-content\/uploads\/2025\/09\/D_984955-MLA93320621899_092025-F.jpg",736,847,false],"1536x1536":["https:\/\/rms-enlinea.com.ar\/wp-content\/uploads\/2025\/09\/D_984955-MLA93320621899_092025-F.jpg",736,847,false],"2048x2048":["https:\/\/rms-enlinea.com.ar\/wp-content\/uploads\/2025\/09\/D_984955-MLA93320621899_092025-F.jpg",736,847,false],"woocommerce_thumbnail":["https:\/\/rms-enlinea.com.ar\/wp-content\/uploads\/2025\/09\/D_984955-MLA93320621899_092025-F-450x450.jpg",450,450,true],"woocommerce_single":["https:\/\/rms-enlinea.com.ar\/wp-content\/uploads\/2025\/09\/D_984955-MLA93320621899_092025-F-600x690.jpg",600,690,true],"woocommerce_gallery_thumbnail":["https:\/\/rms-enlinea.com.ar\/wp-content\/uploads\/2025\/09\/D_984955-MLA93320621899_092025-F-100x100.jpg",100,100,true]},"uagb_author_info":{"display_name":"nelson","author_link":"https:\/\/rms-enlinea.com.ar\/tienda\/author\/"},"uagb_comment_info":0,"uagb_excerpt":"Interfaz USBMotor de sensors \u00d3pticoResoluci\u00f3n (DPI) 1200N\u00famero de botones 3 (izquierda, derecha y central con desplazamiento)Longitud de cable (m) 1.5 mPeso (g) Aprox. 72 gDimensiones (L x A x P) mm (pulgadas) 60 x 105 x 37 mm (2,36 x 4,13 x 1,46 pulgadas)Requisitos del sistema Windows 7, 8, 10, 11 \/ macOS 10.8 o&hellip;","_links":{"self":[{"href":"https:\/\/rms-enlinea.com.ar\/tienda\/wp-json\/wp\/v2\/product\/56776","targetHints":{"allow":["GET"]}}],"collection":[{"href":"https:\/\/rms-enlinea.com.ar\/tienda\/wp-json\/wp\/v2\/product"}],"about":[{"href":"https:\/\/rms-enlinea.com.ar\/tienda\/wp-json\/wp\/v2\/types\/product"}],"replies":[{"embeddable":true,"href":"https:\/\/rms-enlinea.com.ar\/tienda\/wp-json\/wp\/v2\/comments?post=56776"}],"wp:featuredmedia":[{"embeddable":true,"href":"https:\/\/rms-enlinea.com.ar\/tienda\/wp-json\/wp\/v2\/media\/56777"}],"wp:attachment":[{"href":"https:\/\/rms-enlinea.com.ar\/tienda\/wp-json\/wp\/v2\/media?parent=56776"}],"wp:term":[{"taxonomy":"product_brand","embeddable":true,"href":"https:\/\/rms-enlinea.com.ar\/tienda\/wp-json\/wp\/v2\/product_brand?post=56776"},{"taxonomy":"product_cat","embeddable":true,"href":"https:\/\/rms-enlinea.com.ar\/tienda\/wp-json\/wp\/v2\/product_cat?post=56776"},{"taxonomy":"product_tag","embeddable":true,"href":"https:\/\/rms-enlinea.com.ar\/tienda\/wp-json\/wp\/v2\/product_tag?post=56776"}],"curies":[{"name":"wp","href":"https:\/\/api.w.org\/{rel}","templated":true}]}}