{"id":56795,"date":"2025-09-25T13:50:21","date_gmt":"2025-09-25T16:50:21","guid":{"rendered":"https:\/\/rms-enlinea.com.ar\/tienda\/producto\/mother-asus-prime-a520m-k-amd-am4-ddr4-3ra-gen-pci-e-3-0\/"},"modified":"2026-05-04T13:02:36","modified_gmt":"2026-05-04T16:02:36","slug":"mother-asus-prime-a520m-k-amd-am4-ddr4-3ra-gen-pci-e-3-0","status":"publish","type":"product","link":"https:\/\/rms-enlinea.com.ar\/tienda\/producto\/mother-asus-prime-a520m-k-amd-am4-ddr4-3ra-gen-pci-e-3-0\/","title":{"rendered":"Mother Asus Prime A520m-k Amd Am4 Ddr4 3ra Gen Pci-e 3.0"},"content":{"rendered":"<p>Aplicaciones PC<br \/>\nMarca Asus<br \/>\nChipset A520<br \/>\nPlataforma AMD<br \/>\nCPU Ryzen 3ra Gen<br \/>\nRanuras de expansi\u00f3n 1 x PCI Express 3.0 x16 (x16 mode)<br \/>\nFactor de forma mATX<br \/>\nL\u00ednea A520<br \/>\nCapacidad m\u00e1xima soportada de la memoria RAM 64 GB<br \/>\nModelo<\/p>\n<p>PRIME A520M-K<br \/>\nPuertos SATA<\/p>\n<p>4<br \/>\nSocket<\/p>\n<p>AM4<br \/>\nProcesadores soportados<\/p>\n<p>AMD Ryzen 3ra Gen<br \/>\nFormato de memoria RAM<\/p>\n<p>DIMM<br \/>\nM\u00f3dulos de memoria RAM<\/p>\n<p>2<br \/>\nTipo de memoria RAM<\/p>\n<p>DDR4<br \/>\nVersi\u00f3n<\/p>\n<p>1.0<br \/>\nCon procesador<\/p>\n<p>No<\/p>\n","protected":false},"excerpt":{"rendered":"<p>Aplicaciones PC Marca Asus Chipset A520 Plataforma AMD CPU Ryzen 3ra Gen Ranuras de expansi\u00f3n 1 x PCI Express 3.0 x16 (x16 mode) Factor de forma mATX L\u00ednea A520 Capacidad m\u00e1xima soportada de la memoria RAM 64 GB Modelo PRIME A520M-K Puertos SATA 4 Socket AM4 Procesadores soportados AMD Ryzen 3ra Gen Formato de memoria [&hellip;]<\/p>\n","protected":false},"featured_media":56796,"comment_status":"open","ping_status":"closed","template":"","meta":{"_uag_custom_page_level_css":""},"product_brand":[586],"product_cat":[115],"product_tag":[],"class_list":{"0":"post-56795","1":"product","2":"type-product","3":"status-publish","4":"has-post-thumbnail","6":"product_brand-asus","7":"product_cat-mother","9":"first","10":"outofstock","11":"sale","12":"taxable","13":"shipping-taxable","14":"purchasable","15":"product-type-simple"},"uagb_featured_image_src":{"full":["https:\/\/rms-enlinea.com.ar\/wp-content\/uploads\/2025\/09\/D_926435-MLA93393529989_092025-F.jpg",1200,850,false],"thumbnail":["https:\/\/rms-enlinea.com.ar\/wp-content\/uploads\/2025\/09\/D_926435-MLA93393529989_092025-F-150x150.jpg",150,150,true],"medium":["https:\/\/rms-enlinea.com.ar\/wp-content\/uploads\/2025\/09\/D_926435-MLA93393529989_092025-F-300x213.jpg",300,213,true],"medium_large":["https:\/\/rms-enlinea.com.ar\/wp-content\/uploads\/2025\/09\/D_926435-MLA93393529989_092025-F-768x544.jpg",768,544,true],"large":["https:\/\/rms-enlinea.com.ar\/wp-content\/uploads\/2025\/09\/D_926435-MLA93393529989_092025-F-1024x725.jpg",1024,725,true],"1536x1536":["https:\/\/rms-enlinea.com.ar\/wp-content\/uploads\/2025\/09\/D_926435-MLA93393529989_092025-F.jpg",1200,850,false],"2048x2048":["https:\/\/rms-enlinea.com.ar\/wp-content\/uploads\/2025\/09\/D_926435-MLA93393529989_092025-F.jpg",1200,850,false],"woocommerce_thumbnail":["https:\/\/rms-enlinea.com.ar\/wp-content\/uploads\/2025\/09\/D_926435-MLA93393529989_092025-F-450x450.jpg",450,450,true],"woocommerce_single":["https:\/\/rms-enlinea.com.ar\/wp-content\/uploads\/2025\/09\/D_926435-MLA93393529989_092025-F-600x425.jpg",600,425,true],"woocommerce_gallery_thumbnail":["https:\/\/rms-enlinea.com.ar\/wp-content\/uploads\/2025\/09\/D_926435-MLA93393529989_092025-F-100x100.jpg",100,100,true]},"uagb_author_info":{"display_name":"nelson","author_link":"https:\/\/rms-enlinea.com.ar\/tienda\/author\/"},"uagb_comment_info":0,"uagb_excerpt":"Aplicaciones PC Marca Asus Chipset A520 Plataforma AMD CPU Ryzen 3ra Gen Ranuras de expansi\u00f3n 1 x PCI Express 3.0 x16 (x16 mode) Factor de forma mATX L\u00ednea A520 Capacidad m\u00e1xima soportada de la memoria RAM 64 GB Modelo PRIME A520M-K Puertos SATA 4 Socket AM4 Procesadores soportados AMD Ryzen 3ra Gen Formato de memoria&hellip;","_links":{"self":[{"href":"https:\/\/rms-enlinea.com.ar\/tienda\/wp-json\/wp\/v2\/product\/56795","targetHints":{"allow":["GET"]}}],"collection":[{"href":"https:\/\/rms-enlinea.com.ar\/tienda\/wp-json\/wp\/v2\/product"}],"about":[{"href":"https:\/\/rms-enlinea.com.ar\/tienda\/wp-json\/wp\/v2\/types\/product"}],"replies":[{"embeddable":true,"href":"https:\/\/rms-enlinea.com.ar\/tienda\/wp-json\/wp\/v2\/comments?post=56795"}],"wp:featuredmedia":[{"embeddable":true,"href":"https:\/\/rms-enlinea.com.ar\/tienda\/wp-json\/wp\/v2\/media\/56796"}],"wp:attachment":[{"href":"https:\/\/rms-enlinea.com.ar\/tienda\/wp-json\/wp\/v2\/media?parent=56795"}],"wp:term":[{"taxonomy":"product_brand","embeddable":true,"href":"https:\/\/rms-enlinea.com.ar\/tienda\/wp-json\/wp\/v2\/product_brand?post=56795"},{"taxonomy":"product_cat","embeddable":true,"href":"https:\/\/rms-enlinea.com.ar\/tienda\/wp-json\/wp\/v2\/product_cat?post=56795"},{"taxonomy":"product_tag","embeddable":true,"href":"https:\/\/rms-enlinea.com.ar\/tienda\/wp-json\/wp\/v2\/product_tag?post=56795"}],"curies":[{"name":"wp","href":"https:\/\/api.w.org\/{rel}","templated":true}]}}