{"id":56812,"date":"2025-09-25T17:21:15","date_gmt":"2025-09-25T20:21:15","guid":{"rendered":"https:\/\/rms-enlinea.com.ar\/tienda\/producto\/apoya-muneca-genius-g-wp-200m-base-antideslizable-440x70x25\/"},"modified":"2026-04-06T14:22:37","modified_gmt":"2026-04-06T17:22:37","slug":"apoya-muneca-genius-g-wp-200m-base-antideslizable-440x70x25","status":"publish","type":"product","link":"https:\/\/rms-enlinea.com.ar\/tienda\/producto\/apoya-muneca-genius-g-wp-200m-base-antideslizable-440x70x25\/","title":{"rendered":"Apoya Mu\u00f1eca Genius G-wp 200m Base Antideslizable 440x70x25"},"content":{"rendered":"<p>Caracter\u00edsticas<br \/>Ajuste perfecto al teclado, soporte c\u00f3modo para la mu\u00f1eca<br \/>Espuma viscoel\u00e1stica sedosa, suave como la piel<br \/>Almohadilla de masaje para aliviar la mu\u00f1eca<br \/>Base antideslizante para un soporte estable<br \/>Comodidad premium, mejora la escritura y el gaming<br \/>Especificaci\u00f3n<br \/>Material<\/p>\n<p>Base de goma antideslizante, espuma viscoel\u00e1stica<br \/>Dimensiones (A x Al x P) mm (pulgadas)<br \/>440 x 70 x 25 mm (17.32 x 2.76 x 0.98 pulgadas)<\/p>\n","protected":false},"excerpt":{"rendered":"<p>Caracter\u00edsticasAjuste perfecto al teclado, soporte c\u00f3modo para la mu\u00f1ecaEspuma viscoel\u00e1stica sedosa, suave como la pielAlmohadilla de masaje para aliviar la mu\u00f1ecaBase antideslizante para un soporte estableComodidad premium, mejora la escritura y el gamingEspecificaci\u00f3nMaterial Base de goma antideslizante, espuma viscoel\u00e1sticaDimensiones (A x Al x P) mm (pulgadas)440 x 70 x 25 mm (17.32 x 2.76 x [&hellip;]<\/p>\n","protected":false},"featured_media":56813,"comment_status":"open","ping_status":"closed","template":"","meta":{"_uag_custom_page_level_css":""},"product_brand":[550],"product_cat":[125],"product_tag":[],"class_list":{"0":"post-56812","1":"product","2":"type-product","3":"status-publish","4":"has-post-thumbnail","6":"product_brand-genius","7":"product_cat-teclados-y-mouses","9":"first","10":"instock","11":"sale","12":"taxable","13":"shipping-taxable","14":"purchasable","15":"product-type-simple"},"uagb_featured_image_src":{"full":["https:\/\/rms-enlinea.com.ar\/wp-content\/uploads\/2025\/09\/D_723183-MLA93402443803_092025-F.jpg",1199,431,false],"thumbnail":["https:\/\/rms-enlinea.com.ar\/wp-content\/uploads\/2025\/09\/D_723183-MLA93402443803_092025-F-150x150.jpg",150,150,true],"medium":["https:\/\/rms-enlinea.com.ar\/wp-content\/uploads\/2025\/09\/D_723183-MLA93402443803_092025-F-300x108.jpg",300,108,true],"medium_large":["https:\/\/rms-enlinea.com.ar\/wp-content\/uploads\/2025\/09\/D_723183-MLA93402443803_092025-F-768x276.jpg",768,276,true],"large":["https:\/\/rms-enlinea.com.ar\/wp-content\/uploads\/2025\/09\/D_723183-MLA93402443803_092025-F-1024x368.jpg",1024,368,true],"1536x1536":["https:\/\/rms-enlinea.com.ar\/wp-content\/uploads\/2025\/09\/D_723183-MLA93402443803_092025-F.jpg",1199,431,false],"2048x2048":["https:\/\/rms-enlinea.com.ar\/wp-content\/uploads\/2025\/09\/D_723183-MLA93402443803_092025-F.jpg",1199,431,false],"woocommerce_thumbnail":["https:\/\/rms-enlinea.com.ar\/wp-content\/uploads\/2025\/09\/D_723183-MLA93402443803_092025-F-450x431.jpg",450,431,true],"woocommerce_single":["https:\/\/rms-enlinea.com.ar\/wp-content\/uploads\/2025\/09\/D_723183-MLA93402443803_092025-F-600x216.jpg",600,216,true],"woocommerce_gallery_thumbnail":["https:\/\/rms-enlinea.com.ar\/wp-content\/uploads\/2025\/09\/D_723183-MLA93402443803_092025-F-100x100.jpg",100,100,true]},"uagb_author_info":{"display_name":"nelson","author_link":"https:\/\/rms-enlinea.com.ar\/tienda\/author\/"},"uagb_comment_info":0,"uagb_excerpt":"Caracter\u00edsticasAjuste perfecto al teclado, soporte c\u00f3modo para la mu\u00f1ecaEspuma viscoel\u00e1stica sedosa, suave como la pielAlmohadilla de masaje para aliviar la mu\u00f1ecaBase antideslizante para un soporte estableComodidad premium, mejora la escritura y el gamingEspecificaci\u00f3nMaterial Base de goma antideslizante, espuma viscoel\u00e1sticaDimensiones (A x Al x P) mm (pulgadas)440 x 70 x 25 mm (17.32 x 2.76 x&hellip;","_links":{"self":[{"href":"https:\/\/rms-enlinea.com.ar\/tienda\/wp-json\/wp\/v2\/product\/56812","targetHints":{"allow":["GET"]}}],"collection":[{"href":"https:\/\/rms-enlinea.com.ar\/tienda\/wp-json\/wp\/v2\/product"}],"about":[{"href":"https:\/\/rms-enlinea.com.ar\/tienda\/wp-json\/wp\/v2\/types\/product"}],"replies":[{"embeddable":true,"href":"https:\/\/rms-enlinea.com.ar\/tienda\/wp-json\/wp\/v2\/comments?post=56812"}],"wp:featuredmedia":[{"embeddable":true,"href":"https:\/\/rms-enlinea.com.ar\/tienda\/wp-json\/wp\/v2\/media\/56813"}],"wp:attachment":[{"href":"https:\/\/rms-enlinea.com.ar\/tienda\/wp-json\/wp\/v2\/media?parent=56812"}],"wp:term":[{"taxonomy":"product_brand","embeddable":true,"href":"https:\/\/rms-enlinea.com.ar\/tienda\/wp-json\/wp\/v2\/product_brand?post=56812"},{"taxonomy":"product_cat","embeddable":true,"href":"https:\/\/rms-enlinea.com.ar\/tienda\/wp-json\/wp\/v2\/product_cat?post=56812"},{"taxonomy":"product_tag","embeddable":true,"href":"https:\/\/rms-enlinea.com.ar\/tienda\/wp-json\/wp\/v2\/product_tag?post=56812"}],"curies":[{"name":"wp","href":"https:\/\/api.w.org\/{rel}","templated":true}]}}