{"id":56819,"date":"2025-09-25T17:21:33","date_gmt":"2025-09-25T20:21:33","guid":{"rendered":"https:\/\/rms-enlinea.com.ar\/tienda\/producto\/parlantes-genius-sw-2-1-1850bt-bluetooth-50-watts-negro\/"},"modified":"2026-04-21T06:58:35","modified_gmt":"2026-04-21T09:58:35","slug":"parlantes-genius-sw-2-1-1850bt-bluetooth-50-watts-negro","status":"publish","type":"product","link":"https:\/\/rms-enlinea.com.ar\/tienda\/producto\/parlantes-genius-sw-2-1-1850bt-bluetooth-50-watts-negro\/","title":{"rendered":"Parlantes Genius Sw-2.1 1850bt Bluetooth 50 Watts Negro"},"content":{"rendered":"<p>Fuente de Poder Fuente AC 100V ~ 240V<br \/>\nAudio de Salida RCA \/ 3.5 mm<br \/>\nPotencia total de salida (W) 50 watts (Subwoofer: 25W, Sat\u00e9lites: 12.5W x 2)<br \/>\nDiadema 50 watts (Subwoofer: 25W, Sat\u00e9lite: 12.5W x 2)<br \/>\nFrecuencia 20 Hz ~ 20 KHz<br \/>\nRelaci\u00f3n Se\u00f1al-Ruido 75 dB<br \/>\nFibra \u00d3ptica S\u00ed (cable no incluido)<br \/>\nControl Remoto S\u00ed<br \/>\nControl del volumen S\u00ed<br \/>\nBajo S\u00ed<br \/>\nLongitud de Cable 1.5 m<\/p>\n","protected":false},"excerpt":{"rendered":"<p>Fuente de Poder Fuente AC 100V ~ 240V Audio de Salida RCA \/ 3.5 mm Potencia total de salida (W) 50 watts (Subwoofer: 25W, Sat\u00e9lites: 12.5W x 2) Diadema 50 watts (Subwoofer: 25W, Sat\u00e9lite: 12.5W x 2) Frecuencia 20 Hz ~ 20 KHz Relaci\u00f3n Se\u00f1al-Ruido 75 dB Fibra \u00d3ptica S\u00ed (cable no incluido) Control Remoto [&hellip;]<\/p>\n","protected":false},"featured_media":1500,"comment_status":"open","ping_status":"closed","template":"","meta":{"_uag_custom_page_level_css":""},"product_brand":[550],"product_cat":[124],"product_tag":[],"class_list":{"0":"post-56819","1":"product","2":"type-product","3":"status-publish","4":"has-post-thumbnail","6":"product_brand-genius","7":"product_cat-sistemas-de-sonido-parlantes","9":"first","10":"outofstock","11":"sale","12":"taxable","13":"shipping-taxable","14":"purchasable","15":"product-type-simple"},"uagb_featured_image_src":{"full":["https:\/\/rms-enlinea.com.ar\/wp-content\/uploads\/2025\/06\/D_853285-MLA85364418004_062025-F.jpg",1200,535,false],"thumbnail":["https:\/\/rms-enlinea.com.ar\/wp-content\/uploads\/2025\/06\/D_853285-MLA85364418004_062025-F-150x150.jpg",150,150,true],"medium":["https:\/\/rms-enlinea.com.ar\/wp-content\/uploads\/2025\/06\/D_853285-MLA85364418004_062025-F-300x134.jpg",300,134,true],"medium_large":["https:\/\/rms-enlinea.com.ar\/wp-content\/uploads\/2025\/06\/D_853285-MLA85364418004_062025-F-768x342.jpg",768,342,true],"large":["https:\/\/rms-enlinea.com.ar\/wp-content\/uploads\/2025\/06\/D_853285-MLA85364418004_062025-F-1024x457.jpg",1024,457,true],"1536x1536":["https:\/\/rms-enlinea.com.ar\/wp-content\/uploads\/2025\/06\/D_853285-MLA85364418004_062025-F.jpg",1200,535,false],"2048x2048":["https:\/\/rms-enlinea.com.ar\/wp-content\/uploads\/2025\/06\/D_853285-MLA85364418004_062025-F.jpg",1200,535,false],"woocommerce_thumbnail":["https:\/\/rms-enlinea.com.ar\/wp-content\/uploads\/2025\/06\/D_853285-MLA85364418004_062025-F-450x450.jpg",450,450,true],"woocommerce_single":["https:\/\/rms-enlinea.com.ar\/wp-content\/uploads\/2025\/06\/D_853285-MLA85364418004_062025-F-600x268.jpg",600,268,true],"woocommerce_gallery_thumbnail":["https:\/\/rms-enlinea.com.ar\/wp-content\/uploads\/2025\/06\/D_853285-MLA85364418004_062025-F-100x100.jpg",100,100,true]},"uagb_author_info":{"display_name":"nelson","author_link":"https:\/\/rms-enlinea.com.ar\/tienda\/author\/"},"uagb_comment_info":0,"uagb_excerpt":"Fuente de Poder Fuente AC 100V ~ 240V Audio de Salida RCA \/ 3.5 mm Potencia total de salida (W) 50 watts (Subwoofer: 25W, Sat\u00e9lites: 12.5W x 2) Diadema 50 watts (Subwoofer: 25W, Sat\u00e9lite: 12.5W x 2) Frecuencia 20 Hz ~ 20 KHz Relaci\u00f3n Se\u00f1al-Ruido 75 dB Fibra \u00d3ptica S\u00ed (cable no incluido) Control Remoto&hellip;","_links":{"self":[{"href":"https:\/\/rms-enlinea.com.ar\/tienda\/wp-json\/wp\/v2\/product\/56819","targetHints":{"allow":["GET"]}}],"collection":[{"href":"https:\/\/rms-enlinea.com.ar\/tienda\/wp-json\/wp\/v2\/product"}],"about":[{"href":"https:\/\/rms-enlinea.com.ar\/tienda\/wp-json\/wp\/v2\/types\/product"}],"replies":[{"embeddable":true,"href":"https:\/\/rms-enlinea.com.ar\/tienda\/wp-json\/wp\/v2\/comments?post=56819"}],"wp:featuredmedia":[{"embeddable":true,"href":"https:\/\/rms-enlinea.com.ar\/tienda\/wp-json\/wp\/v2\/media\/1500"}],"wp:attachment":[{"href":"https:\/\/rms-enlinea.com.ar\/tienda\/wp-json\/wp\/v2\/media?parent=56819"}],"wp:term":[{"taxonomy":"product_brand","embeddable":true,"href":"https:\/\/rms-enlinea.com.ar\/tienda\/wp-json\/wp\/v2\/product_brand?post=56819"},{"taxonomy":"product_cat","embeddable":true,"href":"https:\/\/rms-enlinea.com.ar\/tienda\/wp-json\/wp\/v2\/product_cat?post=56819"},{"taxonomy":"product_tag","embeddable":true,"href":"https:\/\/rms-enlinea.com.ar\/tienda\/wp-json\/wp\/v2\/product_tag?post=56819"}],"curies":[{"name":"wp","href":"https:\/\/api.w.org\/{rel}","templated":true}]}}