{"id":56833,"date":"2025-09-25T17:41:09","date_gmt":"2025-09-25T20:41:09","guid":{"rendered":"https:\/\/rms-enlinea.com.ar\/tienda\/producto\/kit-teclado-y-mouse-genius-slimstar-8230-blanco-bt-2-4ghz\/"},"modified":"2026-04-14T16:40:45","modified_gmt":"2026-04-14T19:40:45","slug":"kit-teclado-y-mouse-genius-slimstar-8230-blanco-bt-2-4ghz","status":"publish","type":"product","link":"https:\/\/rms-enlinea.com.ar\/tienda\/producto\/kit-teclado-y-mouse-genius-slimstar-8230-blanco-bt-2-4ghz\/","title":{"rendered":"Kit Teclado Y Mouse Genius Slimstar 8230 Blanco Bt 2.4ghz"},"content":{"rendered":"<p>Frecuencia RF Bluetooth 5.3 o 2.4GHz<\/p>\n<p>Multi dispositivo Conecte hasta 3 dispositivos Dos bluetooth + Uno de 2.4GHz<\/p>\n<p>Tipo de tecla Tecla de chocolate<\/p>\n<p>Tecla de suspensi\u00f3n No<\/p>\n<p>Tecla calculadora S\u00ed<\/p>\n<p>Teclas de funci\u00f3n S\u00ed, 12 (8 de audio, 4 de Internet)<\/p>\n<p>Teclas multimedia S\u00ed, 9 (7 de audio, 2 de Internet)<\/p>\n<p>Motor de sensor de rat\u00f3n \u00d3ptico<\/p>\n<p>Resoluci\u00f3n del rat\u00f3n (DPI) 1200<\/p>\n<p>Rat\u00f3n n\u00famero de botones 3 (Izquierda, derecha, bot\u00f3n central con desplazamiento)<\/p>\n<p>Resistente a derrames No<\/p>\n<p>Reposamanos No<\/p>\n<p>Otro Peso (gramos)<\/p>\n","protected":false},"excerpt":{"rendered":"<p>Frecuencia RF Bluetooth 5.3 o 2.4GHz Multi dispositivo Conecte hasta 3 dispositivos Dos bluetooth + Uno de 2.4GHz Tipo de tecla Tecla de chocolate Tecla de suspensi\u00f3n No Tecla calculadora S\u00ed Teclas de funci\u00f3n S\u00ed, 12 (8 de audio, 4 de Internet) Teclas multimedia S\u00ed, 9 (7 de audio, 2 de Internet) Motor de sensor [&hellip;]<\/p>\n","protected":false},"featured_media":50528,"comment_status":"open","ping_status":"closed","template":"","meta":{"_uag_custom_page_level_css":""},"product_brand":[550],"product_cat":[125],"product_tag":[],"class_list":{"0":"post-56833","1":"product","2":"type-product","3":"status-publish","4":"has-post-thumbnail","6":"product_brand-genius","7":"product_cat-teclados-y-mouses","9":"first","10":"outofstock","11":"sale","12":"taxable","13":"shipping-taxable","14":"purchasable","15":"product-type-simple"},"uagb_featured_image_src":{"full":["https:\/\/rms-enlinea.com.ar\/wp-content\/uploads\/2025\/07\/D_954070-MLU77121529235_062024-F.jpg",1199,520,false],"thumbnail":["https:\/\/rms-enlinea.com.ar\/wp-content\/uploads\/2025\/07\/D_954070-MLU77121529235_062024-F-150x150.jpg",150,150,true],"medium":["https:\/\/rms-enlinea.com.ar\/wp-content\/uploads\/2025\/07\/D_954070-MLU77121529235_062024-F-300x130.jpg",300,130,true],"medium_large":["https:\/\/rms-enlinea.com.ar\/wp-content\/uploads\/2025\/07\/D_954070-MLU77121529235_062024-F-768x333.jpg",768,333,true],"large":["https:\/\/rms-enlinea.com.ar\/wp-content\/uploads\/2025\/07\/D_954070-MLU77121529235_062024-F-1024x444.jpg",1024,444,true],"1536x1536":["https:\/\/rms-enlinea.com.ar\/wp-content\/uploads\/2025\/07\/D_954070-MLU77121529235_062024-F.jpg",1199,520,false],"2048x2048":["https:\/\/rms-enlinea.com.ar\/wp-content\/uploads\/2025\/07\/D_954070-MLU77121529235_062024-F.jpg",1199,520,false],"woocommerce_thumbnail":["https:\/\/rms-enlinea.com.ar\/wp-content\/uploads\/2025\/07\/D_954070-MLU77121529235_062024-F-450x450.jpg",450,450,true],"woocommerce_single":["https:\/\/rms-enlinea.com.ar\/wp-content\/uploads\/2025\/07\/D_954070-MLU77121529235_062024-F-600x260.jpg",600,260,true],"woocommerce_gallery_thumbnail":["https:\/\/rms-enlinea.com.ar\/wp-content\/uploads\/2025\/07\/D_954070-MLU77121529235_062024-F-100x100.jpg",100,100,true]},"uagb_author_info":{"display_name":"nelson","author_link":"https:\/\/rms-enlinea.com.ar\/tienda\/author\/"},"uagb_comment_info":0,"uagb_excerpt":"Frecuencia RF Bluetooth 5.3 o 2.4GHz Multi dispositivo Conecte hasta 3 dispositivos Dos bluetooth + Uno de 2.4GHz Tipo de tecla Tecla de chocolate Tecla de suspensi\u00f3n No Tecla calculadora S\u00ed Teclas de funci\u00f3n S\u00ed, 12 (8 de audio, 4 de Internet) Teclas multimedia S\u00ed, 9 (7 de audio, 2 de Internet) Motor de sensor&hellip;","_links":{"self":[{"href":"https:\/\/rms-enlinea.com.ar\/tienda\/wp-json\/wp\/v2\/product\/56833","targetHints":{"allow":["GET"]}}],"collection":[{"href":"https:\/\/rms-enlinea.com.ar\/tienda\/wp-json\/wp\/v2\/product"}],"about":[{"href":"https:\/\/rms-enlinea.com.ar\/tienda\/wp-json\/wp\/v2\/types\/product"}],"replies":[{"embeddable":true,"href":"https:\/\/rms-enlinea.com.ar\/tienda\/wp-json\/wp\/v2\/comments?post=56833"}],"wp:featuredmedia":[{"embeddable":true,"href":"https:\/\/rms-enlinea.com.ar\/tienda\/wp-json\/wp\/v2\/media\/50528"}],"wp:attachment":[{"href":"https:\/\/rms-enlinea.com.ar\/tienda\/wp-json\/wp\/v2\/media?parent=56833"}],"wp:term":[{"taxonomy":"product_brand","embeddable":true,"href":"https:\/\/rms-enlinea.com.ar\/tienda\/wp-json\/wp\/v2\/product_brand?post=56833"},{"taxonomy":"product_cat","embeddable":true,"href":"https:\/\/rms-enlinea.com.ar\/tienda\/wp-json\/wp\/v2\/product_cat?post=56833"},{"taxonomy":"product_tag","embeddable":true,"href":"https:\/\/rms-enlinea.com.ar\/tienda\/wp-json\/wp\/v2\/product_tag?post=56833"}],"curies":[{"name":"wp","href":"https:\/\/api.w.org\/{rel}","templated":true}]}}