{"id":56841,"date":"2025-09-25T19:11:28","date_gmt":"2025-09-25T22:11:28","guid":{"rendered":"https:\/\/rms-enlinea.com.ar\/tienda\/producto\/placa-de-video-gigabyte-radeon-rx-9060xt-gaming-oc-8gb\/"},"modified":"2026-04-06T12:12:33","modified_gmt":"2026-04-06T15:12:33","slug":"placa-de-video-gigabyte-radeon-rx-9060xt-gaming-oc-8gb","status":"publish","type":"product","link":"https:\/\/rms-enlinea.com.ar\/tienda\/producto\/placa-de-video-gigabyte-radeon-rx-9060xt-gaming-oc-8gb\/","title":{"rendered":"Placa De Video Gigabyte Radeon Rx 9060xt Gaming Oc 8gb"},"content":{"rendered":"<p>Core Clock TBD<br \/>\nCorriente de procesadores TBD<br \/>\nReloj de memoria 20 Gbps<br \/>\nTama\u00f1o de la memoria 8GB<br \/>\nTipo de memoria GDDR6<br \/>\nBus de memoria 128 bits<br \/>\nBus de la tarjeta PCI-E 5.0<br \/>\nResoluci\u00f3n max digital 7680 x 4320<br \/>\nMulti-visi\u00f3n 3<br \/>\nTama\u00f1o de la tarjeta L=281 W=118 H=40 mm<br \/>\nFormulario de PCB ATX<br \/>\nDirectX DirectX 12 API<br \/>\nOpenGL OpenGL 4.6<br \/>\nAplicaci\u00f3n recomendada 450W<br \/>\nConectores de energ\u00eda 8 pin*1<br \/>\nPuertos DisplayPort 2.1a x2<br \/>\nHDMI 2.1b x1<\/p>\n","protected":false},"excerpt":{"rendered":"<p>Core Clock TBD Corriente de procesadores TBD Reloj de memoria 20 Gbps Tama\u00f1o de la memoria 8GB Tipo de memoria GDDR6 Bus de memoria 128 bits Bus de la tarjeta PCI-E 5.0 Resoluci\u00f3n max digital 7680 x 4320 Multi-visi\u00f3n 3 Tama\u00f1o de la tarjeta L=281 W=118 H=40 mm Formulario de PCB ATX DirectX DirectX 12 [&hellip;]<\/p>\n","protected":false},"featured_media":4499,"comment_status":"open","ping_status":"closed","template":"","meta":{"_uag_custom_page_level_css":""},"product_brand":[532],"product_cat":[120],"product_tag":[],"class_list":{"0":"post-56841","1":"product","2":"type-product","3":"status-publish","4":"has-post-thumbnail","6":"product_brand-gigabyte","7":"product_cat-placas-de-video","9":"first","10":"instock","11":"sale","12":"taxable","13":"shipping-taxable","14":"purchasable","15":"product-type-simple"},"uagb_featured_image_src":{"full":["https:\/\/rms-enlinea.com.ar\/wp-content\/uploads\/2025\/06\/D_994847-MLA85413879580_062025-F.jpg",1200,1127,false],"thumbnail":["https:\/\/rms-enlinea.com.ar\/wp-content\/uploads\/2025\/06\/D_994847-MLA85413879580_062025-F-150x150.jpg",150,150,true],"medium":["https:\/\/rms-enlinea.com.ar\/wp-content\/uploads\/2025\/06\/D_994847-MLA85413879580_062025-F-300x282.jpg",300,282,true],"medium_large":["https:\/\/rms-enlinea.com.ar\/wp-content\/uploads\/2025\/06\/D_994847-MLA85413879580_062025-F-768x721.jpg",768,721,true],"large":["https:\/\/rms-enlinea.com.ar\/wp-content\/uploads\/2025\/06\/D_994847-MLA85413879580_062025-F-1024x962.jpg",1024,962,true],"1536x1536":["https:\/\/rms-enlinea.com.ar\/wp-content\/uploads\/2025\/06\/D_994847-MLA85413879580_062025-F.jpg",1200,1127,false],"2048x2048":["https:\/\/rms-enlinea.com.ar\/wp-content\/uploads\/2025\/06\/D_994847-MLA85413879580_062025-F.jpg",1200,1127,false],"woocommerce_thumbnail":["https:\/\/rms-enlinea.com.ar\/wp-content\/uploads\/2025\/06\/D_994847-MLA85413879580_062025-F-450x450.jpg",450,450,true],"woocommerce_single":["https:\/\/rms-enlinea.com.ar\/wp-content\/uploads\/2025\/06\/D_994847-MLA85413879580_062025-F-600x564.jpg",600,564,true],"woocommerce_gallery_thumbnail":["https:\/\/rms-enlinea.com.ar\/wp-content\/uploads\/2025\/06\/D_994847-MLA85413879580_062025-F-100x100.jpg",100,100,true]},"uagb_author_info":{"display_name":"nelson","author_link":"https:\/\/rms-enlinea.com.ar\/tienda\/author\/"},"uagb_comment_info":0,"uagb_excerpt":"Core Clock TBD Corriente de procesadores TBD Reloj de memoria 20 Gbps Tama\u00f1o de la memoria 8GB Tipo de memoria GDDR6 Bus de memoria 128 bits Bus de la tarjeta PCI-E 5.0 Resoluci\u00f3n max digital 7680 x 4320 Multi-visi\u00f3n 3 Tama\u00f1o de la tarjeta L=281 W=118 H=40 mm Formulario de PCB ATX DirectX DirectX 12&hellip;","_links":{"self":[{"href":"https:\/\/rms-enlinea.com.ar\/tienda\/wp-json\/wp\/v2\/product\/56841","targetHints":{"allow":["GET"]}}],"collection":[{"href":"https:\/\/rms-enlinea.com.ar\/tienda\/wp-json\/wp\/v2\/product"}],"about":[{"href":"https:\/\/rms-enlinea.com.ar\/tienda\/wp-json\/wp\/v2\/types\/product"}],"replies":[{"embeddable":true,"href":"https:\/\/rms-enlinea.com.ar\/tienda\/wp-json\/wp\/v2\/comments?post=56841"}],"wp:featuredmedia":[{"embeddable":true,"href":"https:\/\/rms-enlinea.com.ar\/tienda\/wp-json\/wp\/v2\/media\/4499"}],"wp:attachment":[{"href":"https:\/\/rms-enlinea.com.ar\/tienda\/wp-json\/wp\/v2\/media?parent=56841"}],"wp:term":[{"taxonomy":"product_brand","embeddable":true,"href":"https:\/\/rms-enlinea.com.ar\/tienda\/wp-json\/wp\/v2\/product_brand?post=56841"},{"taxonomy":"product_cat","embeddable":true,"href":"https:\/\/rms-enlinea.com.ar\/tienda\/wp-json\/wp\/v2\/product_cat?post=56841"},{"taxonomy":"product_tag","embeddable":true,"href":"https:\/\/rms-enlinea.com.ar\/tienda\/wp-json\/wp\/v2\/product_tag?post=56841"}],"curies":[{"name":"wp","href":"https:\/\/api.w.org\/{rel}","templated":true}]}}