{"id":56850,"date":"2025-09-26T16:31:37","date_gmt":"2025-09-26T19:31:37","guid":{"rendered":"https:\/\/rms-enlinea.com.ar\/tienda\/producto\/auricular-con-microfono-in-ear-genius-hs-m320-mini-plug\/"},"modified":"2026-03-31T16:59:12","modified_gmt":"2026-03-31T19:59:12","slug":"auricular-con-microfono-in-ear-genius-hs-m320-mini-plug","status":"publish","type":"product","link":"https:\/\/rms-enlinea.com.ar\/tienda\/producto\/auricular-con-microfono-in-ear-genius-hs-m320-mini-plug\/","title":{"rendered":"Auricular Con Microfono In Ear Genius Hs-m320 Mini Plug"},"content":{"rendered":"<p>Marca Genius<br \/>\nFormato del auricular In-ear<br \/>\nEs monoaural No<br \/>\nEs inal\u00e1mbrico No<br \/>\nModelo HS-M320<br \/>\nCon Bluetooth No<br \/>\nCon micr\u00f3fono S\u00ed<\/p>\n","protected":false},"excerpt":{"rendered":"<p>Marca Genius Formato del auricular In-ear Es monoaural No Es inal\u00e1mbrico No Modelo HS-M320 Con Bluetooth No Con micr\u00f3fono S\u00ed<\/p>\n","protected":false},"featured_media":56851,"comment_status":"open","ping_status":"closed","template":"","meta":{"_uag_custom_page_level_css":""},"product_brand":[550],"product_cat":[99],"product_tag":[],"class_list":{"0":"post-56850","1":"product","2":"type-product","3":"status-publish","4":"has-post-thumbnail","6":"product_brand-genius","7":"product_cat-auriculares-computacion","9":"first","10":"outofstock","11":"sale","12":"taxable","13":"shipping-taxable","14":"purchasable","15":"product-type-simple"},"uagb_featured_image_src":{"full":["https:\/\/rms-enlinea.com.ar\/wp-content\/uploads\/2025\/09\/D_738539-MLA93071578638_092025-F.jpg",885,1200,false],"thumbnail":["https:\/\/rms-enlinea.com.ar\/wp-content\/uploads\/2025\/09\/D_738539-MLA93071578638_092025-F-150x150.jpg",150,150,true],"medium":["https:\/\/rms-enlinea.com.ar\/wp-content\/uploads\/2025\/09\/D_738539-MLA93071578638_092025-F-221x300.jpg",221,300,true],"medium_large":["https:\/\/rms-enlinea.com.ar\/wp-content\/uploads\/2025\/09\/D_738539-MLA93071578638_092025-F-768x1041.jpg",768,1041,true],"large":["https:\/\/rms-enlinea.com.ar\/wp-content\/uploads\/2025\/09\/D_738539-MLA93071578638_092025-F-755x1024.jpg",755,1024,true],"1536x1536":["https:\/\/rms-enlinea.com.ar\/wp-content\/uploads\/2025\/09\/D_738539-MLA93071578638_092025-F.jpg",885,1200,false],"2048x2048":["https:\/\/rms-enlinea.com.ar\/wp-content\/uploads\/2025\/09\/D_738539-MLA93071578638_092025-F.jpg",885,1200,false],"woocommerce_thumbnail":["https:\/\/rms-enlinea.com.ar\/wp-content\/uploads\/2025\/09\/D_738539-MLA93071578638_092025-F-450x450.jpg",450,450,true],"woocommerce_single":["https:\/\/rms-enlinea.com.ar\/wp-content\/uploads\/2025\/09\/D_738539-MLA93071578638_092025-F-600x814.jpg",600,814,true],"woocommerce_gallery_thumbnail":["https:\/\/rms-enlinea.com.ar\/wp-content\/uploads\/2025\/09\/D_738539-MLA93071578638_092025-F-100x100.jpg",100,100,true]},"uagb_author_info":{"display_name":"nelson","author_link":"https:\/\/rms-enlinea.com.ar\/tienda\/author\/"},"uagb_comment_info":0,"uagb_excerpt":"Marca Genius Formato del auricular In-ear Es monoaural No Es inal\u00e1mbrico No Modelo HS-M320 Con Bluetooth No Con micr\u00f3fono S\u00ed","_links":{"self":[{"href":"https:\/\/rms-enlinea.com.ar\/tienda\/wp-json\/wp\/v2\/product\/56850","targetHints":{"allow":["GET"]}}],"collection":[{"href":"https:\/\/rms-enlinea.com.ar\/tienda\/wp-json\/wp\/v2\/product"}],"about":[{"href":"https:\/\/rms-enlinea.com.ar\/tienda\/wp-json\/wp\/v2\/types\/product"}],"replies":[{"embeddable":true,"href":"https:\/\/rms-enlinea.com.ar\/tienda\/wp-json\/wp\/v2\/comments?post=56850"}],"wp:featuredmedia":[{"embeddable":true,"href":"https:\/\/rms-enlinea.com.ar\/tienda\/wp-json\/wp\/v2\/media\/56851"}],"wp:attachment":[{"href":"https:\/\/rms-enlinea.com.ar\/tienda\/wp-json\/wp\/v2\/media?parent=56850"}],"wp:term":[{"taxonomy":"product_brand","embeddable":true,"href":"https:\/\/rms-enlinea.com.ar\/tienda\/wp-json\/wp\/v2\/product_brand?post=56850"},{"taxonomy":"product_cat","embeddable":true,"href":"https:\/\/rms-enlinea.com.ar\/tienda\/wp-json\/wp\/v2\/product_cat?post=56850"},{"taxonomy":"product_tag","embeddable":true,"href":"https:\/\/rms-enlinea.com.ar\/tienda\/wp-json\/wp\/v2\/product_tag?post=56850"}],"curies":[{"name":"wp","href":"https:\/\/api.w.org\/{rel}","templated":true}]}}