{"id":56856,"date":"2025-09-26T16:31:49","date_gmt":"2025-09-26T19:31:49","guid":{"rendered":"https:\/\/rms-enlinea.com.ar\/tienda\/producto\/mouse-genius-dx-110-g5-usb-cable-1-5m-1000-dpi-optico-2\/"},"modified":"2026-04-21T04:13:58","modified_gmt":"2026-04-21T07:13:58","slug":"mouse-genius-dx-110-g5-usb-cable-1-5m-1000-dpi-optico-2","status":"publish","type":"product","link":"https:\/\/rms-enlinea.com.ar\/tienda\/producto\/mouse-genius-dx-110-g5-usb-cable-1-5m-1000-dpi-optico-2\/","title":{"rendered":"Mouse Genius Dx-110 G5 Usb Cable 1.5m 1000 Dpi Optico"},"content":{"rendered":"<p>Marca<\/p>\n<p>Genius<br \/>\nEAN<\/p>\n<p>7797469536111<br \/>\nC\u00f3digo universal de producto<\/p>\n<p>7797469536111<br \/>\nModelo<\/p>\n<p>Genius mouse dx-110 g5<br \/>\nResoluci\u00f3n del sensor<\/p>\n<p>1 dpi<br \/>\nTipo de sensor<\/p>\n<p>Run on Shine<br \/>\nLargo del cable<\/p>\n<p>1.5 m<br \/>\nMarca<\/p>\n<p>Genius<br \/>\nEs recargable<\/p>\n<p>No<br \/>\nEs inal\u00e1mbrico USB<\/p>\n<p>No<br \/>\nModelo<\/p>\n<p>DX-110<br \/>\nTipo<\/p>\n<p>Convencional i<br \/>\nResoluci\u00f3n del sensor<\/p>\n<p>1000 dpi<br \/>\nTipo de sensor<\/p>\n<p>\u00d3ptico<br \/>\nCon Bluetooth<\/p>\n<p>No<br \/>\nCon cable retr\u00e1ctil<\/p>\n<p>No<br \/>\nCon cable<\/p>\n<p>S\u00ed<br \/>\nMarca<\/p>\n<p>Genius<br \/>\nConexi\u00f3n<\/p>\n<p>USB<br \/>\nEs recargable<\/p>\n<p>No<br \/>\nEs inal\u00e1mbrico USB<\/p>\n<p>S\u00ed<br \/>\nPeso neto<\/p>\n<p>85 g<br \/>\nTipo<\/p>\n<p>Convencional<br \/>\nResoluci\u00f3n del sensor<\/p>\n<p>1600 dpi<br \/>\nTipo de sensor<\/p>\n<p>\u00d3ptico<br \/>\nCon Bluetooth<\/p>\n<p>No<br \/>\nCon cable retr\u00e1ctil<\/p>\n<p>No<br \/>\nCon cable<\/p>\n<p>No<\/p>\n","protected":false},"excerpt":{"rendered":"<p>Marca Genius EAN 7797469536111 C\u00f3digo universal de producto 7797469536111 Modelo Genius mouse dx-110 g5 Resoluci\u00f3n del sensor 1 dpi Tipo de sensor Run on Shine Largo del cable 1.5 m Marca Genius Es recargable No Es inal\u00e1mbrico USB No Modelo DX-110 Tipo Convencional i Resoluci\u00f3n del sensor 1000 dpi Tipo de sensor \u00d3ptico Con Bluetooth [&hellip;]<\/p>\n","protected":false},"featured_media":56857,"comment_status":"open","ping_status":"closed","template":"","meta":{"_uag_custom_page_level_css":""},"product_brand":[550],"product_cat":[125],"product_tag":[],"class_list":{"0":"post-56856","1":"product","2":"type-product","3":"status-publish","4":"has-post-thumbnail","6":"product_brand-genius","7":"product_cat-teclados-y-mouses","9":"first","10":"outofstock","11":"sale","12":"taxable","13":"shipping-taxable","14":"purchasable","15":"product-type-simple"},"uagb_featured_image_src":{"full":["https:\/\/rms-enlinea.com.ar\/wp-content\/uploads\/2025\/09\/D_958882-MLA93071144100_092025-F.jpg",632,1200,false],"thumbnail":["https:\/\/rms-enlinea.com.ar\/wp-content\/uploads\/2025\/09\/D_958882-MLA93071144100_092025-F-150x150.jpg",150,150,true],"medium":["https:\/\/rms-enlinea.com.ar\/wp-content\/uploads\/2025\/09\/D_958882-MLA93071144100_092025-F-158x300.jpg",158,300,true],"medium_large":["https:\/\/rms-enlinea.com.ar\/wp-content\/uploads\/2025\/09\/D_958882-MLA93071144100_092025-F.jpg",632,1200,false],"large":["https:\/\/rms-enlinea.com.ar\/wp-content\/uploads\/2025\/09\/D_958882-MLA93071144100_092025-F-539x1024.jpg",539,1024,true],"1536x1536":["https:\/\/rms-enlinea.com.ar\/wp-content\/uploads\/2025\/09\/D_958882-MLA93071144100_092025-F.jpg",632,1200,false],"2048x2048":["https:\/\/rms-enlinea.com.ar\/wp-content\/uploads\/2025\/09\/D_958882-MLA93071144100_092025-F.jpg",632,1200,false],"woocommerce_thumbnail":["https:\/\/rms-enlinea.com.ar\/wp-content\/uploads\/2025\/09\/D_958882-MLA93071144100_092025-F-450x450.jpg",450,450,true],"woocommerce_single":["https:\/\/rms-enlinea.com.ar\/wp-content\/uploads\/2025\/09\/D_958882-MLA93071144100_092025-F-600x1139.jpg",600,1139,true],"woocommerce_gallery_thumbnail":["https:\/\/rms-enlinea.com.ar\/wp-content\/uploads\/2025\/09\/D_958882-MLA93071144100_092025-F-100x100.jpg",100,100,true]},"uagb_author_info":{"display_name":"nelson","author_link":"https:\/\/rms-enlinea.com.ar\/tienda\/author\/"},"uagb_comment_info":0,"uagb_excerpt":"Marca Genius EAN 7797469536111 C\u00f3digo universal de producto 7797469536111 Modelo Genius mouse dx-110 g5 Resoluci\u00f3n del sensor 1 dpi Tipo de sensor Run on Shine Largo del cable 1.5 m Marca Genius Es recargable No Es inal\u00e1mbrico USB No Modelo DX-110 Tipo Convencional i Resoluci\u00f3n del sensor 1000 dpi Tipo de sensor \u00d3ptico Con Bluetooth&hellip;","_links":{"self":[{"href":"https:\/\/rms-enlinea.com.ar\/tienda\/wp-json\/wp\/v2\/product\/56856","targetHints":{"allow":["GET"]}}],"collection":[{"href":"https:\/\/rms-enlinea.com.ar\/tienda\/wp-json\/wp\/v2\/product"}],"about":[{"href":"https:\/\/rms-enlinea.com.ar\/tienda\/wp-json\/wp\/v2\/types\/product"}],"replies":[{"embeddable":true,"href":"https:\/\/rms-enlinea.com.ar\/tienda\/wp-json\/wp\/v2\/comments?post=56856"}],"wp:featuredmedia":[{"embeddable":true,"href":"https:\/\/rms-enlinea.com.ar\/tienda\/wp-json\/wp\/v2\/media\/56857"}],"wp:attachment":[{"href":"https:\/\/rms-enlinea.com.ar\/tienda\/wp-json\/wp\/v2\/media?parent=56856"}],"wp:term":[{"taxonomy":"product_brand","embeddable":true,"href":"https:\/\/rms-enlinea.com.ar\/tienda\/wp-json\/wp\/v2\/product_brand?post=56856"},{"taxonomy":"product_cat","embeddable":true,"href":"https:\/\/rms-enlinea.com.ar\/tienda\/wp-json\/wp\/v2\/product_cat?post=56856"},{"taxonomy":"product_tag","embeddable":true,"href":"https:\/\/rms-enlinea.com.ar\/tienda\/wp-json\/wp\/v2\/product_tag?post=56856"}],"curies":[{"name":"wp","href":"https:\/\/api.w.org\/{rel}","templated":true}]}}