{"id":56957,"date":"2025-09-30T17:32:03","date_gmt":"2025-09-30T20:32:03","guid":{"rendered":"https:\/\/rms-enlinea.com.ar\/tienda\/producto\/mother-con-cpu-asrock-qc7000m-amd-apu-e2-7110-ddr3\/"},"modified":"2026-04-21T04:17:48","modified_gmt":"2026-04-21T07:17:48","slug":"mother-con-cpu-asrock-qc7000m-amd-apu-e2-7110-ddr3","status":"publish","type":"product","link":"https:\/\/rms-enlinea.com.ar\/tienda\/producto\/mother-con-cpu-asrock-qc7000m-amd-apu-e2-7110-ddr3\/","title":{"rendered":"Mother Con Cpu Asrock Qc7000m Amd Apu E2-7110 Ddr3"},"content":{"rendered":"<p>APU AMD FT3b Carrizo-L E2-7110 Quad-Core<br \/>\nSoporta DDR3 1600<br \/>\n1 PCIe 2.0 x16 (@4), 2 PCIe 2.0 x1<br \/>\nOpciones de salida de gr\u00e1ficos: D-Sub, HDMI<br \/>\nGr\u00e1ficos AMD Radeon R2 integrados, DX12, PS5.0<\/p>\n<p>Detalles del producto<br \/>\nNombre Modelo QC7000M<br \/>\nASIN B0DMTVVD27<br \/>\nN\u00famero de modelo 90-MXBC70-A0UAYZ<br \/>\nMarca ASRock<br \/>\nFabricante ASRock<\/p>\n<p>Caracter\u00edsticas y especificaciones<br \/>\nRanuras disponibles 2<br \/>\nTipo de circuito integrado SOC<br \/>\nZ\u00f3calo del procesador Enchufe FT3b<br \/>\nCapacidad m\u00e1xima de la memoria RAM 32 GB<br \/>\nPuertos HDMI 1<br \/>\nPuertos Ethernet 1<br \/>\nEst\u00e1ndar del bus del sistema compatible SATA 3<br \/>\nPlataforma Windows 10<br \/>\nPuertos USB 10<br \/>\nDispositivos compatibles Ordenador personal<br \/>\nVelocidad Reloj Memoria 1600 MHz<br \/>\nTotal de puertos SATA 2<br \/>\nInterfaz de tarjeta gr\u00e1fica 1 Integrado<br \/>\nProcesadores compatibles APU AMD FT3b Carrizo-L E2-7110 Quad-Core<\/p>\n","protected":false},"excerpt":{"rendered":"<p>APU AMD FT3b Carrizo-L E2-7110 Quad-Core Soporta DDR3 1600 1 PCIe 2.0 x16 (@4), 2 PCIe 2.0 x1 Opciones de salida de gr\u00e1ficos: D-Sub, HDMI Gr\u00e1ficos AMD Radeon R2 integrados, DX12, PS5.0 Detalles del producto Nombre Modelo QC7000M ASIN B0DMTVVD27 N\u00famero de modelo 90-MXBC70-A0UAYZ Marca ASRock Fabricante ASRock Caracter\u00edsticas y especificaciones Ranuras disponibles 2 Tipo [&hellip;]<\/p>\n","protected":false},"featured_media":56958,"comment_status":"open","ping_status":"closed","template":"","meta":{"_uag_custom_page_level_css":""},"product_brand":[588],"product_cat":[115],"product_tag":[],"class_list":{"0":"post-56957","1":"product","2":"type-product","3":"status-publish","4":"has-post-thumbnail","6":"product_brand-asrock","7":"product_cat-mother","9":"first","10":"outofstock","11":"sale","12":"taxable","13":"shipping-taxable","14":"purchasable","15":"product-type-simple"},"uagb_featured_image_src":{"full":["https:\/\/rms-enlinea.com.ar\/wp-content\/uploads\/2025\/09\/D_911366-MLA93427356684_092025-F.jpg",1199,864,false],"thumbnail":["https:\/\/rms-enlinea.com.ar\/wp-content\/uploads\/2025\/09\/D_911366-MLA93427356684_092025-F-150x150.jpg",150,150,true],"medium":["https:\/\/rms-enlinea.com.ar\/wp-content\/uploads\/2025\/09\/D_911366-MLA93427356684_092025-F-300x216.jpg",300,216,true],"medium_large":["https:\/\/rms-enlinea.com.ar\/wp-content\/uploads\/2025\/09\/D_911366-MLA93427356684_092025-F-768x553.jpg",768,553,true],"large":["https:\/\/rms-enlinea.com.ar\/wp-content\/uploads\/2025\/09\/D_911366-MLA93427356684_092025-F-1024x738.jpg",1024,738,true],"1536x1536":["https:\/\/rms-enlinea.com.ar\/wp-content\/uploads\/2025\/09\/D_911366-MLA93427356684_092025-F.jpg",1199,864,false],"2048x2048":["https:\/\/rms-enlinea.com.ar\/wp-content\/uploads\/2025\/09\/D_911366-MLA93427356684_092025-F.jpg",1199,864,false],"woocommerce_thumbnail":["https:\/\/rms-enlinea.com.ar\/wp-content\/uploads\/2025\/09\/D_911366-MLA93427356684_092025-F-450x450.jpg",450,450,true],"woocommerce_single":["https:\/\/rms-enlinea.com.ar\/wp-content\/uploads\/2025\/09\/D_911366-MLA93427356684_092025-F-600x432.jpg",600,432,true],"woocommerce_gallery_thumbnail":["https:\/\/rms-enlinea.com.ar\/wp-content\/uploads\/2025\/09\/D_911366-MLA93427356684_092025-F-100x100.jpg",100,100,true]},"uagb_author_info":{"display_name":"nelson","author_link":"https:\/\/rms-enlinea.com.ar\/tienda\/author\/"},"uagb_comment_info":0,"uagb_excerpt":"APU AMD FT3b Carrizo-L E2-7110 Quad-Core Soporta DDR3 1600 1 PCIe 2.0 x16 (@4), 2 PCIe 2.0 x1 Opciones de salida de gr\u00e1ficos: D-Sub, HDMI Gr\u00e1ficos AMD Radeon R2 integrados, DX12, PS5.0 Detalles del producto Nombre Modelo QC7000M ASIN B0DMTVVD27 N\u00famero de modelo 90-MXBC70-A0UAYZ Marca ASRock Fabricante ASRock Caracter\u00edsticas y especificaciones Ranuras disponibles 2 Tipo&hellip;","_links":{"self":[{"href":"https:\/\/rms-enlinea.com.ar\/tienda\/wp-json\/wp\/v2\/product\/56957","targetHints":{"allow":["GET"]}}],"collection":[{"href":"https:\/\/rms-enlinea.com.ar\/tienda\/wp-json\/wp\/v2\/product"}],"about":[{"href":"https:\/\/rms-enlinea.com.ar\/tienda\/wp-json\/wp\/v2\/types\/product"}],"replies":[{"embeddable":true,"href":"https:\/\/rms-enlinea.com.ar\/tienda\/wp-json\/wp\/v2\/comments?post=56957"}],"wp:featuredmedia":[{"embeddable":true,"href":"https:\/\/rms-enlinea.com.ar\/tienda\/wp-json\/wp\/v2\/media\/56958"}],"wp:attachment":[{"href":"https:\/\/rms-enlinea.com.ar\/tienda\/wp-json\/wp\/v2\/media?parent=56957"}],"wp:term":[{"taxonomy":"product_brand","embeddable":true,"href":"https:\/\/rms-enlinea.com.ar\/tienda\/wp-json\/wp\/v2\/product_brand?post=56957"},{"taxonomy":"product_cat","embeddable":true,"href":"https:\/\/rms-enlinea.com.ar\/tienda\/wp-json\/wp\/v2\/product_cat?post=56957"},{"taxonomy":"product_tag","embeddable":true,"href":"https:\/\/rms-enlinea.com.ar\/tienda\/wp-json\/wp\/v2\/product_tag?post=56957"}],"curies":[{"name":"wp","href":"https:\/\/api.w.org\/{rel}","templated":true}]}}