{"id":56963,"date":"2025-10-01T23:10:08","date_gmt":"2025-10-02T02:10:08","guid":{"rendered":"https:\/\/rms-enlinea.com.ar\/tienda\/producto\/mother-gigabyte-b760m-ds3h-ax-ddr4-intel-s1700-12va-13va-gen\/"},"modified":"2026-04-08T03:40:55","modified_gmt":"2026-04-08T06:40:55","slug":"mother-gigabyte-b760m-ds3h-ax-ddr4-intel-s1700-12va-13va-gen","status":"publish","type":"product","link":"https:\/\/rms-enlinea.com.ar\/tienda\/producto\/mother-gigabyte-b760m-ds3h-ax-ddr4-intel-s1700-12va-13va-gen\/","title":{"rendered":"Mother Gigabyte B760m Ds3h Ax Ddr4 Intel S1700 12va 13va Gen"},"content":{"rendered":"<p>Socket<\/p>\n<p>LGA 1700<br \/>\nM\u00f3dulos de memoria RAM<\/p>\n<p>4<br \/>\nTipo de memoria RAM<\/p>\n<p>DDR4<br \/>\nEs gamer<\/p>\n<p>S\u00ed<br \/>\nCondici\u00f3n del \u00edtem<\/p>\n<p>Nuevo<br \/>\nModelo<\/p>\n<p>B760M DS3H AX DDR4<br \/>\nL\u00ednea<\/p>\n<p>Ultra Durable<br \/>\nPlataforma<\/p>\n<p>Intel<br \/>\nRanuras de expansi\u00f3n<\/p>\n<p>PCI Express 4.0,2x PCI Express 3.0<br \/>\nMarca<\/p>\n<p>Gigabyte<br \/>\nChipsets<\/p>\n<p>Intel B760<br \/>\nColor<\/p>\n<p>Negro<br \/>\nAplicaciones<\/p>\n<p>PC<br \/>\nFactor de forma<\/p>\n<p>mATX<\/p>\n","protected":false},"excerpt":{"rendered":"<p>Socket LGA 1700 M\u00f3dulos de memoria RAM 4 Tipo de memoria RAM DDR4 Es gamer S\u00ed Condici\u00f3n del \u00edtem Nuevo Modelo B760M DS3H AX DDR4 L\u00ednea Ultra Durable Plataforma Intel Ranuras de expansi\u00f3n PCI Express 4.0,2x PCI Express 3.0 Marca Gigabyte Chipsets Intel B760 Color Negro Aplicaciones PC Factor de forma mATX<\/p>\n","protected":false},"featured_media":13429,"comment_status":"open","ping_status":"closed","template":"","meta":{"_uag_custom_page_level_css":""},"product_brand":[532],"product_cat":[115],"product_tag":[],"class_list":{"0":"post-56963","1":"product","2":"type-product","3":"status-publish","4":"has-post-thumbnail","6":"product_brand-gigabyte","7":"product_cat-mother","9":"first","10":"outofstock","11":"sale","12":"taxable","13":"shipping-taxable","14":"purchasable","15":"product-type-simple"},"uagb_featured_image_src":{"full":["https:\/\/rms-enlinea.com.ar\/wp-content\/uploads\/2025\/06\/D_815713-MLU70378643849_072023-F.jpg",500,356,false],"thumbnail":["https:\/\/rms-enlinea.com.ar\/wp-content\/uploads\/2025\/06\/D_815713-MLU70378643849_072023-F-150x150.jpg",150,150,true],"medium":["https:\/\/rms-enlinea.com.ar\/wp-content\/uploads\/2025\/06\/D_815713-MLU70378643849_072023-F-300x214.jpg",300,214,true],"medium_large":["https:\/\/rms-enlinea.com.ar\/wp-content\/uploads\/2025\/06\/D_815713-MLU70378643849_072023-F.jpg",500,356,false],"large":["https:\/\/rms-enlinea.com.ar\/wp-content\/uploads\/2025\/06\/D_815713-MLU70378643849_072023-F.jpg",500,356,false],"1536x1536":["https:\/\/rms-enlinea.com.ar\/wp-content\/uploads\/2025\/06\/D_815713-MLU70378643849_072023-F.jpg",500,356,false],"2048x2048":["https:\/\/rms-enlinea.com.ar\/wp-content\/uploads\/2025\/06\/D_815713-MLU70378643849_072023-F.jpg",500,356,false],"woocommerce_thumbnail":["https:\/\/rms-enlinea.com.ar\/wp-content\/uploads\/2025\/06\/D_815713-MLU70378643849_072023-F-450x356.jpg",450,356,true],"woocommerce_single":["https:\/\/rms-enlinea.com.ar\/wp-content\/uploads\/2025\/06\/D_815713-MLU70378643849_072023-F.jpg",500,356,false],"woocommerce_gallery_thumbnail":["https:\/\/rms-enlinea.com.ar\/wp-content\/uploads\/2025\/06\/D_815713-MLU70378643849_072023-F-100x100.jpg",100,100,true]},"uagb_author_info":{"display_name":"nelson","author_link":"https:\/\/rms-enlinea.com.ar\/tienda\/author\/"},"uagb_comment_info":0,"uagb_excerpt":"Socket LGA 1700 M\u00f3dulos de memoria RAM 4 Tipo de memoria RAM DDR4 Es gamer S\u00ed Condici\u00f3n del \u00edtem Nuevo Modelo B760M DS3H AX DDR4 L\u00ednea Ultra Durable Plataforma Intel Ranuras de expansi\u00f3n PCI Express 4.0,2x PCI Express 3.0 Marca Gigabyte Chipsets Intel B760 Color Negro Aplicaciones PC Factor de forma mATX","_links":{"self":[{"href":"https:\/\/rms-enlinea.com.ar\/tienda\/wp-json\/wp\/v2\/product\/56963","targetHints":{"allow":["GET"]}}],"collection":[{"href":"https:\/\/rms-enlinea.com.ar\/tienda\/wp-json\/wp\/v2\/product"}],"about":[{"href":"https:\/\/rms-enlinea.com.ar\/tienda\/wp-json\/wp\/v2\/types\/product"}],"replies":[{"embeddable":true,"href":"https:\/\/rms-enlinea.com.ar\/tienda\/wp-json\/wp\/v2\/comments?post=56963"}],"wp:featuredmedia":[{"embeddable":true,"href":"https:\/\/rms-enlinea.com.ar\/tienda\/wp-json\/wp\/v2\/media\/13429"}],"wp:attachment":[{"href":"https:\/\/rms-enlinea.com.ar\/tienda\/wp-json\/wp\/v2\/media?parent=56963"}],"wp:term":[{"taxonomy":"product_brand","embeddable":true,"href":"https:\/\/rms-enlinea.com.ar\/tienda\/wp-json\/wp\/v2\/product_brand?post=56963"},{"taxonomy":"product_cat","embeddable":true,"href":"https:\/\/rms-enlinea.com.ar\/tienda\/wp-json\/wp\/v2\/product_cat?post=56963"},{"taxonomy":"product_tag","embeddable":true,"href":"https:\/\/rms-enlinea.com.ar\/tienda\/wp-json\/wp\/v2\/product_tag?post=56963"}],"curies":[{"name":"wp","href":"https:\/\/api.w.org\/{rel}","templated":true}]}}