{"id":56968,"date":"2025-10-02T11:32:55","date_gmt":"2025-10-02T14:32:55","guid":{"rendered":"https:\/\/rms-enlinea.com.ar\/tienda\/producto\/teclado-inalambrico-mx-mechanical-logitech-retroiluminado\/"},"modified":"2026-04-10T17:01:25","modified_gmt":"2026-04-10T20:01:25","slug":"teclado-inalambrico-mx-mechanical-logitech-retroiluminado","status":"publish","type":"product","link":"https:\/\/rms-enlinea.com.ar\/tienda\/producto\/teclado-inalambrico-mx-mechanical-logitech-retroiluminado\/","title":{"rendered":"Teclado Inal\u00e1mbrico Mx Mechanical Logitech Retroiluminado"},"content":{"rendered":"<p>Dimensiones<br \/>\nAltura: 131,55 mm<\/p>\n<p>Ancho: 433,85 mm<\/p>\n<p>Profundidad: 26,10 mm (incluidas las teclas)<\/p>\n<p>Peso: 828 g<\/p>\n<p>Receptor Logi Bolt<\/p>\n<p>Altura: 18,4 mm<\/p>\n<p>Ancho: 14,4 mm<\/p>\n<p>Profundidad: 6,6 mm<\/p>\n<p>Peso: 2 g<\/p>\n<p>Especificaciones t\u00e9cnicas<br \/>\nEasy-Switch: conecta hasta tres dispositivos y alterna entre ellos<\/p>\n<p>Recargable por USB-C: hasta 15 d\u00edas (o hasta 10 meses con la retroiluminaci\u00f3n desactivada)<\/p>\n<p>Conmutador de encendido\/apagado<\/p>\n<p>Indicadores de bloqueo de may\u00fasculas y carga<\/p>\n<p>Bater\u00eda: Bater\u00eda recargable Li-Po (1500 mAh)<\/p>\n<p>Compatible con mouse dotado de tecnolog\u00eda Logitech Flow<\/p>\n<p>Compatibilidad<br \/>\nSe requiere un puerto USB-A<\/p>\n<p>Windows 10, 11 o posteriores<\/p>\n<p>macOS 10.15 o posteriores<\/p>\n<p>Linux<\/p>\n<p>Chrome OS<\/p>\n<p>En la caja<br \/>\nTeclado<\/p>\n<p>Receptor Logi Bolt<\/p>\n<p>Cable de carga USB-C (USB-A a USB-C)<\/p>\n<p>Documentaci\u00f3n del usuario<\/p>\n","protected":false},"excerpt":{"rendered":"<p>Dimensiones Altura: 131,55 mm Ancho: 433,85 mm Profundidad: 26,10 mm (incluidas las teclas) Peso: 828 g Receptor Logi Bolt Altura: 18,4 mm Ancho: 14,4 mm Profundidad: 6,6 mm Peso: 2 g Especificaciones t\u00e9cnicas Easy-Switch: conecta hasta tres dispositivos y alterna entre ellos Recargable por USB-C: hasta 15 d\u00edas (o hasta 10 meses con la retroiluminaci\u00f3n [&hellip;]<\/p>\n","protected":false},"featured_media":56969,"comment_status":"open","ping_status":"closed","template":"","meta":{"_uag_custom_page_level_css":""},"product_brand":[549],"product_cat":[125],"product_tag":[],"class_list":{"0":"post-56968","1":"product","2":"type-product","3":"status-publish","4":"has-post-thumbnail","6":"product_brand-logitech","7":"product_cat-teclados-y-mouses","9":"first","10":"instock","11":"sale","12":"taxable","13":"shipping-taxable","14":"purchasable","15":"product-type-simple"},"uagb_featured_image_src":{"full":["https:\/\/rms-enlinea.com.ar\/wp-content\/uploads\/2025\/10\/D_967002-MLA93541186744_102025-F.jpg",1200,364,false],"thumbnail":["https:\/\/rms-enlinea.com.ar\/wp-content\/uploads\/2025\/10\/D_967002-MLA93541186744_102025-F-150x150.jpg",150,150,true],"medium":["https:\/\/rms-enlinea.com.ar\/wp-content\/uploads\/2025\/10\/D_967002-MLA93541186744_102025-F-300x91.jpg",300,91,true],"medium_large":["https:\/\/rms-enlinea.com.ar\/wp-content\/uploads\/2025\/10\/D_967002-MLA93541186744_102025-F-768x233.jpg",768,233,true],"large":["https:\/\/rms-enlinea.com.ar\/wp-content\/uploads\/2025\/10\/D_967002-MLA93541186744_102025-F-1024x311.jpg",1024,311,true],"1536x1536":["https:\/\/rms-enlinea.com.ar\/wp-content\/uploads\/2025\/10\/D_967002-MLA93541186744_102025-F.jpg",1200,364,false],"2048x2048":["https:\/\/rms-enlinea.com.ar\/wp-content\/uploads\/2025\/10\/D_967002-MLA93541186744_102025-F.jpg",1200,364,false],"woocommerce_thumbnail":["https:\/\/rms-enlinea.com.ar\/wp-content\/uploads\/2025\/10\/D_967002-MLA93541186744_102025-F-450x364.jpg",450,364,true],"woocommerce_single":["https:\/\/rms-enlinea.com.ar\/wp-content\/uploads\/2025\/10\/D_967002-MLA93541186744_102025-F-600x182.jpg",600,182,true],"woocommerce_gallery_thumbnail":["https:\/\/rms-enlinea.com.ar\/wp-content\/uploads\/2025\/10\/D_967002-MLA93541186744_102025-F-100x100.jpg",100,100,true]},"uagb_author_info":{"display_name":"nelson","author_link":"https:\/\/rms-enlinea.com.ar\/tienda\/author\/"},"uagb_comment_info":0,"uagb_excerpt":"Dimensiones Altura: 131,55 mm Ancho: 433,85 mm Profundidad: 26,10 mm (incluidas las teclas) Peso: 828 g Receptor Logi Bolt Altura: 18,4 mm Ancho: 14,4 mm Profundidad: 6,6 mm Peso: 2 g Especificaciones t\u00e9cnicas Easy-Switch: conecta hasta tres dispositivos y alterna entre ellos Recargable por USB-C: hasta 15 d\u00edas (o hasta 10 meses con la retroiluminaci\u00f3n&hellip;","_links":{"self":[{"href":"https:\/\/rms-enlinea.com.ar\/tienda\/wp-json\/wp\/v2\/product\/56968","targetHints":{"allow":["GET"]}}],"collection":[{"href":"https:\/\/rms-enlinea.com.ar\/tienda\/wp-json\/wp\/v2\/product"}],"about":[{"href":"https:\/\/rms-enlinea.com.ar\/tienda\/wp-json\/wp\/v2\/types\/product"}],"replies":[{"embeddable":true,"href":"https:\/\/rms-enlinea.com.ar\/tienda\/wp-json\/wp\/v2\/comments?post=56968"}],"wp:featuredmedia":[{"embeddable":true,"href":"https:\/\/rms-enlinea.com.ar\/tienda\/wp-json\/wp\/v2\/media\/56969"}],"wp:attachment":[{"href":"https:\/\/rms-enlinea.com.ar\/tienda\/wp-json\/wp\/v2\/media?parent=56968"}],"wp:term":[{"taxonomy":"product_brand","embeddable":true,"href":"https:\/\/rms-enlinea.com.ar\/tienda\/wp-json\/wp\/v2\/product_brand?post=56968"},{"taxonomy":"product_cat","embeddable":true,"href":"https:\/\/rms-enlinea.com.ar\/tienda\/wp-json\/wp\/v2\/product_cat?post=56968"},{"taxonomy":"product_tag","embeddable":true,"href":"https:\/\/rms-enlinea.com.ar\/tienda\/wp-json\/wp\/v2\/product_tag?post=56968"}],"curies":[{"name":"wp","href":"https:\/\/api.w.org\/{rel}","templated":true}]}}