{"id":56983,"date":"2025-10-02T12:11:42","date_gmt":"2025-10-02T15:11:42","guid":{"rendered":"https:\/\/rms-enlinea.com.ar\/tienda\/producto\/fan-cooler-corsair-rs120-120mm-fan-single-black-x1\/"},"modified":"2026-04-02T19:23:51","modified_gmt":"2026-04-02T22:23:51","slug":"fan-cooler-corsair-rs120-120mm-fan-single-black-x1","status":"publish","type":"product","link":"https:\/\/rms-enlinea.com.ar\/tienda\/producto\/fan-cooler-corsair-rs120-120mm-fan-single-black-x1\/","title":{"rendered":"Fan Cooler Corsair Rs120 120mm Fan Single Black X1"},"content":{"rendered":"<p>DIMENSIONES 120 \u00d7 25 mm <br \/>CONTROLE EL ESTILO PWM <br \/>PRESI\u00d3N EST\u00c1TICA 0,2 mm-4,15 mm  <br \/>FLUJO DE AIRE (M\u00c1X.) 13,3-72,8 CFM <br \/>RANGO DE RPM 420 \u2013 2.100 +-10 % <br \/>NIVEL SONORO (M\u00cdN.) 10-36 dBA<\/p>\n","protected":false},"excerpt":{"rendered":"<p>DIMENSIONES 120 \u00d7 25 mm CONTROLE EL ESTILO PWM PRESI\u00d3N EST\u00c1TICA 0,2 mm-4,15 mm FLUJO DE AIRE (M\u00c1X.) 13,3-72,8 CFM RANGO DE RPM 420 \u2013 2.100 +-10 % NIVEL SONORO (M\u00cdN.) 10-36 dBA<\/p>\n","protected":false},"featured_media":56984,"comment_status":"open","ping_status":"closed","template":"","meta":{"_uag_custom_page_level_css":""},"product_brand":[555],"product_cat":[105],"product_tag":[],"class_list":{"0":"post-56983","1":"product","2":"type-product","3":"status-publish","4":"has-post-thumbnail","6":"product_brand-corsair","7":"product_cat-cooler-y-sistemas-de-refrigeracion","9":"first","10":"outofstock","11":"sale","12":"taxable","13":"shipping-taxable","14":"purchasable","15":"product-type-simple"},"uagb_featured_image_src":{"full":["https:\/\/rms-enlinea.com.ar\/wp-content\/uploads\/2025\/10\/D_861775-MLA93963160905_102025-F.jpg",1200,1199,false],"thumbnail":["https:\/\/rms-enlinea.com.ar\/wp-content\/uploads\/2025\/10\/D_861775-MLA93963160905_102025-F-150x150.jpg",150,150,true],"medium":["https:\/\/rms-enlinea.com.ar\/wp-content\/uploads\/2025\/10\/D_861775-MLA93963160905_102025-F-300x300.jpg",300,300,true],"medium_large":["https:\/\/rms-enlinea.com.ar\/wp-content\/uploads\/2025\/10\/D_861775-MLA93963160905_102025-F-768x767.jpg",768,767,true],"large":["https:\/\/rms-enlinea.com.ar\/wp-content\/uploads\/2025\/10\/D_861775-MLA93963160905_102025-F-1024x1024.jpg",1024,1024,true],"1536x1536":["https:\/\/rms-enlinea.com.ar\/wp-content\/uploads\/2025\/10\/D_861775-MLA93963160905_102025-F.jpg",1200,1199,false],"2048x2048":["https:\/\/rms-enlinea.com.ar\/wp-content\/uploads\/2025\/10\/D_861775-MLA93963160905_102025-F.jpg",1200,1199,false],"woocommerce_thumbnail":["https:\/\/rms-enlinea.com.ar\/wp-content\/uploads\/2025\/10\/D_861775-MLA93963160905_102025-F-450x450.jpg",450,450,true],"woocommerce_single":["https:\/\/rms-enlinea.com.ar\/wp-content\/uploads\/2025\/10\/D_861775-MLA93963160905_102025-F-600x600.jpg",600,600,true],"woocommerce_gallery_thumbnail":["https:\/\/rms-enlinea.com.ar\/wp-content\/uploads\/2025\/10\/D_861775-MLA93963160905_102025-F-100x100.jpg",100,100,true]},"uagb_author_info":{"display_name":"nelson","author_link":"https:\/\/rms-enlinea.com.ar\/tienda\/author\/"},"uagb_comment_info":0,"uagb_excerpt":"DIMENSIONES 120 \u00d7 25 mm CONTROLE EL ESTILO PWM PRESI\u00d3N EST\u00c1TICA 0,2 mm-4,15 mm FLUJO DE AIRE (M\u00c1X.) 13,3-72,8 CFM RANGO DE RPM 420 \u2013 2.100 +-10 % NIVEL SONORO (M\u00cdN.) 10-36 dBA","_links":{"self":[{"href":"https:\/\/rms-enlinea.com.ar\/tienda\/wp-json\/wp\/v2\/product\/56983","targetHints":{"allow":["GET"]}}],"collection":[{"href":"https:\/\/rms-enlinea.com.ar\/tienda\/wp-json\/wp\/v2\/product"}],"about":[{"href":"https:\/\/rms-enlinea.com.ar\/tienda\/wp-json\/wp\/v2\/types\/product"}],"replies":[{"embeddable":true,"href":"https:\/\/rms-enlinea.com.ar\/tienda\/wp-json\/wp\/v2\/comments?post=56983"}],"wp:featuredmedia":[{"embeddable":true,"href":"https:\/\/rms-enlinea.com.ar\/tienda\/wp-json\/wp\/v2\/media\/56984"}],"wp:attachment":[{"href":"https:\/\/rms-enlinea.com.ar\/tienda\/wp-json\/wp\/v2\/media?parent=56983"}],"wp:term":[{"taxonomy":"product_brand","embeddable":true,"href":"https:\/\/rms-enlinea.com.ar\/tienda\/wp-json\/wp\/v2\/product_brand?post=56983"},{"taxonomy":"product_cat","embeddable":true,"href":"https:\/\/rms-enlinea.com.ar\/tienda\/wp-json\/wp\/v2\/product_cat?post=56983"},{"taxonomy":"product_tag","embeddable":true,"href":"https:\/\/rms-enlinea.com.ar\/tienda\/wp-json\/wp\/v2\/product_tag?post=56983"}],"curies":[{"name":"wp","href":"https:\/\/api.w.org\/{rel}","templated":true}]}}