{"id":56988,"date":"2025-10-02T14:30:08","date_gmt":"2025-10-02T17:30:08","guid":{"rendered":"https:\/\/rms-enlinea.com.ar\/tienda\/producto\/fan-cooler-corsair-icue-link-lx120-r-rgb-120mm-white-pack-x3\/"},"modified":"2026-03-31T20:59:44","modified_gmt":"2026-03-31T23:59:44","slug":"fan-cooler-corsair-icue-link-lx120-r-rgb-120mm-white-pack-x3","status":"publish","type":"product","link":"https:\/\/rms-enlinea.com.ar\/tienda\/producto\/fan-cooler-corsair-icue-link-lx120-r-rgb-120mm-white-pack-x3\/","title":{"rendered":"Fan Cooler Corsair Icue Link Lx120-r Rgb 120mm White Pack X3"},"content":{"rendered":"<p>Kit de inicio de ventiladores PWM de flujo reversible iCUE LINK LX120-R RGB de 120 mm, blanco<br \/>Aporte un flujo de aire y una iluminaci\u00f3n asombrosos a su PC con los ventiladores CORSAIR iCUE LINK LX120-R RGB, que incorporan circuitos de iluminaci\u00f3n dobles y conectividad iCUE LINK simplificada.<\/p>\n<p>Incluye<br \/>Rotor invertido para una est\u00e9tica impecable como ventilador de entrada de aire.<br \/>18 LED RGB por ventilador distribuidos en bucles de luz dobles<br \/>Concentrador del sistema iCUE LINK incluido<br \/>Rodamiento de c\u00fapula magn\u00e9tica para minimizar el ruido<br \/>Tornillos de ventilador QuikTurn para una instalaci\u00f3n r\u00e1pida<\/p>\n","protected":false},"excerpt":{"rendered":"<p>Kit de inicio de ventiladores PWM de flujo reversible iCUE LINK LX120-R RGB de 120 mm, blancoAporte un flujo de aire y una iluminaci\u00f3n asombrosos a su PC con los ventiladores CORSAIR iCUE LINK LX120-R RGB, que incorporan circuitos de iluminaci\u00f3n dobles y conectividad iCUE LINK simplificada. IncluyeRotor invertido para una est\u00e9tica impecable como ventilador [&hellip;]<\/p>\n","protected":false},"featured_media":56989,"comment_status":"open","ping_status":"closed","template":"","meta":{"_uag_custom_page_level_css":""},"product_brand":[555],"product_cat":[105],"product_tag":[],"class_list":{"0":"post-56988","1":"product","2":"type-product","3":"status-publish","4":"has-post-thumbnail","6":"product_brand-corsair","7":"product_cat-cooler-y-sistemas-de-refrigeracion","9":"first","10":"outofstock","11":"sale","12":"taxable","13":"shipping-taxable","14":"purchasable","15":"product-type-simple"},"uagb_featured_image_src":{"full":["https:\/\/rms-enlinea.com.ar\/wp-content\/uploads\/2025\/10\/D_684691-MLA93968469547_102025-F.jpg",1166,1200,false],"thumbnail":["https:\/\/rms-enlinea.com.ar\/wp-content\/uploads\/2025\/10\/D_684691-MLA93968469547_102025-F-150x150.jpg",150,150,true],"medium":["https:\/\/rms-enlinea.com.ar\/wp-content\/uploads\/2025\/10\/D_684691-MLA93968469547_102025-F-292x300.jpg",292,300,true],"medium_large":["https:\/\/rms-enlinea.com.ar\/wp-content\/uploads\/2025\/10\/D_684691-MLA93968469547_102025-F-768x790.jpg",768,790,true],"large":["https:\/\/rms-enlinea.com.ar\/wp-content\/uploads\/2025\/10\/D_684691-MLA93968469547_102025-F-995x1024.jpg",995,1024,true],"1536x1536":["https:\/\/rms-enlinea.com.ar\/wp-content\/uploads\/2025\/10\/D_684691-MLA93968469547_102025-F.jpg",1166,1200,false],"2048x2048":["https:\/\/rms-enlinea.com.ar\/wp-content\/uploads\/2025\/10\/D_684691-MLA93968469547_102025-F.jpg",1166,1200,false],"woocommerce_thumbnail":["https:\/\/rms-enlinea.com.ar\/wp-content\/uploads\/2025\/10\/D_684691-MLA93968469547_102025-F-450x450.jpg",450,450,true],"woocommerce_single":["https:\/\/rms-enlinea.com.ar\/wp-content\/uploads\/2025\/10\/D_684691-MLA93968469547_102025-F-600x617.jpg",600,617,true],"woocommerce_gallery_thumbnail":["https:\/\/rms-enlinea.com.ar\/wp-content\/uploads\/2025\/10\/D_684691-MLA93968469547_102025-F-100x100.jpg",100,100,true]},"uagb_author_info":{"display_name":"nelson","author_link":"https:\/\/rms-enlinea.com.ar\/tienda\/author\/"},"uagb_comment_info":0,"uagb_excerpt":"Kit de inicio de ventiladores PWM de flujo reversible iCUE LINK LX120-R RGB de 120 mm, blancoAporte un flujo de aire y una iluminaci\u00f3n asombrosos a su PC con los ventiladores CORSAIR iCUE LINK LX120-R RGB, que incorporan circuitos de iluminaci\u00f3n dobles y conectividad iCUE LINK simplificada. IncluyeRotor invertido para una est\u00e9tica impecable como ventilador&hellip;","_links":{"self":[{"href":"https:\/\/rms-enlinea.com.ar\/tienda\/wp-json\/wp\/v2\/product\/56988","targetHints":{"allow":["GET"]}}],"collection":[{"href":"https:\/\/rms-enlinea.com.ar\/tienda\/wp-json\/wp\/v2\/product"}],"about":[{"href":"https:\/\/rms-enlinea.com.ar\/tienda\/wp-json\/wp\/v2\/types\/product"}],"replies":[{"embeddable":true,"href":"https:\/\/rms-enlinea.com.ar\/tienda\/wp-json\/wp\/v2\/comments?post=56988"}],"wp:featuredmedia":[{"embeddable":true,"href":"https:\/\/rms-enlinea.com.ar\/tienda\/wp-json\/wp\/v2\/media\/56989"}],"wp:attachment":[{"href":"https:\/\/rms-enlinea.com.ar\/tienda\/wp-json\/wp\/v2\/media?parent=56988"}],"wp:term":[{"taxonomy":"product_brand","embeddable":true,"href":"https:\/\/rms-enlinea.com.ar\/tienda\/wp-json\/wp\/v2\/product_brand?post=56988"},{"taxonomy":"product_cat","embeddable":true,"href":"https:\/\/rms-enlinea.com.ar\/tienda\/wp-json\/wp\/v2\/product_cat?post=56988"},{"taxonomy":"product_tag","embeddable":true,"href":"https:\/\/rms-enlinea.com.ar\/tienda\/wp-json\/wp\/v2\/product_tag?post=56988"}],"curies":[{"name":"wp","href":"https:\/\/api.w.org\/{rel}","templated":true}]}}