{"id":57003,"date":"2025-10-02T15:00:12","date_gmt":"2025-10-02T18:00:12","guid":{"rendered":"https:\/\/rms-enlinea.com.ar\/tienda\/producto\/cooler-corsair-icue-link-rx120-max-rgb-120mm-white-pack-x3\/"},"modified":"2026-04-06T13:45:47","modified_gmt":"2026-04-06T16:45:47","slug":"cooler-corsair-icue-link-rx120-max-rgb-120mm-white-pack-x3","status":"publish","type":"product","link":"https:\/\/rms-enlinea.com.ar\/tienda\/producto\/cooler-corsair-icue-link-rx120-max-rgb-120mm-white-pack-x3\/","title":{"rendered":"Cooler Corsair Icue Link Rx120 Max Rgb 120mm White Pack X3"},"content":{"rendered":"<p>Kit de inicio con ventiladores gruesos PWM de 120 mm iCUE LINK RX120 MAX RGB, blanco<br \/>Los ventiladores CORSAIR RX120 MAX RGB tienen un grosor de 30 mm para ofrecer una presi\u00f3n est\u00e1tica muy alta y un excelente flujo de aire, a la vez que iluminan su PC con ocho LED RGB y est\u00e1n conectados con la perfecta tecnolog\u00eda iCUE LINK.<br \/>Concentrador del sistema iCUE LINK incluido<br \/>Grosor de 30 mm para un aspa de ventilador m\u00e1s grande y un mayor rendimiento.<br \/>Velocidades de ventilador controladas por PWM de hasta 2.000 RPM<br \/>Alta presi\u00f3n est\u00e1tica de hasta 4,16 mm-H2O<br \/>Ocho LED RGB y ventana lateral integrada<br \/>Cojinete de c\u00fapula magn\u00e9tica para un ruido m\u00ednimo<\/p>\n","protected":false},"excerpt":{"rendered":"<p>Kit de inicio con ventiladores gruesos PWM de 120 mm iCUE LINK RX120 MAX RGB, blancoLos ventiladores CORSAIR RX120 MAX RGB tienen un grosor de 30 mm para ofrecer una presi\u00f3n est\u00e1tica muy alta y un excelente flujo de aire, a la vez que iluminan su PC con ocho LED RGB y est\u00e1n conectados con [&hellip;]<\/p>\n","protected":false},"featured_media":57004,"comment_status":"open","ping_status":"closed","template":"","meta":{"_uag_custom_page_level_css":""},"product_brand":[555],"product_cat":[105],"product_tag":[],"class_list":{"0":"post-57003","1":"product","2":"type-product","3":"status-publish","4":"has-post-thumbnail","6":"product_brand-corsair","7":"product_cat-cooler-y-sistemas-de-refrigeracion","9":"first","10":"outofstock","11":"sale","12":"taxable","13":"shipping-taxable","14":"purchasable","15":"product-type-simple"},"uagb_featured_image_src":{"full":["https:\/\/rms-enlinea.com.ar\/wp-content\/uploads\/2025\/10\/D_913366-MLA93550466202_102025-F.jpg",1171,1199,false],"thumbnail":["https:\/\/rms-enlinea.com.ar\/wp-content\/uploads\/2025\/10\/D_913366-MLA93550466202_102025-F-150x150.jpg",150,150,true],"medium":["https:\/\/rms-enlinea.com.ar\/wp-content\/uploads\/2025\/10\/D_913366-MLA93550466202_102025-F-293x300.jpg",293,300,true],"medium_large":["https:\/\/rms-enlinea.com.ar\/wp-content\/uploads\/2025\/10\/D_913366-MLA93550466202_102025-F-768x786.jpg",768,786,true],"large":["https:\/\/rms-enlinea.com.ar\/wp-content\/uploads\/2025\/10\/D_913366-MLA93550466202_102025-F-1000x1024.jpg",1000,1024,true],"1536x1536":["https:\/\/rms-enlinea.com.ar\/wp-content\/uploads\/2025\/10\/D_913366-MLA93550466202_102025-F.jpg",1171,1199,false],"2048x2048":["https:\/\/rms-enlinea.com.ar\/wp-content\/uploads\/2025\/10\/D_913366-MLA93550466202_102025-F.jpg",1171,1199,false],"woocommerce_thumbnail":["https:\/\/rms-enlinea.com.ar\/wp-content\/uploads\/2025\/10\/D_913366-MLA93550466202_102025-F-450x450.jpg",450,450,true],"woocommerce_single":["https:\/\/rms-enlinea.com.ar\/wp-content\/uploads\/2025\/10\/D_913366-MLA93550466202_102025-F-600x614.jpg",600,614,true],"woocommerce_gallery_thumbnail":["https:\/\/rms-enlinea.com.ar\/wp-content\/uploads\/2025\/10\/D_913366-MLA93550466202_102025-F-100x100.jpg",100,100,true]},"uagb_author_info":{"display_name":"nelson","author_link":"https:\/\/rms-enlinea.com.ar\/tienda\/author\/"},"uagb_comment_info":0,"uagb_excerpt":"Kit de inicio con ventiladores gruesos PWM de 120 mm iCUE LINK RX120 MAX RGB, blancoLos ventiladores CORSAIR RX120 MAX RGB tienen un grosor de 30 mm para ofrecer una presi\u00f3n est\u00e1tica muy alta y un excelente flujo de aire, a la vez que iluminan su PC con ocho LED RGB y est\u00e1n conectados con&hellip;","_links":{"self":[{"href":"https:\/\/rms-enlinea.com.ar\/tienda\/wp-json\/wp\/v2\/product\/57003","targetHints":{"allow":["GET"]}}],"collection":[{"href":"https:\/\/rms-enlinea.com.ar\/tienda\/wp-json\/wp\/v2\/product"}],"about":[{"href":"https:\/\/rms-enlinea.com.ar\/tienda\/wp-json\/wp\/v2\/types\/product"}],"replies":[{"embeddable":true,"href":"https:\/\/rms-enlinea.com.ar\/tienda\/wp-json\/wp\/v2\/comments?post=57003"}],"wp:featuredmedia":[{"embeddable":true,"href":"https:\/\/rms-enlinea.com.ar\/tienda\/wp-json\/wp\/v2\/media\/57004"}],"wp:attachment":[{"href":"https:\/\/rms-enlinea.com.ar\/tienda\/wp-json\/wp\/v2\/media?parent=57003"}],"wp:term":[{"taxonomy":"product_brand","embeddable":true,"href":"https:\/\/rms-enlinea.com.ar\/tienda\/wp-json\/wp\/v2\/product_brand?post=57003"},{"taxonomy":"product_cat","embeddable":true,"href":"https:\/\/rms-enlinea.com.ar\/tienda\/wp-json\/wp\/v2\/product_cat?post=57003"},{"taxonomy":"product_tag","embeddable":true,"href":"https:\/\/rms-enlinea.com.ar\/tienda\/wp-json\/wp\/v2\/product_tag?post=57003"}],"curies":[{"name":"wp","href":"https:\/\/api.w.org\/{rel}","templated":true}]}}