{"id":57022,"date":"2025-10-02T16:00:27","date_gmt":"2025-10-02T19:00:27","guid":{"rendered":"https:\/\/rms-enlinea.com.ar\/tienda\/producto\/water-cooling-corsair-nautilus-2x-cpu-cooler-240mm-rs-black\/"},"modified":"2026-03-31T17:46:17","modified_gmt":"2026-03-31T20:46:17","slug":"water-cooling-corsair-nautilus-2x-cpu-cooler-240mm-rs-black","status":"publish","type":"product","link":"https:\/\/rms-enlinea.com.ar\/tienda\/producto\/water-cooling-corsair-nautilus-2x-cpu-cooler-240mm-rs-black\/","title":{"rendered":"Water Cooling Corsair Nautilus 2x Cpu Cooler 240mm Rs Black"},"content":{"rendered":"<p>Longitud\t275<br \/>Ancho\t125<br \/>Altura\t125<br \/>Iluminaci\u00f3n\tNINGUNO<br \/>N\u00famero de fans\t2<br \/>Material de la placa fr\u00eda\tCobre<br \/>Material del radiador\tAluminio<br \/>Soporte de z\u00f3calo de refrigeraci\u00f3n\tIntel 1851, Intel 1700, AMD AM5, AMD AM4<br \/>Velocidad del ventilador\t2100 RPM<br \/>Flujo de aire del ventilador\t13,3 &#8211; 72,8 pies c\u00fabicos por minuto<br \/>Presi\u00f3n est\u00e1tica del ventilador\t0,2 \u2013 4,15 mm-H2O<br \/>Nivel de ruido\t10-36 dBA<br \/>Tama\u00f1o del radiador\t240 mm<br \/>Modelo de ventilador\tEst\u00e1ndar<br \/>Longitud de la tuber\u00eda\t400 mm<br \/>M\u00e9todo de control del ventilador\tModulaci\u00f3n por ancho de pulso (PWM)<br \/>Procesadores AMD compatibles\tRyzen, Serie A<br \/>Procesadores Intel compatibles\tCore i9, i7, i5, i3, Pentium, Celeron<br \/>Modulaci\u00f3n por ancho de pulso (PWM)\tS\u00ed<br \/>Peso\t1.778 Kg<\/p>\n","protected":false},"excerpt":{"rendered":"<p>Longitud 275Ancho 125Altura 125Iluminaci\u00f3n NINGUNON\u00famero de fans 2Material de la placa fr\u00eda CobreMaterial del radiador AluminioSoporte de z\u00f3calo de refrigeraci\u00f3n Intel 1851, Intel 1700, AMD AM5, AMD AM4Velocidad del ventilador 2100 RPMFlujo de aire del ventilador 13,3 &#8211; 72,8 pies c\u00fabicos por minutoPresi\u00f3n est\u00e1tica del ventilador 0,2 \u2013 4,15 mm-H2ONivel de ruido 10-36 dBATama\u00f1o del [&hellip;]<\/p>\n","protected":false},"featured_media":4952,"comment_status":"open","ping_status":"closed","template":"","meta":{"_uag_custom_page_level_css":""},"product_brand":[555],"product_cat":[105],"product_tag":[],"class_list":{"0":"post-57022","1":"product","2":"type-product","3":"status-publish","4":"has-post-thumbnail","6":"product_brand-corsair","7":"product_cat-cooler-y-sistemas-de-refrigeracion","9":"first","10":"outofstock","11":"sale","12":"taxable","13":"shipping-taxable","14":"purchasable","15":"product-type-simple"},"uagb_featured_image_src":{"full":["https:\/\/rms-enlinea.com.ar\/wp-content\/uploads\/2025\/06\/D_718780-MLA82766800149_022025-F.jpg",1200,655,false],"thumbnail":["https:\/\/rms-enlinea.com.ar\/wp-content\/uploads\/2025\/06\/D_718780-MLA82766800149_022025-F-150x150.jpg",150,150,true],"medium":["https:\/\/rms-enlinea.com.ar\/wp-content\/uploads\/2025\/06\/D_718780-MLA82766800149_022025-F-300x164.jpg",300,164,true],"medium_large":["https:\/\/rms-enlinea.com.ar\/wp-content\/uploads\/2025\/06\/D_718780-MLA82766800149_022025-F-768x419.jpg",768,419,true],"large":["https:\/\/rms-enlinea.com.ar\/wp-content\/uploads\/2025\/06\/D_718780-MLA82766800149_022025-F-1024x559.jpg",1024,559,true],"1536x1536":["https:\/\/rms-enlinea.com.ar\/wp-content\/uploads\/2025\/06\/D_718780-MLA82766800149_022025-F.jpg",1200,655,false],"2048x2048":["https:\/\/rms-enlinea.com.ar\/wp-content\/uploads\/2025\/06\/D_718780-MLA82766800149_022025-F.jpg",1200,655,false],"woocommerce_thumbnail":["https:\/\/rms-enlinea.com.ar\/wp-content\/uploads\/2025\/06\/D_718780-MLA82766800149_022025-F-450x450.jpg",450,450,true],"woocommerce_single":["https:\/\/rms-enlinea.com.ar\/wp-content\/uploads\/2025\/06\/D_718780-MLA82766800149_022025-F-600x328.jpg",600,328,true],"woocommerce_gallery_thumbnail":["https:\/\/rms-enlinea.com.ar\/wp-content\/uploads\/2025\/06\/D_718780-MLA82766800149_022025-F-100x100.jpg",100,100,true]},"uagb_author_info":{"display_name":"nelson","author_link":"https:\/\/rms-enlinea.com.ar\/tienda\/author\/"},"uagb_comment_info":0,"uagb_excerpt":"Longitud 275Ancho 125Altura 125Iluminaci\u00f3n NINGUNON\u00famero de fans 2Material de la placa fr\u00eda CobreMaterial del radiador AluminioSoporte de z\u00f3calo de refrigeraci\u00f3n Intel 1851, Intel 1700, AMD AM5, AMD AM4Velocidad del ventilador 2100 RPMFlujo de aire del ventilador 13,3 &#8211; 72,8 pies c\u00fabicos por minutoPresi\u00f3n est\u00e1tica del ventilador 0,2 \u2013 4,15 mm-H2ONivel de ruido 10-36 dBATama\u00f1o del&hellip;","_links":{"self":[{"href":"https:\/\/rms-enlinea.com.ar\/tienda\/wp-json\/wp\/v2\/product\/57022","targetHints":{"allow":["GET"]}}],"collection":[{"href":"https:\/\/rms-enlinea.com.ar\/tienda\/wp-json\/wp\/v2\/product"}],"about":[{"href":"https:\/\/rms-enlinea.com.ar\/tienda\/wp-json\/wp\/v2\/types\/product"}],"replies":[{"embeddable":true,"href":"https:\/\/rms-enlinea.com.ar\/tienda\/wp-json\/wp\/v2\/comments?post=57022"}],"wp:featuredmedia":[{"embeddable":true,"href":"https:\/\/rms-enlinea.com.ar\/tienda\/wp-json\/wp\/v2\/media\/4952"}],"wp:attachment":[{"href":"https:\/\/rms-enlinea.com.ar\/tienda\/wp-json\/wp\/v2\/media?parent=57022"}],"wp:term":[{"taxonomy":"product_brand","embeddable":true,"href":"https:\/\/rms-enlinea.com.ar\/tienda\/wp-json\/wp\/v2\/product_brand?post=57022"},{"taxonomy":"product_cat","embeddable":true,"href":"https:\/\/rms-enlinea.com.ar\/tienda\/wp-json\/wp\/v2\/product_cat?post=57022"},{"taxonomy":"product_tag","embeddable":true,"href":"https:\/\/rms-enlinea.com.ar\/tienda\/wp-json\/wp\/v2\/product_tag?post=57022"}],"curies":[{"name":"wp","href":"https:\/\/api.w.org\/{rel}","templated":true}]}}