{"id":57023,"date":"2025-10-02T18:10:14","date_gmt":"2025-10-02T21:10:14","guid":{"rendered":"https:\/\/rms-enlinea.com.ar\/tienda\/producto\/fuente-corsair-rm1000e-1000w-cybernetics-platinum-full-mod\/"},"modified":"2026-04-06T13:23:44","modified_gmt":"2026-04-06T16:23:44","slug":"fuente-corsair-rm1000e-1000w-cybernetics-platinum-full-mod","status":"publish","type":"product","link":"https:\/\/rms-enlinea.com.ar\/tienda\/producto\/fuente-corsair-rm1000e-1000w-cybernetics-platinum-full-mod\/","title":{"rendered":"Fuente Corsair Rm1000e 1000w Cybernetics Platinum Full Mod"},"content":{"rendered":"<p>Eficiencia Ciben\u00e9tica Oro<br \/>\nRuido de ciben\u00e9tica A-<br \/>\nConector PATA 2<br \/>\nConector EPS 2<br \/>\nConector SATA 6<br \/>\nModo de espera moderno S\u00ed<br \/>\nDimensiones 140x150x86<br \/>\nModular Completamente<br \/>\nTipo de cable Tipo 4<br \/>\nConector PCIe 3<br \/>\nModo de cero RPM S\u00ed<br \/>\nPotencia continua W 1000 vatios<br \/>\nConector ATX 1<br \/>\nVersi\u00f3n ATX12V 3.1<br \/>\nHoras MTBF 100.000 horas<\/p>\n","protected":false},"excerpt":{"rendered":"<p>Eficiencia Ciben\u00e9tica Oro Ruido de ciben\u00e9tica A- Conector PATA 2 Conector EPS 2 Conector SATA 6 Modo de espera moderno S\u00ed Dimensiones 140x150x86 Modular Completamente Tipo de cable Tipo 4 Conector PCIe 3 Modo de cero RPM S\u00ed Potencia continua W 1000 vatios Conector ATX 1 Versi\u00f3n ATX12V 3.1 Horas MTBF 100.000 horas<\/p>\n","protected":false},"featured_media":57024,"comment_status":"open","ping_status":"closed","template":"","meta":{"_uag_custom_page_level_css":""},"product_brand":[555],"product_cat":[108],"product_tag":[],"class_list":{"0":"post-57023","1":"product","2":"type-product","3":"status-publish","4":"has-post-thumbnail","6":"product_brand-corsair","7":"product_cat-fuentes-y-cargadores","9":"first","10":"outofstock","11":"sale","12":"taxable","13":"shipping-taxable","14":"purchasable","15":"product-type-simple"},"uagb_featured_image_src":{"full":["https:\/\/rms-enlinea.com.ar\/wp-content\/uploads\/2025\/10\/D_772347-MLA93979889849_102025-F.jpg",1157,1200,false],"thumbnail":["https:\/\/rms-enlinea.com.ar\/wp-content\/uploads\/2025\/10\/D_772347-MLA93979889849_102025-F-150x150.jpg",150,150,true],"medium":["https:\/\/rms-enlinea.com.ar\/wp-content\/uploads\/2025\/10\/D_772347-MLA93979889849_102025-F-289x300.jpg",289,300,true],"medium_large":["https:\/\/rms-enlinea.com.ar\/wp-content\/uploads\/2025\/10\/D_772347-MLA93979889849_102025-F-768x797.jpg",768,797,true],"large":["https:\/\/rms-enlinea.com.ar\/wp-content\/uploads\/2025\/10\/D_772347-MLA93979889849_102025-F-987x1024.jpg",987,1024,true],"1536x1536":["https:\/\/rms-enlinea.com.ar\/wp-content\/uploads\/2025\/10\/D_772347-MLA93979889849_102025-F.jpg",1157,1200,false],"2048x2048":["https:\/\/rms-enlinea.com.ar\/wp-content\/uploads\/2025\/10\/D_772347-MLA93979889849_102025-F.jpg",1157,1200,false],"woocommerce_thumbnail":["https:\/\/rms-enlinea.com.ar\/wp-content\/uploads\/2025\/10\/D_772347-MLA93979889849_102025-F-450x450.jpg",450,450,true],"woocommerce_single":["https:\/\/rms-enlinea.com.ar\/wp-content\/uploads\/2025\/10\/D_772347-MLA93979889849_102025-F-600x622.jpg",600,622,true],"woocommerce_gallery_thumbnail":["https:\/\/rms-enlinea.com.ar\/wp-content\/uploads\/2025\/10\/D_772347-MLA93979889849_102025-F-100x100.jpg",100,100,true]},"uagb_author_info":{"display_name":"nelson","author_link":"https:\/\/rms-enlinea.com.ar\/tienda\/author\/"},"uagb_comment_info":0,"uagb_excerpt":"Eficiencia Ciben\u00e9tica Oro Ruido de ciben\u00e9tica A- Conector PATA 2 Conector EPS 2 Conector SATA 6 Modo de espera moderno S\u00ed Dimensiones 140x150x86 Modular Completamente Tipo de cable Tipo 4 Conector PCIe 3 Modo de cero RPM S\u00ed Potencia continua W 1000 vatios Conector ATX 1 Versi\u00f3n ATX12V 3.1 Horas MTBF 100.000 horas","_links":{"self":[{"href":"https:\/\/rms-enlinea.com.ar\/tienda\/wp-json\/wp\/v2\/product\/57023","targetHints":{"allow":["GET"]}}],"collection":[{"href":"https:\/\/rms-enlinea.com.ar\/tienda\/wp-json\/wp\/v2\/product"}],"about":[{"href":"https:\/\/rms-enlinea.com.ar\/tienda\/wp-json\/wp\/v2\/types\/product"}],"replies":[{"embeddable":true,"href":"https:\/\/rms-enlinea.com.ar\/tienda\/wp-json\/wp\/v2\/comments?post=57023"}],"wp:featuredmedia":[{"embeddable":true,"href":"https:\/\/rms-enlinea.com.ar\/tienda\/wp-json\/wp\/v2\/media\/57024"}],"wp:attachment":[{"href":"https:\/\/rms-enlinea.com.ar\/tienda\/wp-json\/wp\/v2\/media?parent=57023"}],"wp:term":[{"taxonomy":"product_brand","embeddable":true,"href":"https:\/\/rms-enlinea.com.ar\/tienda\/wp-json\/wp\/v2\/product_brand?post=57023"},{"taxonomy":"product_cat","embeddable":true,"href":"https:\/\/rms-enlinea.com.ar\/tienda\/wp-json\/wp\/v2\/product_cat?post=57023"},{"taxonomy":"product_tag","embeddable":true,"href":"https:\/\/rms-enlinea.com.ar\/tienda\/wp-json\/wp\/v2\/product_tag?post=57023"}],"curies":[{"name":"wp","href":"https:\/\/api.w.org\/{rel}","templated":true}]}}