{"id":57054,"date":"2025-10-03T09:40:16","date_gmt":"2025-10-03T12:40:16","guid":{"rendered":"https:\/\/rms-enlinea.com.ar\/tienda\/producto\/gabinete-corsair-5000d-frame-rs-mid-tower-fan-x4-white\/"},"modified":"2026-04-06T12:30:00","modified_gmt":"2026-04-06T15:30:00","slug":"gabinete-corsair-5000d-frame-rs-mid-tower-fan-x4-white","status":"publish","type":"product","link":"https:\/\/rms-enlinea.com.ar\/tienda\/producto\/gabinete-corsair-5000d-frame-rs-mid-tower-fan-x4-white\/","title":{"rendered":"Gabinete Corsair 5000d Frame Rs Mid-tower Fan X4 White"},"content":{"rendered":"<p>Compatible\tMini-ITX, Micro-ATX, ATX, E-ATX (305 mm x 277 mm)<br \/>Altura de la caja\t542<br \/>Longitud del caso\t556<br \/>Ancho de la caja\t250<br \/>Material\tAcero, vidrio templado, flujo de aire 3D-Y, acero, pl\u00e1stico<br \/>Color\tBLANCO<br \/>Tama\u00f1o de la caja\tTorre media<br \/>Ventana de la caja\tVidrio templado<br \/>Bah\u00edas de unidad internas de 3,5&#8243;\t2<br \/>Bah\u00edas de unidad internas de 2,5&#8243;\t6<br \/>Altura m\u00e1xima del enfriador de CPU\t175 mm<br \/>Carcasa frontal IO\t(1x) USB 3.2 Gen 2 Tipo-C, (4x) USB 3.2 Gen 1 Tipo-A, (1x) Entrada\/salida de audio<br \/>Longitud m\u00e1xima de la GPU\t450 mm<br \/>Peso\t15,48 kg<br \/>Ranuras de expansi\u00f3n de caja\t8 horizontales o 3 verticales<br \/>Fuente de alimentaci\u00f3n de caja\tATX<br \/>Soporte del radiador &#8211; Superior\t420 mm, 360 mm, 280 mm, 240 mm<br \/>Soporte del radiador &#8211; Delantero\t360 mm, 280 mm, 240 mm<br \/>Soporte del radiador &#8211; Inferior\tNinguno<br \/>Soporte del radiador &#8211; Lateral\t360 mm, 280 mm, 240 mm<br \/>Soporte del radiador &#8211; Trasero\t140 mm, 120 mm<br \/>Apoyo de los fans &#8211; Top\t3 x 120 mm, 3 x 140 mm<br \/>Soporte de ventilador &#8211; Delantero\t3 x 120 mm, 3 x 140 mm, 2 x 200 mm<br \/>Soporte de ventilador &#8211; Parte inferior\t4 de 120 mm<br \/>Soporte de fans &#8211; Lateral\t3 x 120 mm, 3 x 140 mm<br \/>Soporte de ventilador &#8211; Trasero\t1x 140 mm, 1x 120 mm<br \/>Conexiones de E\/S frontales de la placa base\t1x Audio HD, 1x USB 3.2 Gen1, 1x USB 3.2 Gen2 Tipo E, 1x F_PANEL, 1x 5V ARGB<br \/>Soporte para placa base con conector inverso\tS\u00ed<br \/>Ventiladores incluidos\tSerie RS<br \/>Filtraci\u00f3n de polvo\tS\u00ed<br \/>Espacio para enrutamiento de cables\t42 mm<br \/>RapidRoute incluido\tS\u00ed<br \/>Panel lateral izquierdo\tVidrio templado<br \/>Panel lateral derecho\tAcero<br \/>Soporte de montaje vertical\tCompatible (la tarjeta vertical se vende por separado)<\/p>\n","protected":false},"excerpt":{"rendered":"<p>Compatible Mini-ITX, Micro-ATX, ATX, E-ATX (305 mm x 277 mm)Altura de la caja 542Longitud del caso 556Ancho de la caja 250Material Acero, vidrio templado, flujo de aire 3D-Y, acero, pl\u00e1sticoColor BLANCOTama\u00f1o de la caja Torre mediaVentana de la caja Vidrio templadoBah\u00edas de unidad internas de 3,5&#8243; 2Bah\u00edas de unidad internas de 2,5&#8243; 6Altura m\u00e1xima del [&hellip;]<\/p>\n","protected":false},"featured_media":57055,"comment_status":"open","ping_status":"closed","template":"","meta":{"_uag_custom_page_level_css":""},"product_brand":[555],"product_cat":[109],"product_tag":[],"class_list":{"0":"post-57054","1":"product","2":"type-product","3":"status-publish","4":"has-post-thumbnail","6":"product_brand-corsair","7":"product_cat-gabinetes","9":"first","10":"instock","11":"sale","12":"taxable","13":"shipping-taxable","14":"purchasable","15":"product-type-simple"},"uagb_featured_image_src":{"full":["https:\/\/rms-enlinea.com.ar\/wp-content\/uploads\/2025\/10\/D_929534-MLA94033432363_102025-F.jpg",888,1200,false],"thumbnail":["https:\/\/rms-enlinea.com.ar\/wp-content\/uploads\/2025\/10\/D_929534-MLA94033432363_102025-F-150x150.jpg",150,150,true],"medium":["https:\/\/rms-enlinea.com.ar\/wp-content\/uploads\/2025\/10\/D_929534-MLA94033432363_102025-F-222x300.jpg",222,300,true],"medium_large":["https:\/\/rms-enlinea.com.ar\/wp-content\/uploads\/2025\/10\/D_929534-MLA94033432363_102025-F-768x1038.jpg",768,1038,true],"large":["https:\/\/rms-enlinea.com.ar\/wp-content\/uploads\/2025\/10\/D_929534-MLA94033432363_102025-F-758x1024.jpg",758,1024,true],"1536x1536":["https:\/\/rms-enlinea.com.ar\/wp-content\/uploads\/2025\/10\/D_929534-MLA94033432363_102025-F.jpg",888,1200,false],"2048x2048":["https:\/\/rms-enlinea.com.ar\/wp-content\/uploads\/2025\/10\/D_929534-MLA94033432363_102025-F.jpg",888,1200,false],"woocommerce_thumbnail":["https:\/\/rms-enlinea.com.ar\/wp-content\/uploads\/2025\/10\/D_929534-MLA94033432363_102025-F-450x450.jpg",450,450,true],"woocommerce_single":["https:\/\/rms-enlinea.com.ar\/wp-content\/uploads\/2025\/10\/D_929534-MLA94033432363_102025-F-600x811.jpg",600,811,true],"woocommerce_gallery_thumbnail":["https:\/\/rms-enlinea.com.ar\/wp-content\/uploads\/2025\/10\/D_929534-MLA94033432363_102025-F-100x100.jpg",100,100,true]},"uagb_author_info":{"display_name":"nelson","author_link":"https:\/\/rms-enlinea.com.ar\/tienda\/author\/"},"uagb_comment_info":0,"uagb_excerpt":"Compatible Mini-ITX, Micro-ATX, ATX, E-ATX (305 mm x 277 mm)Altura de la caja 542Longitud del caso 556Ancho de la caja 250Material Acero, vidrio templado, flujo de aire 3D-Y, acero, pl\u00e1sticoColor BLANCOTama\u00f1o de la caja Torre mediaVentana de la caja Vidrio templadoBah\u00edas de unidad internas de 3,5&#8243; 2Bah\u00edas de unidad internas de 2,5&#8243; 6Altura m\u00e1xima del&hellip;","_links":{"self":[{"href":"https:\/\/rms-enlinea.com.ar\/tienda\/wp-json\/wp\/v2\/product\/57054","targetHints":{"allow":["GET"]}}],"collection":[{"href":"https:\/\/rms-enlinea.com.ar\/tienda\/wp-json\/wp\/v2\/product"}],"about":[{"href":"https:\/\/rms-enlinea.com.ar\/tienda\/wp-json\/wp\/v2\/types\/product"}],"replies":[{"embeddable":true,"href":"https:\/\/rms-enlinea.com.ar\/tienda\/wp-json\/wp\/v2\/comments?post=57054"}],"wp:featuredmedia":[{"embeddable":true,"href":"https:\/\/rms-enlinea.com.ar\/tienda\/wp-json\/wp\/v2\/media\/57055"}],"wp:attachment":[{"href":"https:\/\/rms-enlinea.com.ar\/tienda\/wp-json\/wp\/v2\/media?parent=57054"}],"wp:term":[{"taxonomy":"product_brand","embeddable":true,"href":"https:\/\/rms-enlinea.com.ar\/tienda\/wp-json\/wp\/v2\/product_brand?post=57054"},{"taxonomy":"product_cat","embeddable":true,"href":"https:\/\/rms-enlinea.com.ar\/tienda\/wp-json\/wp\/v2\/product_cat?post=57054"},{"taxonomy":"product_tag","embeddable":true,"href":"https:\/\/rms-enlinea.com.ar\/tienda\/wp-json\/wp\/v2\/product_tag?post=57054"}],"curies":[{"name":"wp","href":"https:\/\/api.w.org\/{rel}","templated":true}]}}