{"id":57129,"date":"2025-10-04T10:30:18","date_gmt":"2025-10-04T13:30:18","guid":{"rendered":"https:\/\/rms-enlinea.com.ar\/tienda\/producto\/monitor-lg-22-led-22mp410-b-full-hd-hdmi-vga-75hz\/"},"modified":"2026-04-21T03:33:38","modified_gmt":"2026-04-21T06:33:38","slug":"monitor-lg-22-led-22mp410-b-full-hd-hdmi-vga-75hz","status":"publish","type":"product","link":"https:\/\/rms-enlinea.com.ar\/tienda\/producto\/monitor-lg-22-led-22mp410-b-full-hd-hdmi-vga-75hz\/","title":{"rendered":"Monitor LG 22 Led 22mp410-b Full Hd Hdmi Vga 75hz"},"content":{"rendered":"<p>PANTALLA<br \/>\nTama\u00f1o (pulgadas) 21.5&#8243;<br \/>\nTama\u00f1o (cm) 54.6cm<br \/>\nResoluci\u00f3n 1920 x 1080 (FHD)<\/p>\n<p>Tipo de panel VA<\/p>\n<p>Ratio de Aspecto 16:9<\/p>\n<p>Panel Multi HKC BM<\/p>\n<p>Tecnolog\u00eda Retroiluminaci\u00f3n LED<\/p>\n<p>Tipo Retroiluminaci\u00f3n Direct<\/p>\n<p>Retroiluminaci\u00f3n (Matriz) Direct<\/p>\n<p>Tecnolog\u00eda Atenuaci\u00f3n Retroiluminaci\u00f3n N\/A<\/p>\n<p>Zona de Atenuacion Local (Retroiluminaci\u00f3n)N\/A<\/p>\n<p>Tama\u00f1o de Pixel 0.24825 x 0.24825 mm<\/p>\n<p>Brillo (M\u00edn.) 200 cd\/m\u00b2<\/p>\n<p>Brillo (T\u00edp.) 250 cd\/m\u00b2<\/p>\n<p>Gamut de Color (M\u00edn.) N\/AGamut de Color (T\u00edp.) NTSC 72% (CIE1931)<\/p>\n<p>Profundidad de Color (N\u00ba de colores)16.7M<\/p>\n<p>Color Bit 8bit(6bit+FRC)<\/p>\n<p>CUALIDADES\/ATRIBUTOS<br \/>\nHDR 10 NO<\/p>\n<p>VESA DisplayHDR\u2122 NO<\/p>\n<p>Efecto HDR NO<\/p>\n<p>Tecnolog\u00eda Nano IPS\u2122 NO<\/p>\n<p>Gamut de Color Amplio NO<\/p>\n<p>Color Calibrado (de f\u00e1brica) NO<\/p>\n<p>Calibraci\u00f3n de Color (por H\/W) NO<\/p>\n<p>Brillo Autom\u00e1tico NO<\/p>\n<p>Proteccion Antiparpadeo (FlickerSafe) S\u00cd<\/p>\n<p>Modo Lectura S\u00cd<\/p>\n<p>Asistente de Color (Colour Weakness) S\u00cd<\/p>\n<p>SuperResolution+ S\u00cd<\/p>\n<p>CONECTIVIDAD<br \/>\nD-Sub (VGA, 15-pin Anal\u00f3gica) S\u00cd (x1)<\/p>\n<p>D-Sub (VGA, 15-pin Anal\u00f3gica) (Frecuencia V) 56~75 Hz<\/p>\n<p>D-Sub (VGA, 15-pin Anal\u00f3gica) (Resoluci\u00f3n m\u00e1x.) 1920 x 1080 at 60Hz<\/p>\n<p>DVI NO<\/p>\n<p>DVI (Frecuencia V) N\/A<\/p>\n<p>DVI (Resoluci\u00f3n M\u00e1x.) N\/A<\/p>\n<p>HDMI S\u00cd (x1)<\/p>\n<p>HDMI Version 1.4<\/p>\n<p>HDMI (Frecuencia V) 56~75Hz<\/p>\n<p>HDMI (Valor Frecuencia con FreeSync) 48~75HZ<\/p>\n<p>HDMI (Resoluci\u00f3n M\u00e1x.) 1920 x 1080 a 75Hz<\/p>\n<p>DisplayPort NO<\/p>\n<p>Versi\u00f3n DisplayPort N\/A<\/p>\n<p>DP (Frecuencia V) N\/A<\/p>\n<p>DisplayPort (Resoluci\u00f3n M\u00e1x.) N\/A<\/p>\n<p>Mini DisplayPort NO<\/p>\n<p>Versi\u00f3n Mini DisplayPort N\/A<\/p>\n","protected":false},"excerpt":{"rendered":"<p>PANTALLA Tama\u00f1o (pulgadas) 21.5&#8243; Tama\u00f1o (cm) 54.6cm Resoluci\u00f3n 1920 x 1080 (FHD) Tipo de panel VA Ratio de Aspecto 16:9 Panel Multi HKC BM Tecnolog\u00eda Retroiluminaci\u00f3n LED Tipo Retroiluminaci\u00f3n Direct Retroiluminaci\u00f3n (Matriz) Direct Tecnolog\u00eda Atenuaci\u00f3n Retroiluminaci\u00f3n N\/A Zona de Atenuacion Local (Retroiluminaci\u00f3n)N\/A Tama\u00f1o de Pixel 0.24825 x 0.24825 mm Brillo (M\u00edn.) 200 cd\/m\u00b2 Brillo (T\u00edp.) [&hellip;]<\/p>\n","protected":false},"featured_media":57130,"comment_status":"open","ping_status":"closed","template":"","meta":{"_uag_custom_page_level_css":""},"product_brand":[551],"product_cat":[114],"product_tag":[],"class_list":{"0":"post-57129","1":"product","2":"type-product","3":"status-publish","4":"has-post-thumbnail","6":"product_brand-lg","7":"product_cat-monitores","9":"first","10":"outofstock","11":"sale","12":"taxable","13":"shipping-taxable","14":"purchasable","15":"product-type-simple"},"uagb_featured_image_src":{"full":["https:\/\/rms-enlinea.com.ar\/wp-content\/uploads\/2025\/10\/D_703491-MLA93706008510_102025-F.jpg",1200,891,false],"thumbnail":["https:\/\/rms-enlinea.com.ar\/wp-content\/uploads\/2025\/10\/D_703491-MLA93706008510_102025-F-150x150.jpg",150,150,true],"medium":["https:\/\/rms-enlinea.com.ar\/wp-content\/uploads\/2025\/10\/D_703491-MLA93706008510_102025-F-300x223.jpg",300,223,true],"medium_large":["https:\/\/rms-enlinea.com.ar\/wp-content\/uploads\/2025\/10\/D_703491-MLA93706008510_102025-F-768x570.jpg",768,570,true],"large":["https:\/\/rms-enlinea.com.ar\/wp-content\/uploads\/2025\/10\/D_703491-MLA93706008510_102025-F-1024x760.jpg",1024,760,true],"1536x1536":["https:\/\/rms-enlinea.com.ar\/wp-content\/uploads\/2025\/10\/D_703491-MLA93706008510_102025-F.jpg",1200,891,false],"2048x2048":["https:\/\/rms-enlinea.com.ar\/wp-content\/uploads\/2025\/10\/D_703491-MLA93706008510_102025-F.jpg",1200,891,false],"woocommerce_thumbnail":["https:\/\/rms-enlinea.com.ar\/wp-content\/uploads\/2025\/10\/D_703491-MLA93706008510_102025-F-450x450.jpg",450,450,true],"woocommerce_single":["https:\/\/rms-enlinea.com.ar\/wp-content\/uploads\/2025\/10\/D_703491-MLA93706008510_102025-F-600x446.jpg",600,446,true],"woocommerce_gallery_thumbnail":["https:\/\/rms-enlinea.com.ar\/wp-content\/uploads\/2025\/10\/D_703491-MLA93706008510_102025-F-100x100.jpg",100,100,true]},"uagb_author_info":{"display_name":"nelson","author_link":"https:\/\/rms-enlinea.com.ar\/tienda\/author\/"},"uagb_comment_info":0,"uagb_excerpt":"PANTALLA Tama\u00f1o (pulgadas) 21.5&#8243; Tama\u00f1o (cm) 54.6cm Resoluci\u00f3n 1920 x 1080 (FHD) Tipo de panel VA Ratio de Aspecto 16:9 Panel Multi HKC BM Tecnolog\u00eda Retroiluminaci\u00f3n LED Tipo Retroiluminaci\u00f3n Direct Retroiluminaci\u00f3n (Matriz) Direct Tecnolog\u00eda Atenuaci\u00f3n Retroiluminaci\u00f3n N\/A Zona de Atenuacion Local (Retroiluminaci\u00f3n)N\/A Tama\u00f1o de Pixel 0.24825 x 0.24825 mm Brillo (M\u00edn.) 200 cd\/m\u00b2 Brillo (T\u00edp.)&hellip;","_links":{"self":[{"href":"https:\/\/rms-enlinea.com.ar\/tienda\/wp-json\/wp\/v2\/product\/57129","targetHints":{"allow":["GET"]}}],"collection":[{"href":"https:\/\/rms-enlinea.com.ar\/tienda\/wp-json\/wp\/v2\/product"}],"about":[{"href":"https:\/\/rms-enlinea.com.ar\/tienda\/wp-json\/wp\/v2\/types\/product"}],"replies":[{"embeddable":true,"href":"https:\/\/rms-enlinea.com.ar\/tienda\/wp-json\/wp\/v2\/comments?post=57129"}],"wp:featuredmedia":[{"embeddable":true,"href":"https:\/\/rms-enlinea.com.ar\/tienda\/wp-json\/wp\/v2\/media\/57130"}],"wp:attachment":[{"href":"https:\/\/rms-enlinea.com.ar\/tienda\/wp-json\/wp\/v2\/media?parent=57129"}],"wp:term":[{"taxonomy":"product_brand","embeddable":true,"href":"https:\/\/rms-enlinea.com.ar\/tienda\/wp-json\/wp\/v2\/product_brand?post=57129"},{"taxonomy":"product_cat","embeddable":true,"href":"https:\/\/rms-enlinea.com.ar\/tienda\/wp-json\/wp\/v2\/product_cat?post=57129"},{"taxonomy":"product_tag","embeddable":true,"href":"https:\/\/rms-enlinea.com.ar\/tienda\/wp-json\/wp\/v2\/product_tag?post=57129"}],"curies":[{"name":"wp","href":"https:\/\/api.w.org\/{rel}","templated":true}]}}