{"id":57139,"date":"2025-10-06T09:10:42","date_gmt":"2025-10-06T12:10:42","guid":{"rendered":"https:\/\/rms-enlinea.com.ar\/tienda\/producto\/disco-ssd-m2-corsair-2tb-mp700-pro-pcie-5-0-nvme-2-0\/"},"modified":"2026-04-02T18:55:04","modified_gmt":"2026-04-02T21:55:04","slug":"disco-ssd-m2-corsair-2tb-mp700-pro-pcie-5-0-nvme-2-0","status":"publish","type":"product","link":"https:\/\/rms-enlinea.com.ar\/tienda\/producto\/disco-ssd-m2-corsair-2tb-mp700-pro-pcie-5-0-nvme-2-0\/","title":{"rendered":"Disco Ssd M2 Corsair 2tb Mp700 Pro Pcie 5.0 Nvme 2.0"},"content":{"rendered":"<p>Descripci\u00f3n<br \/>\nM\u00e1s informaci\u00f3n<br \/>\nColor del disipador Negro<br \/>\nTipo de memoria PCIe Gen 5.0 x4<br \/>\nEscritura secuencial m\u00e1xima en SSD CDM Hasta 11800 MB\/s<br \/>\nSoporte inteligente para SSD S\u00ed<br \/>\nTemperatura de almacenamiento -40\u00b0C a +85\u00b0C<br \/>\nResistencia 1400 TB de peso<br \/>\nHumedad de almacenamiento 93 % de humedad relativa (40 \u00b0C)<br \/>\nLectura secuencial m\u00e1xima de SSD CDM Hasta 12400 MB\/s<br \/>\nMedidor de IOMeter QD32 de lectura aleatoria m\u00e1xima Hasta 1,5M<br \/>\nMedidor de IOMeter QD32 de escritura aleatoria m\u00e1xima Hasta 1,6 millones<br \/>\nConsumo de energ\u00eda activo 11,5 W de media<br \/>\nTecnolog\u00eda NAND TLC 3D<br \/>\nTemperatura de funcionamiento del SSD De 0 \u00b0C a +70 \u00b0C<br \/>\nChoque de SSD 1.500 gramos<br \/>\nFactor de forma M.2 2280<br \/>\nCompatibilidad SSD Conector de interfaz M.2 2280 Windows 10, 11, Mac OS X<br \/>\nVoltaje 3,3 V, +\/- 5 %<br \/>\nVibraci\u00f3n 20 Hz ~ 80 Hz\/1,52 mm, 80 Hz ~ 2000 Hz\/20 G<br \/>\nDesarrollo de software PS4:<br \/>\nEncriptaci\u00f3n Cifrado AES de 256 bits<br \/>\nHoras MTBF 1.600.000 horas<br \/>\nUnidad de estado s\u00f3lido TBW 1400<br \/>\nInterfaz PCIE* 5 x 4<br \/>\nPeso 0,03<\/p>\n","protected":false},"excerpt":{"rendered":"<p>Descripci\u00f3n M\u00e1s informaci\u00f3n Color del disipador Negro Tipo de memoria PCIe Gen 5.0 x4 Escritura secuencial m\u00e1xima en SSD CDM Hasta 11800 MB\/s Soporte inteligente para SSD S\u00ed Temperatura de almacenamiento -40\u00b0C a +85\u00b0C Resistencia 1400 TB de peso Humedad de almacenamiento 93 % de humedad relativa (40 \u00b0C) Lectura secuencial m\u00e1xima de SSD CDM [&hellip;]<\/p>\n","protected":false},"featured_media":57140,"comment_status":"open","ping_status":"closed","template":"","meta":{"_uag_custom_page_level_css":""},"product_brand":[555],"product_cat":[106],"product_tag":[],"class_list":{"0":"post-57139","1":"product","2":"type-product","3":"status-publish","4":"has-post-thumbnail","6":"product_brand-corsair","7":"product_cat-discos-rigidos-ssd","9":"first","10":"outofstock","11":"sale","12":"taxable","13":"shipping-taxable","14":"purchasable","15":"product-type-simple"},"uagb_featured_image_src":{"full":["https:\/\/rms-enlinea.com.ar\/wp-content\/uploads\/2025\/10\/D_923763-MLA94256851071_102025-F.jpg",1047,1200,false],"thumbnail":["https:\/\/rms-enlinea.com.ar\/wp-content\/uploads\/2025\/10\/D_923763-MLA94256851071_102025-F-150x150.jpg",150,150,true],"medium":["https:\/\/rms-enlinea.com.ar\/wp-content\/uploads\/2025\/10\/D_923763-MLA94256851071_102025-F-262x300.jpg",262,300,true],"medium_large":["https:\/\/rms-enlinea.com.ar\/wp-content\/uploads\/2025\/10\/D_923763-MLA94256851071_102025-F-768x880.jpg",768,880,true],"large":["https:\/\/rms-enlinea.com.ar\/wp-content\/uploads\/2025\/10\/D_923763-MLA94256851071_102025-F-893x1024.jpg",893,1024,true],"1536x1536":["https:\/\/rms-enlinea.com.ar\/wp-content\/uploads\/2025\/10\/D_923763-MLA94256851071_102025-F.jpg",1047,1200,false],"2048x2048":["https:\/\/rms-enlinea.com.ar\/wp-content\/uploads\/2025\/10\/D_923763-MLA94256851071_102025-F.jpg",1047,1200,false],"woocommerce_thumbnail":["https:\/\/rms-enlinea.com.ar\/wp-content\/uploads\/2025\/10\/D_923763-MLA94256851071_102025-F-450x450.jpg",450,450,true],"woocommerce_single":["https:\/\/rms-enlinea.com.ar\/wp-content\/uploads\/2025\/10\/D_923763-MLA94256851071_102025-F-600x688.jpg",600,688,true],"woocommerce_gallery_thumbnail":["https:\/\/rms-enlinea.com.ar\/wp-content\/uploads\/2025\/10\/D_923763-MLA94256851071_102025-F-100x100.jpg",100,100,true]},"uagb_author_info":{"display_name":"nelson","author_link":"https:\/\/rms-enlinea.com.ar\/tienda\/author\/"},"uagb_comment_info":0,"uagb_excerpt":"Descripci\u00f3n M\u00e1s informaci\u00f3n Color del disipador Negro Tipo de memoria PCIe Gen 5.0 x4 Escritura secuencial m\u00e1xima en SSD CDM Hasta 11800 MB\/s Soporte inteligente para SSD S\u00ed Temperatura de almacenamiento -40\u00b0C a +85\u00b0C Resistencia 1400 TB de peso Humedad de almacenamiento 93 % de humedad relativa (40 \u00b0C) Lectura secuencial m\u00e1xima de SSD CDM&hellip;","_links":{"self":[{"href":"https:\/\/rms-enlinea.com.ar\/tienda\/wp-json\/wp\/v2\/product\/57139","targetHints":{"allow":["GET"]}}],"collection":[{"href":"https:\/\/rms-enlinea.com.ar\/tienda\/wp-json\/wp\/v2\/product"}],"about":[{"href":"https:\/\/rms-enlinea.com.ar\/tienda\/wp-json\/wp\/v2\/types\/product"}],"replies":[{"embeddable":true,"href":"https:\/\/rms-enlinea.com.ar\/tienda\/wp-json\/wp\/v2\/comments?post=57139"}],"wp:featuredmedia":[{"embeddable":true,"href":"https:\/\/rms-enlinea.com.ar\/tienda\/wp-json\/wp\/v2\/media\/57140"}],"wp:attachment":[{"href":"https:\/\/rms-enlinea.com.ar\/tienda\/wp-json\/wp\/v2\/media?parent=57139"}],"wp:term":[{"taxonomy":"product_brand","embeddable":true,"href":"https:\/\/rms-enlinea.com.ar\/tienda\/wp-json\/wp\/v2\/product_brand?post=57139"},{"taxonomy":"product_cat","embeddable":true,"href":"https:\/\/rms-enlinea.com.ar\/tienda\/wp-json\/wp\/v2\/product_cat?post=57139"},{"taxonomy":"product_tag","embeddable":true,"href":"https:\/\/rms-enlinea.com.ar\/tienda\/wp-json\/wp\/v2\/product_tag?post=57139"}],"curies":[{"name":"wp","href":"https:\/\/api.w.org\/{rel}","templated":true}]}}