{"id":57150,"date":"2025-10-07T10:21:41","date_gmt":"2025-10-07T13:21:41","guid":{"rendered":"https:\/\/rms-enlinea.com.ar\/tienda\/producto\/mother-gigabyte-h510m-h-v2-intel-socket-1200-ddr4\/"},"modified":"2026-04-21T06:28:14","modified_gmt":"2026-04-21T09:28:14","slug":"mother-gigabyte-h510m-h-v2-intel-socket-1200-ddr4","status":"publish","type":"product","link":"https:\/\/rms-enlinea.com.ar\/tienda\/producto\/mother-gigabyte-h510m-h-v2-intel-socket-1200-ddr4\/","title":{"rendered":"Mother Gigabyte H510m H V2 Intel Socket 1200 Ddr4"},"content":{"rendered":"<p>Versi\u00f3n<\/p>\n<p>V2<br \/>Con procesador<\/p>\n<p>No<br \/>Marca<\/p>\n<p>Gigabyte<br \/>Chipsets<\/p>\n<p>H47O<br \/>Plataforma<\/p>\n<p>Intel<br \/>Ranuras de expansi\u00f3n<\/p>\n<p>2<br \/>C\u00f3digo universal de producto<\/p>\n<p>889523037768<br \/>Condici\u00f3n del \u00edtem<\/p>\n<p>Nuevo<br \/>L\u00ednea<\/p>\n<p>Ultra Durable<br \/>Capacidad m\u00e1xima soportada de la memoria RAM<\/p>\n<p>64 GB<br \/>Modelo<\/p>\n<p>H510M H V2<br \/>Socket<\/p>\n<p>1200<br \/>Tipo de memoria RAM<\/p>\n<p>DDR4<\/p>\n","protected":false},"excerpt":{"rendered":"<p>Versi\u00f3n V2Con procesador NoMarca GigabyteChipsets H47OPlataforma IntelRanuras de expansi\u00f3n 2C\u00f3digo universal de producto 889523037768Condici\u00f3n del \u00edtem NuevoL\u00ednea Ultra DurableCapacidad m\u00e1xima soportada de la memoria RAM 64 GBModelo H510M H V2Socket 1200Tipo de memoria RAM DDR4<\/p>\n","protected":false},"featured_media":40090,"comment_status":"open","ping_status":"closed","template":"","meta":{"_uag_custom_page_level_css":""},"product_brand":[532],"product_cat":[115],"product_tag":[],"class_list":{"0":"post-57150","1":"product","2":"type-product","3":"status-publish","4":"has-post-thumbnail","6":"product_brand-gigabyte","7":"product_cat-mother","9":"first","10":"outofstock","11":"sale","12":"taxable","13":"shipping-taxable","14":"purchasable","15":"product-type-simple"},"uagb_featured_image_src":{"full":["https:\/\/rms-enlinea.com.ar\/wp-content\/uploads\/2025\/06\/D_703544-MLU70790483360_082023-F.jpg",500,321,false],"thumbnail":["https:\/\/rms-enlinea.com.ar\/wp-content\/uploads\/2025\/06\/D_703544-MLU70790483360_082023-F-150x150.jpg",150,150,true],"medium":["https:\/\/rms-enlinea.com.ar\/wp-content\/uploads\/2025\/06\/D_703544-MLU70790483360_082023-F-300x193.jpg",300,193,true],"medium_large":["https:\/\/rms-enlinea.com.ar\/wp-content\/uploads\/2025\/06\/D_703544-MLU70790483360_082023-F.jpg",500,321,false],"large":["https:\/\/rms-enlinea.com.ar\/wp-content\/uploads\/2025\/06\/D_703544-MLU70790483360_082023-F.jpg",500,321,false],"1536x1536":["https:\/\/rms-enlinea.com.ar\/wp-content\/uploads\/2025\/06\/D_703544-MLU70790483360_082023-F.jpg",500,321,false],"2048x2048":["https:\/\/rms-enlinea.com.ar\/wp-content\/uploads\/2025\/06\/D_703544-MLU70790483360_082023-F.jpg",500,321,false],"woocommerce_thumbnail":["https:\/\/rms-enlinea.com.ar\/wp-content\/uploads\/2025\/06\/D_703544-MLU70790483360_082023-F-450x321.jpg",450,321,true],"woocommerce_single":["https:\/\/rms-enlinea.com.ar\/wp-content\/uploads\/2025\/06\/D_703544-MLU70790483360_082023-F.jpg",500,321,false],"woocommerce_gallery_thumbnail":["https:\/\/rms-enlinea.com.ar\/wp-content\/uploads\/2025\/06\/D_703544-MLU70790483360_082023-F-100x100.jpg",100,100,true]},"uagb_author_info":{"display_name":"nelson","author_link":"https:\/\/rms-enlinea.com.ar\/tienda\/author\/"},"uagb_comment_info":0,"uagb_excerpt":"Versi\u00f3n V2Con procesador NoMarca GigabyteChipsets H47OPlataforma IntelRanuras de expansi\u00f3n 2C\u00f3digo universal de producto 889523037768Condici\u00f3n del \u00edtem NuevoL\u00ednea Ultra DurableCapacidad m\u00e1xima soportada de la memoria RAM 64 GBModelo H510M H V2Socket 1200Tipo de memoria RAM DDR4","_links":{"self":[{"href":"https:\/\/rms-enlinea.com.ar\/tienda\/wp-json\/wp\/v2\/product\/57150","targetHints":{"allow":["GET"]}}],"collection":[{"href":"https:\/\/rms-enlinea.com.ar\/tienda\/wp-json\/wp\/v2\/product"}],"about":[{"href":"https:\/\/rms-enlinea.com.ar\/tienda\/wp-json\/wp\/v2\/types\/product"}],"replies":[{"embeddable":true,"href":"https:\/\/rms-enlinea.com.ar\/tienda\/wp-json\/wp\/v2\/comments?post=57150"}],"wp:featuredmedia":[{"embeddable":true,"href":"https:\/\/rms-enlinea.com.ar\/tienda\/wp-json\/wp\/v2\/media\/40090"}],"wp:attachment":[{"href":"https:\/\/rms-enlinea.com.ar\/tienda\/wp-json\/wp\/v2\/media?parent=57150"}],"wp:term":[{"taxonomy":"product_brand","embeddable":true,"href":"https:\/\/rms-enlinea.com.ar\/tienda\/wp-json\/wp\/v2\/product_brand?post=57150"},{"taxonomy":"product_cat","embeddable":true,"href":"https:\/\/rms-enlinea.com.ar\/tienda\/wp-json\/wp\/v2\/product_cat?post=57150"},{"taxonomy":"product_tag","embeddable":true,"href":"https:\/\/rms-enlinea.com.ar\/tienda\/wp-json\/wp\/v2\/product_tag?post=57150"}],"curies":[{"name":"wp","href":"https:\/\/api.w.org\/{rel}","templated":true}]}}