{"id":57159,"date":"2025-10-07T17:41:58","date_gmt":"2025-10-07T20:41:58","guid":{"rendered":"https:\/\/rms-enlinea.com.ar\/tienda\/producto\/memoria-ddr5-32gb-6400mhz-hiksemi-hiker-u-dimm-hsc532u64z1\/"},"modified":"2026-05-04T10:09:09","modified_gmt":"2026-05-04T13:09:09","slug":"memoria-ddr5-32gb-6400mhz-hiksemi-hiker-u-dimm-hsc532u64z1","status":"publish","type":"product","link":"https:\/\/rms-enlinea.com.ar\/tienda\/producto\/memoria-ddr5-32gb-6400mhz-hiksemi-hiker-u-dimm-hsc532u64z1\/","title":{"rendered":"Memoria Ddr5 32gb 6400mhz Hiksemi Hiker U-dimm Hsc532u64z1"},"content":{"rendered":"<p>Modelo<\/p>\n<p>HS-Udimm-HIKER<\/p>\n<p>Capacidad<\/p>\n<p>32GB<\/p>\n<p>Interfaz<\/p>\n<p>DDR5<\/p>\n<p>Frecuencia<\/p>\n<p>6200MHz<\/p>\n<p>Pin<\/p>\n<p>240pin\/288pin<\/p>\n<p>Tama\u00f1o (L\u00d7A\u00d7H mm)<\/p>\n<p>133.25*31.25*1.4<\/p>\n<p>Temperatura de funcionamiento<\/p>\n<p>0 \u00b0C to 85 \u00b0C (32 \u00b0Fto185 \u00b0F)<\/p>\n<p>Peso<\/p>\n<p>15g<\/p>\n","protected":false},"excerpt":{"rendered":"<p>Modelo HS-Udimm-HIKER Capacidad 32GB Interfaz DDR5 Frecuencia 6200MHz Pin 240pin\/288pin Tama\u00f1o (L\u00d7A\u00d7H mm) 133.25*31.25*1.4 Temperatura de funcionamiento 0 \u00b0C to 85 \u00b0C (32 \u00b0Fto185 \u00b0F) Peso 15g<\/p>\n","protected":false},"featured_media":57160,"comment_status":"open","ping_status":"closed","template":"","meta":{"_uag_custom_page_level_css":""},"product_brand":[560],"product_cat":[112],"product_tag":[],"class_list":{"0":"post-57159","1":"product","2":"type-product","3":"status-publish","4":"has-post-thumbnail","6":"product_brand-hiksemi","7":"product_cat-mamorias","9":"first","10":"outofstock","11":"sale","12":"taxable","13":"shipping-taxable","14":"purchasable","15":"product-type-simple"},"uagb_featured_image_src":{"full":["https:\/\/rms-enlinea.com.ar\/wp-content\/uploads\/2025\/10\/D_818791-MLA94372245769_102025-F.jpg",1200,276,false],"thumbnail":["https:\/\/rms-enlinea.com.ar\/wp-content\/uploads\/2025\/10\/D_818791-MLA94372245769_102025-F-150x150.jpg",150,150,true],"medium":["https:\/\/rms-enlinea.com.ar\/wp-content\/uploads\/2025\/10\/D_818791-MLA94372245769_102025-F-300x69.jpg",300,69,true],"medium_large":["https:\/\/rms-enlinea.com.ar\/wp-content\/uploads\/2025\/10\/D_818791-MLA94372245769_102025-F-768x177.jpg",768,177,true],"large":["https:\/\/rms-enlinea.com.ar\/wp-content\/uploads\/2025\/10\/D_818791-MLA94372245769_102025-F-1024x236.jpg",1024,236,true],"1536x1536":["https:\/\/rms-enlinea.com.ar\/wp-content\/uploads\/2025\/10\/D_818791-MLA94372245769_102025-F.jpg",1200,276,false],"2048x2048":["https:\/\/rms-enlinea.com.ar\/wp-content\/uploads\/2025\/10\/D_818791-MLA94372245769_102025-F.jpg",1200,276,false],"woocommerce_thumbnail":["https:\/\/rms-enlinea.com.ar\/wp-content\/uploads\/2025\/10\/D_818791-MLA94372245769_102025-F-450x276.jpg",450,276,true],"woocommerce_single":["https:\/\/rms-enlinea.com.ar\/wp-content\/uploads\/2025\/10\/D_818791-MLA94372245769_102025-F-600x138.jpg",600,138,true],"woocommerce_gallery_thumbnail":["https:\/\/rms-enlinea.com.ar\/wp-content\/uploads\/2025\/10\/D_818791-MLA94372245769_102025-F-100x100.jpg",100,100,true]},"uagb_author_info":{"display_name":"nelson","author_link":"https:\/\/rms-enlinea.com.ar\/tienda\/author\/"},"uagb_comment_info":0,"uagb_excerpt":"Modelo HS-Udimm-HIKER Capacidad 32GB Interfaz DDR5 Frecuencia 6200MHz Pin 240pin\/288pin Tama\u00f1o (L\u00d7A\u00d7H mm) 133.25*31.25*1.4 Temperatura de funcionamiento 0 \u00b0C to 85 \u00b0C (32 \u00b0Fto185 \u00b0F) Peso 15g","_links":{"self":[{"href":"https:\/\/rms-enlinea.com.ar\/tienda\/wp-json\/wp\/v2\/product\/57159","targetHints":{"allow":["GET"]}}],"collection":[{"href":"https:\/\/rms-enlinea.com.ar\/tienda\/wp-json\/wp\/v2\/product"}],"about":[{"href":"https:\/\/rms-enlinea.com.ar\/tienda\/wp-json\/wp\/v2\/types\/product"}],"replies":[{"embeddable":true,"href":"https:\/\/rms-enlinea.com.ar\/tienda\/wp-json\/wp\/v2\/comments?post=57159"}],"wp:featuredmedia":[{"embeddable":true,"href":"https:\/\/rms-enlinea.com.ar\/tienda\/wp-json\/wp\/v2\/media\/57160"}],"wp:attachment":[{"href":"https:\/\/rms-enlinea.com.ar\/tienda\/wp-json\/wp\/v2\/media?parent=57159"}],"wp:term":[{"taxonomy":"product_brand","embeddable":true,"href":"https:\/\/rms-enlinea.com.ar\/tienda\/wp-json\/wp\/v2\/product_brand?post=57159"},{"taxonomy":"product_cat","embeddable":true,"href":"https:\/\/rms-enlinea.com.ar\/tienda\/wp-json\/wp\/v2\/product_cat?post=57159"},{"taxonomy":"product_tag","embeddable":true,"href":"https:\/\/rms-enlinea.com.ar\/tienda\/wp-json\/wp\/v2\/product_tag?post=57159"}],"curies":[{"name":"wp","href":"https:\/\/api.w.org\/{rel}","templated":true}]}}