{"id":57171,"date":"2025-10-07T18:31:39","date_gmt":"2025-10-07T21:31:39","guid":{"rendered":"https:\/\/rms-enlinea.com.ar\/tienda\/producto\/fuente-modular-corsair-sf1000-1000w-80-plus-platinum-atx3-1\/"},"modified":"2026-03-31T18:00:29","modified_gmt":"2026-03-31T21:00:29","slug":"fuente-modular-corsair-sf1000-1000w-80-plus-platinum-atx3-1","status":"publish","type":"product","link":"https:\/\/rms-enlinea.com.ar\/tienda\/producto\/fuente-modular-corsair-sf1000-1000w-80-plus-platinum-atx3-1\/","title":{"rendered":"Fuente Modular Corsair Sf1000 1000w 80 Plus Platinum Atx3.1"},"content":{"rendered":"<p>Eficiencia Cybenetics Platino<br \/>\nNivel de Ruido Cybenetics Est\u00e1ndar++<br \/>\nConectores PATA 3<br \/>\nConectores EPS 2<br \/>\nConectores SATA 8<br \/>\nTecnolog\u00eda del Rodamiento del Ventilador Rodamiento Din\u00e1mico de Fluido<br \/>\nModular Totalmente Modular<br \/>\nTipo de Cable Tipo 5<br \/>\nConectores PCIe 4<br \/>\nModo Zero RPM S\u00ed<br \/>\nFactor de Forma de la PSU SFX<br \/>\nPreparado para Multi-GPU S\u00ed<br \/>\nTama\u00f1o del Ventilador 92 mm<br \/>\nPotencia Continua 1000 Vatios<br \/>\nConector ATX 1<br \/>\nVersi\u00f3n ATX12V 3.1<br \/>\nMTBF (Horas) 100,000 horas<br \/>\nEficiencia 80 PLUS Platino<br \/>\nPeso 2.30 kg<\/p>\n","protected":false},"excerpt":{"rendered":"<p>Eficiencia Cybenetics Platino Nivel de Ruido Cybenetics Est\u00e1ndar++ Conectores PATA 3 Conectores EPS 2 Conectores SATA 8 Tecnolog\u00eda del Rodamiento del Ventilador Rodamiento Din\u00e1mico de Fluido Modular Totalmente Modular Tipo de Cable Tipo 5 Conectores PCIe 4 Modo Zero RPM S\u00ed Factor de Forma de la PSU SFX Preparado para Multi-GPU S\u00ed Tama\u00f1o del Ventilador [&hellip;]<\/p>\n","protected":false},"featured_media":57172,"comment_status":"open","ping_status":"closed","template":"","meta":{"_uag_custom_page_level_css":""},"product_brand":[555],"product_cat":[108],"product_tag":[],"class_list":{"0":"post-57171","1":"product","2":"type-product","3":"status-publish","4":"has-post-thumbnail","6":"product_brand-corsair","7":"product_cat-fuentes-y-cargadores","9":"first","10":"outofstock","11":"sale","12":"taxable","13":"shipping-taxable","14":"purchasable","15":"product-type-simple"},"uagb_featured_image_src":{"full":["https:\/\/rms-enlinea.com.ar\/wp-content\/uploads\/2025\/10\/D_886351-MLA94373592025_102025-F.jpg",1199,854,false],"thumbnail":["https:\/\/rms-enlinea.com.ar\/wp-content\/uploads\/2025\/10\/D_886351-MLA94373592025_102025-F-150x150.jpg",150,150,true],"medium":["https:\/\/rms-enlinea.com.ar\/wp-content\/uploads\/2025\/10\/D_886351-MLA94373592025_102025-F-300x214.jpg",300,214,true],"medium_large":["https:\/\/rms-enlinea.com.ar\/wp-content\/uploads\/2025\/10\/D_886351-MLA94373592025_102025-F-768x547.jpg",768,547,true],"large":["https:\/\/rms-enlinea.com.ar\/wp-content\/uploads\/2025\/10\/D_886351-MLA94373592025_102025-F-1024x729.jpg",1024,729,true],"1536x1536":["https:\/\/rms-enlinea.com.ar\/wp-content\/uploads\/2025\/10\/D_886351-MLA94373592025_102025-F.jpg",1199,854,false],"2048x2048":["https:\/\/rms-enlinea.com.ar\/wp-content\/uploads\/2025\/10\/D_886351-MLA94373592025_102025-F.jpg",1199,854,false],"woocommerce_thumbnail":["https:\/\/rms-enlinea.com.ar\/wp-content\/uploads\/2025\/10\/D_886351-MLA94373592025_102025-F-450x450.jpg",450,450,true],"woocommerce_single":["https:\/\/rms-enlinea.com.ar\/wp-content\/uploads\/2025\/10\/D_886351-MLA94373592025_102025-F-600x427.jpg",600,427,true],"woocommerce_gallery_thumbnail":["https:\/\/rms-enlinea.com.ar\/wp-content\/uploads\/2025\/10\/D_886351-MLA94373592025_102025-F-100x100.jpg",100,100,true]},"uagb_author_info":{"display_name":"nelson","author_link":"https:\/\/rms-enlinea.com.ar\/tienda\/author\/"},"uagb_comment_info":0,"uagb_excerpt":"Eficiencia Cybenetics Platino Nivel de Ruido Cybenetics Est\u00e1ndar++ Conectores PATA 3 Conectores EPS 2 Conectores SATA 8 Tecnolog\u00eda del Rodamiento del Ventilador Rodamiento Din\u00e1mico de Fluido Modular Totalmente Modular Tipo de Cable Tipo 5 Conectores PCIe 4 Modo Zero RPM S\u00ed Factor de Forma de la PSU SFX Preparado para Multi-GPU S\u00ed Tama\u00f1o del Ventilador&hellip;","_links":{"self":[{"href":"https:\/\/rms-enlinea.com.ar\/tienda\/wp-json\/wp\/v2\/product\/57171","targetHints":{"allow":["GET"]}}],"collection":[{"href":"https:\/\/rms-enlinea.com.ar\/tienda\/wp-json\/wp\/v2\/product"}],"about":[{"href":"https:\/\/rms-enlinea.com.ar\/tienda\/wp-json\/wp\/v2\/types\/product"}],"replies":[{"embeddable":true,"href":"https:\/\/rms-enlinea.com.ar\/tienda\/wp-json\/wp\/v2\/comments?post=57171"}],"wp:featuredmedia":[{"embeddable":true,"href":"https:\/\/rms-enlinea.com.ar\/tienda\/wp-json\/wp\/v2\/media\/57172"}],"wp:attachment":[{"href":"https:\/\/rms-enlinea.com.ar\/tienda\/wp-json\/wp\/v2\/media?parent=57171"}],"wp:term":[{"taxonomy":"product_brand","embeddable":true,"href":"https:\/\/rms-enlinea.com.ar\/tienda\/wp-json\/wp\/v2\/product_brand?post=57171"},{"taxonomy":"product_cat","embeddable":true,"href":"https:\/\/rms-enlinea.com.ar\/tienda\/wp-json\/wp\/v2\/product_cat?post=57171"},{"taxonomy":"product_tag","embeddable":true,"href":"https:\/\/rms-enlinea.com.ar\/tienda\/wp-json\/wp\/v2\/product_tag?post=57171"}],"curies":[{"name":"wp","href":"https:\/\/api.w.org\/{rel}","templated":true}]}}