{"id":57177,"date":"2025-10-07T18:31:58","date_gmt":"2025-10-07T21:31:58","guid":{"rendered":"https:\/\/rms-enlinea.com.ar\/tienda\/producto\/fuente-modular-corsair-sf850-850w-80-plus-platinum-atx3-1\/"},"modified":"2026-03-24T23:51:35","modified_gmt":"2026-03-25T02:51:35","slug":"fuente-modular-corsair-sf850-850w-80-plus-platinum-atx3-1","status":"publish","type":"product","link":"https:\/\/rms-enlinea.com.ar\/tienda\/producto\/fuente-modular-corsair-sf850-850w-80-plus-platinum-atx3-1\/","title":{"rendered":"Fuente Modular Corsair Sf850 850w 80 Plus Platinum Atx3.1"},"content":{"rendered":"<p>Eficiencia Cybenetics Platinum<br \/>\nRuido Cybenetics A-<br \/>\nConector PATA 3<br \/>\nConector EPS 2<br \/>\nConector SATA 8<br \/>\nTecnolog\u00eda de rodamientos del ventilador Rodamiento din\u00e1mico de fluidos<br \/>\nModular Completamente<br \/>\nTipo de cable Tipo 5<br \/>\nConector PCIe 3<br \/>\nModo Zero RPM S\u00ed<br \/>\nFormato de la fuente de alimentaci\u00f3n (PSU) SFX<br \/>\nCompatible con m\u00faltiples GPU S\u00ed<br \/>\nTama\u00f1o del ventilador (mm) 92 mm<br \/>\nPotencia continua (W) 850 vatios<br \/>\nConector ATX 1<br \/>\nVersi\u00f3n ATX12V 3.1<br \/>\nMTBF (horas) 100 000 horas<br \/>\nEficiencia 80 PLUS Platinum<br \/>\nPeso 2,30 kg<\/p>\n","protected":false},"excerpt":{"rendered":"<p>Eficiencia Cybenetics Platinum Ruido Cybenetics A- Conector PATA 3 Conector EPS 2 Conector SATA 8 Tecnolog\u00eda de rodamientos del ventilador Rodamiento din\u00e1mico de fluidos Modular Completamente Tipo de cable Tipo 5 Conector PCIe 3 Modo Zero RPM S\u00ed Formato de la fuente de alimentaci\u00f3n (PSU) SFX Compatible con m\u00faltiples GPU S\u00ed Tama\u00f1o del ventilador (mm) [&hellip;]<\/p>\n","protected":false},"featured_media":57178,"comment_status":"open","ping_status":"closed","template":"","meta":{"_uag_custom_page_level_css":""},"product_brand":[555],"product_cat":[108],"product_tag":[],"class_list":{"0":"post-57177","1":"product","2":"type-product","3":"status-publish","4":"has-post-thumbnail","6":"product_brand-corsair","7":"product_cat-fuentes-y-cargadores","9":"first","10":"instock","11":"sale","12":"taxable","13":"shipping-taxable","14":"purchasable","15":"product-type-simple"},"uagb_featured_image_src":{"full":["https:\/\/rms-enlinea.com.ar\/wp-content\/uploads\/2025\/10\/D_637516-MLA94373723065_102025-F.jpg",1200,861,false],"thumbnail":["https:\/\/rms-enlinea.com.ar\/wp-content\/uploads\/2025\/10\/D_637516-MLA94373723065_102025-F-150x150.jpg",150,150,true],"medium":["https:\/\/rms-enlinea.com.ar\/wp-content\/uploads\/2025\/10\/D_637516-MLA94373723065_102025-F-300x215.jpg",300,215,true],"medium_large":["https:\/\/rms-enlinea.com.ar\/wp-content\/uploads\/2025\/10\/D_637516-MLA94373723065_102025-F-768x551.jpg",768,551,true],"large":["https:\/\/rms-enlinea.com.ar\/wp-content\/uploads\/2025\/10\/D_637516-MLA94373723065_102025-F-1024x735.jpg",1024,735,true],"1536x1536":["https:\/\/rms-enlinea.com.ar\/wp-content\/uploads\/2025\/10\/D_637516-MLA94373723065_102025-F.jpg",1200,861,false],"2048x2048":["https:\/\/rms-enlinea.com.ar\/wp-content\/uploads\/2025\/10\/D_637516-MLA94373723065_102025-F.jpg",1200,861,false],"woocommerce_thumbnail":["https:\/\/rms-enlinea.com.ar\/wp-content\/uploads\/2025\/10\/D_637516-MLA94373723065_102025-F-450x450.jpg",450,450,true],"woocommerce_single":["https:\/\/rms-enlinea.com.ar\/wp-content\/uploads\/2025\/10\/D_637516-MLA94373723065_102025-F-600x431.jpg",600,431,true],"woocommerce_gallery_thumbnail":["https:\/\/rms-enlinea.com.ar\/wp-content\/uploads\/2025\/10\/D_637516-MLA94373723065_102025-F-100x100.jpg",100,100,true]},"uagb_author_info":{"display_name":"nelson","author_link":"https:\/\/rms-enlinea.com.ar\/tienda\/author\/"},"uagb_comment_info":0,"uagb_excerpt":"Eficiencia Cybenetics Platinum Ruido Cybenetics A- Conector PATA 3 Conector EPS 2 Conector SATA 8 Tecnolog\u00eda de rodamientos del ventilador Rodamiento din\u00e1mico de fluidos Modular Completamente Tipo de cable Tipo 5 Conector PCIe 3 Modo Zero RPM S\u00ed Formato de la fuente de alimentaci\u00f3n (PSU) SFX Compatible con m\u00faltiples GPU S\u00ed Tama\u00f1o del ventilador (mm)&hellip;","_links":{"self":[{"href":"https:\/\/rms-enlinea.com.ar\/tienda\/wp-json\/wp\/v2\/product\/57177","targetHints":{"allow":["GET"]}}],"collection":[{"href":"https:\/\/rms-enlinea.com.ar\/tienda\/wp-json\/wp\/v2\/product"}],"about":[{"href":"https:\/\/rms-enlinea.com.ar\/tienda\/wp-json\/wp\/v2\/types\/product"}],"replies":[{"embeddable":true,"href":"https:\/\/rms-enlinea.com.ar\/tienda\/wp-json\/wp\/v2\/comments?post=57177"}],"wp:featuredmedia":[{"embeddable":true,"href":"https:\/\/rms-enlinea.com.ar\/tienda\/wp-json\/wp\/v2\/media\/57178"}],"wp:attachment":[{"href":"https:\/\/rms-enlinea.com.ar\/tienda\/wp-json\/wp\/v2\/media?parent=57177"}],"wp:term":[{"taxonomy":"product_brand","embeddable":true,"href":"https:\/\/rms-enlinea.com.ar\/tienda\/wp-json\/wp\/v2\/product_brand?post=57177"},{"taxonomy":"product_cat","embeddable":true,"href":"https:\/\/rms-enlinea.com.ar\/tienda\/wp-json\/wp\/v2\/product_cat?post=57177"},{"taxonomy":"product_tag","embeddable":true,"href":"https:\/\/rms-enlinea.com.ar\/tienda\/wp-json\/wp\/v2\/product_tag?post=57177"}],"curies":[{"name":"wp","href":"https:\/\/api.w.org\/{rel}","templated":true}]}}