{"id":57190,"date":"2025-10-08T15:40:11","date_gmt":"2025-10-08T18:40:11","guid":{"rendered":"https:\/\/rms-enlinea.com.ar\/tienda\/producto\/auricular-con-microfono-genius-hs-200c-vincha-2-mini-plug\/"},"modified":"2026-03-31T18:46:44","modified_gmt":"2026-03-31T21:46:44","slug":"auricular-con-microfono-genius-hs-200c-vincha-2-mini-plug","status":"publish","type":"product","link":"https:\/\/rms-enlinea.com.ar\/tienda\/producto\/auricular-con-microfono-genius-hs-200c-vincha-2-mini-plug\/","title":{"rendered":"Auricular Con Microfono Genius Hs-200c Vincha 2 Mini Plug"},"content":{"rendered":"<p>Modelo alfanum\u00e9rico HS-200C<br \/>\nBluetooth No<br \/>\nMarca Genius<br \/>\nFormato Over-ear<br \/>\nIncluye micr\u00f3fono S\u00ed<br \/>\nModelo HS-200C<br \/>\nCon Bluetooth No<br \/>\nCon recepci\u00f3n inal\u00e1mbrica No<br \/>\nMarca Genius<br \/>\nFormato Over-ear<br \/>\nIncluye micr\u00f3fono S\u00ed<br \/>\nModelo HS-200C<br \/>\nCon Bluetooth No<br \/>\nCon recepci\u00f3n inal\u00e1mbrica No<\/p>\n","protected":false},"excerpt":{"rendered":"<p>Modelo alfanum\u00e9rico HS-200C Bluetooth No Marca Genius Formato Over-ear Incluye micr\u00f3fono S\u00ed Modelo HS-200C Con Bluetooth No Con recepci\u00f3n inal\u00e1mbrica No Marca Genius Formato Over-ear Incluye micr\u00f3fono S\u00ed Modelo HS-200C Con Bluetooth No Con recepci\u00f3n inal\u00e1mbrica No<\/p>\n","protected":false},"featured_media":57191,"comment_status":"open","ping_status":"closed","template":"","meta":{"_uag_custom_page_level_css":""},"product_brand":[550],"product_cat":[99],"product_tag":[],"class_list":{"0":"post-57190","1":"product","2":"type-product","3":"status-publish","4":"has-post-thumbnail","6":"product_brand-genius","7":"product_cat-auriculares-computacion","9":"first","10":"outofstock","11":"sale","12":"taxable","13":"shipping-taxable","14":"purchasable","15":"product-type-simple"},"uagb_featured_image_src":{"full":["https:\/\/rms-enlinea.com.ar\/wp-content\/uploads\/2025\/10\/D_628448-MLA94035451620_102025-F.jpg",971,1200,false],"thumbnail":["https:\/\/rms-enlinea.com.ar\/wp-content\/uploads\/2025\/10\/D_628448-MLA94035451620_102025-F-150x150.jpg",150,150,true],"medium":["https:\/\/rms-enlinea.com.ar\/wp-content\/uploads\/2025\/10\/D_628448-MLA94035451620_102025-F-243x300.jpg",243,300,true],"medium_large":["https:\/\/rms-enlinea.com.ar\/wp-content\/uploads\/2025\/10\/D_628448-MLA94035451620_102025-F-768x949.jpg",768,949,true],"large":["https:\/\/rms-enlinea.com.ar\/wp-content\/uploads\/2025\/10\/D_628448-MLA94035451620_102025-F-829x1024.jpg",829,1024,true],"1536x1536":["https:\/\/rms-enlinea.com.ar\/wp-content\/uploads\/2025\/10\/D_628448-MLA94035451620_102025-F.jpg",971,1200,false],"2048x2048":["https:\/\/rms-enlinea.com.ar\/wp-content\/uploads\/2025\/10\/D_628448-MLA94035451620_102025-F.jpg",971,1200,false],"woocommerce_thumbnail":["https:\/\/rms-enlinea.com.ar\/wp-content\/uploads\/2025\/10\/D_628448-MLA94035451620_102025-F-450x450.jpg",450,450,true],"woocommerce_single":["https:\/\/rms-enlinea.com.ar\/wp-content\/uploads\/2025\/10\/D_628448-MLA94035451620_102025-F-600x742.jpg",600,742,true],"woocommerce_gallery_thumbnail":["https:\/\/rms-enlinea.com.ar\/wp-content\/uploads\/2025\/10\/D_628448-MLA94035451620_102025-F-100x100.jpg",100,100,true]},"uagb_author_info":{"display_name":"nelson","author_link":"https:\/\/rms-enlinea.com.ar\/tienda\/author\/"},"uagb_comment_info":0,"uagb_excerpt":"Modelo alfanum\u00e9rico HS-200C Bluetooth No Marca Genius Formato Over-ear Incluye micr\u00f3fono S\u00ed Modelo HS-200C Con Bluetooth No Con recepci\u00f3n inal\u00e1mbrica No Marca Genius Formato Over-ear Incluye micr\u00f3fono S\u00ed Modelo HS-200C Con Bluetooth No Con recepci\u00f3n inal\u00e1mbrica No","_links":{"self":[{"href":"https:\/\/rms-enlinea.com.ar\/tienda\/wp-json\/wp\/v2\/product\/57190","targetHints":{"allow":["GET"]}}],"collection":[{"href":"https:\/\/rms-enlinea.com.ar\/tienda\/wp-json\/wp\/v2\/product"}],"about":[{"href":"https:\/\/rms-enlinea.com.ar\/tienda\/wp-json\/wp\/v2\/types\/product"}],"replies":[{"embeddable":true,"href":"https:\/\/rms-enlinea.com.ar\/tienda\/wp-json\/wp\/v2\/comments?post=57190"}],"wp:featuredmedia":[{"embeddable":true,"href":"https:\/\/rms-enlinea.com.ar\/tienda\/wp-json\/wp\/v2\/media\/57191"}],"wp:attachment":[{"href":"https:\/\/rms-enlinea.com.ar\/tienda\/wp-json\/wp\/v2\/media?parent=57190"}],"wp:term":[{"taxonomy":"product_brand","embeddable":true,"href":"https:\/\/rms-enlinea.com.ar\/tienda\/wp-json\/wp\/v2\/product_brand?post=57190"},{"taxonomy":"product_cat","embeddable":true,"href":"https:\/\/rms-enlinea.com.ar\/tienda\/wp-json\/wp\/v2\/product_cat?post=57190"},{"taxonomy":"product_tag","embeddable":true,"href":"https:\/\/rms-enlinea.com.ar\/tienda\/wp-json\/wp\/v2\/product_tag?post=57190"}],"curies":[{"name":"wp","href":"https:\/\/api.w.org\/{rel}","templated":true}]}}