{"id":57196,"date":"2025-10-08T23:10:16","date_gmt":"2025-10-09T02:10:16","guid":{"rendered":"https:\/\/rms-enlinea.com.ar\/tienda\/producto\/auricular-gamer-razer-kraken-kitty-v2-white-bluetooth-rgb\/"},"modified":"2026-04-21T04:26:48","modified_gmt":"2026-04-21T07:26:48","slug":"auricular-gamer-razer-kraken-kitty-v2-white-bluetooth-rgb","status":"publish","type":"product","link":"https:\/\/rms-enlinea.com.ar\/tienda\/producto\/auricular-gamer-razer-kraken-kitty-v2-white-bluetooth-rgb\/","title":{"rendered":"Auricular Gamer Razer Kraken Kitty V2 White Bluetooth Rgb"},"content":{"rendered":"<p>Control de ruido Cancelaci\u00f3n de ruido pasiva<br \/>\nRespuesta de frecuencia 20<br \/>\nSensibilidad 92,5 dB<br \/>\nNombre del modelo KRAKEN KITTY V2 BT<br \/>\nTecnolog\u00eda de conectividad Inal\u00e1mbrico<br \/>\nTecnolog\u00eda de comunicaci\u00f3n inal\u00e1mbrica Bluetooth<br \/>\nComponentes incluidos Cable USB tipo A a tipo C, Manual de usuario, Razer Kraken Kitty V2 BT<br \/>\nRango de edad (descripci\u00f3n) Adulto<br \/>\nMaterial Cuero sint\u00e9tico<br \/>\nUsos espec\u00edficos del producto Videojuego<br \/>\nUsos Recomendados Para Producto Videojuegos<br \/>\nDispositivos compatibles Computadoras Port\u00e1tiles, Ordenadores de sobremesa, Tablets, Tel\u00e9fonos celulares<br \/>\nCaracter\u00edstica del cable Desmontable<br \/>\nNivel de resistencia al agua No Resistente al Agua<br \/>\nRango de frecuencia 20 Hz &#8211; 20.000 Hz<br \/>\nM\u00e9todo de control Control remoto<br \/>\nN\u00famero de art\u00edculos 1<br \/>\nVida \u00fatil de la bater\u00eda 4E+1 Horas<br \/>\nTipo de controlador de audio Controlador din\u00e1mico<br \/>\nRango de Bluetooth 10,1 Metros<br \/>\nVersi\u00f3n Bluetooth 5.2<br \/>\nTama\u00f1o del controlador de audio 40 Mil\u00edmetros<br \/>\nForma del auricular ovalado<\/p>\n","protected":false},"excerpt":{"rendered":"<p>Control de ruido Cancelaci\u00f3n de ruido pasiva Respuesta de frecuencia 20 Sensibilidad 92,5 dB Nombre del modelo KRAKEN KITTY V2 BT Tecnolog\u00eda de conectividad Inal\u00e1mbrico Tecnolog\u00eda de comunicaci\u00f3n inal\u00e1mbrica Bluetooth Componentes incluidos Cable USB tipo A a tipo C, Manual de usuario, Razer Kraken Kitty V2 BT Rango de edad (descripci\u00f3n) Adulto Material Cuero sint\u00e9tico [&hellip;]<\/p>\n","protected":false},"featured_media":57197,"comment_status":"open","ping_status":"closed","template":"","meta":{"_uag_custom_page_level_css":""},"product_brand":[559],"product_cat":[99],"product_tag":[],"class_list":{"0":"post-57196","1":"product","2":"type-product","3":"status-publish","4":"has-post-thumbnail","6":"product_brand-razer","7":"product_cat-auriculares-computacion","9":"first","10":"outofstock","11":"sale","12":"taxable","13":"shipping-taxable","14":"purchasable","15":"product-type-simple"},"uagb_featured_image_src":{"full":["https:\/\/rms-enlinea.com.ar\/wp-content\/uploads\/2025\/10\/D_878571-MLA94055199644_102025-F.jpg",888,1200,false],"thumbnail":["https:\/\/rms-enlinea.com.ar\/wp-content\/uploads\/2025\/10\/D_878571-MLA94055199644_102025-F-150x150.jpg",150,150,true],"medium":["https:\/\/rms-enlinea.com.ar\/wp-content\/uploads\/2025\/10\/D_878571-MLA94055199644_102025-F-222x300.jpg",222,300,true],"medium_large":["https:\/\/rms-enlinea.com.ar\/wp-content\/uploads\/2025\/10\/D_878571-MLA94055199644_102025-F-768x1038.jpg",768,1038,true],"large":["https:\/\/rms-enlinea.com.ar\/wp-content\/uploads\/2025\/10\/D_878571-MLA94055199644_102025-F-758x1024.jpg",758,1024,true],"1536x1536":["https:\/\/rms-enlinea.com.ar\/wp-content\/uploads\/2025\/10\/D_878571-MLA94055199644_102025-F.jpg",888,1200,false],"2048x2048":["https:\/\/rms-enlinea.com.ar\/wp-content\/uploads\/2025\/10\/D_878571-MLA94055199644_102025-F.jpg",888,1200,false],"woocommerce_thumbnail":["https:\/\/rms-enlinea.com.ar\/wp-content\/uploads\/2025\/10\/D_878571-MLA94055199644_102025-F-450x450.jpg",450,450,true],"woocommerce_single":["https:\/\/rms-enlinea.com.ar\/wp-content\/uploads\/2025\/10\/D_878571-MLA94055199644_102025-F-600x811.jpg",600,811,true],"woocommerce_gallery_thumbnail":["https:\/\/rms-enlinea.com.ar\/wp-content\/uploads\/2025\/10\/D_878571-MLA94055199644_102025-F-100x100.jpg",100,100,true]},"uagb_author_info":{"display_name":"nelson","author_link":"https:\/\/rms-enlinea.com.ar\/tienda\/author\/"},"uagb_comment_info":0,"uagb_excerpt":"Control de ruido Cancelaci\u00f3n de ruido pasiva Respuesta de frecuencia 20 Sensibilidad 92,5 dB Nombre del modelo KRAKEN KITTY V2 BT Tecnolog\u00eda de conectividad Inal\u00e1mbrico Tecnolog\u00eda de comunicaci\u00f3n inal\u00e1mbrica Bluetooth Componentes incluidos Cable USB tipo A a tipo C, Manual de usuario, Razer Kraken Kitty V2 BT Rango de edad (descripci\u00f3n) Adulto Material Cuero sint\u00e9tico&hellip;","_links":{"self":[{"href":"https:\/\/rms-enlinea.com.ar\/tienda\/wp-json\/wp\/v2\/product\/57196","targetHints":{"allow":["GET"]}}],"collection":[{"href":"https:\/\/rms-enlinea.com.ar\/tienda\/wp-json\/wp\/v2\/product"}],"about":[{"href":"https:\/\/rms-enlinea.com.ar\/tienda\/wp-json\/wp\/v2\/types\/product"}],"replies":[{"embeddable":true,"href":"https:\/\/rms-enlinea.com.ar\/tienda\/wp-json\/wp\/v2\/comments?post=57196"}],"wp:featuredmedia":[{"embeddable":true,"href":"https:\/\/rms-enlinea.com.ar\/tienda\/wp-json\/wp\/v2\/media\/57197"}],"wp:attachment":[{"href":"https:\/\/rms-enlinea.com.ar\/tienda\/wp-json\/wp\/v2\/media?parent=57196"}],"wp:term":[{"taxonomy":"product_brand","embeddable":true,"href":"https:\/\/rms-enlinea.com.ar\/tienda\/wp-json\/wp\/v2\/product_brand?post=57196"},{"taxonomy":"product_cat","embeddable":true,"href":"https:\/\/rms-enlinea.com.ar\/tienda\/wp-json\/wp\/v2\/product_cat?post=57196"},{"taxonomy":"product_tag","embeddable":true,"href":"https:\/\/rms-enlinea.com.ar\/tienda\/wp-json\/wp\/v2\/product_tag?post=57196"}],"curies":[{"name":"wp","href":"https:\/\/api.w.org\/{rel}","templated":true}]}}