{"id":57240,"date":"2025-10-09T15:50:05","date_gmt":"2025-10-09T18:50:05","guid":{"rendered":"https:\/\/rms-enlinea.com.ar\/tienda\/producto\/memoria-ddr4-corsair-16gb-3200-mhz-vengeance-rgb-rs-cl16\/"},"modified":"2026-04-21T05:32:11","modified_gmt":"2026-04-21T08:32:11","slug":"memoria-ddr4-corsair-16gb-3200-mhz-vengeance-rgb-rs-cl16","status":"publish","type":"product","link":"https:\/\/rms-enlinea.com.ar\/tienda\/producto\/memoria-ddr4-corsair-16gb-3200-mhz-vengeance-rgb-rs-cl16\/","title":{"rendered":"Memoria Ddr4 Corsair 16gb 3200 Mhz Vengeance Rgb Rs Cl16"},"content":{"rendered":"<p>Capacidad de Memoria\t16GB (1 x 16GB)<br \/>Latencia Probada\t16-20-20-38<br \/>Velocidad Probada\t3200 MT\/s<br \/>Voltaje Probado\t1.35V<br \/>Voltaje SPD\t1.2V<br \/>Clasificaci\u00f3n de Velocidad\tPC4-25600 (3200 MHz)<br \/>Velocidad SPD\t2133 MHz<br \/>Latencia SPD\t15-15-15-36<br \/>Perfil de Rendimiento\tXMP 2.0<br \/>Formato del M\u00f3dulo\tUDIMM<br \/>Serie de Memoria\tVENGEANCE RGB RS<br \/>Iluminaci\u00f3n RGB\tS\u00ed<br \/>Tipo de Iluminaci\u00f3n\tRGB din\u00e1mico multizona<br \/>Disipador de Calor\tAluminio anodizado<br \/>Ventilador Incluido\tNo<br \/>Color de Memoria\tNegro<br \/>Peso\t0.1 kg<br \/>Compatibilidad\tIntel 300\/400\/500\/600 Series, AMD 300\/400\/500 Series<br \/>Tipo de Memoria\tDDR4<\/p>\n","protected":false},"excerpt":{"rendered":"<p>Capacidad de Memoria 16GB (1 x 16GB)Latencia Probada 16-20-20-38Velocidad Probada 3200 MT\/sVoltaje Probado 1.35VVoltaje SPD 1.2VClasificaci\u00f3n de Velocidad PC4-25600 (3200 MHz)Velocidad SPD 2133 MHzLatencia SPD 15-15-15-36Perfil de Rendimiento XMP 2.0Formato del M\u00f3dulo UDIMMSerie de Memoria VENGEANCE RGB RSIluminaci\u00f3n RGB S\u00edTipo de Iluminaci\u00f3n RGB din\u00e1mico multizonaDisipador de Calor Aluminio anodizadoVentilador Incluido NoColor de Memoria NegroPeso 0.1 [&hellip;]<\/p>\n","protected":false},"featured_media":57241,"comment_status":"open","ping_status":"closed","template":"","meta":{"_uag_custom_page_level_css":""},"product_brand":[555],"product_cat":[112],"product_tag":[],"class_list":{"0":"post-57240","1":"product","2":"type-product","3":"status-publish","4":"has-post-thumbnail","6":"product_brand-corsair","7":"product_cat-mamorias","9":"first","10":"outofstock","11":"sale","12":"taxable","13":"shipping-taxable","14":"purchasable","15":"product-type-simple"},"uagb_featured_image_src":{"full":["https:\/\/rms-enlinea.com.ar\/wp-content\/uploads\/2025\/10\/D_698792-MLA94566337445_102025-F.jpg",1193,391,false],"thumbnail":["https:\/\/rms-enlinea.com.ar\/wp-content\/uploads\/2025\/10\/D_698792-MLA94566337445_102025-F-150x150.jpg",150,150,true],"medium":["https:\/\/rms-enlinea.com.ar\/wp-content\/uploads\/2025\/10\/D_698792-MLA94566337445_102025-F-300x98.jpg",300,98,true],"medium_large":["https:\/\/rms-enlinea.com.ar\/wp-content\/uploads\/2025\/10\/D_698792-MLA94566337445_102025-F-768x252.jpg",768,252,true],"large":["https:\/\/rms-enlinea.com.ar\/wp-content\/uploads\/2025\/10\/D_698792-MLA94566337445_102025-F-1024x336.jpg",1024,336,true],"1536x1536":["https:\/\/rms-enlinea.com.ar\/wp-content\/uploads\/2025\/10\/D_698792-MLA94566337445_102025-F.jpg",1193,391,false],"2048x2048":["https:\/\/rms-enlinea.com.ar\/wp-content\/uploads\/2025\/10\/D_698792-MLA94566337445_102025-F.jpg",1193,391,false],"woocommerce_thumbnail":["https:\/\/rms-enlinea.com.ar\/wp-content\/uploads\/2025\/10\/D_698792-MLA94566337445_102025-F-450x391.jpg",450,391,true],"woocommerce_single":["https:\/\/rms-enlinea.com.ar\/wp-content\/uploads\/2025\/10\/D_698792-MLA94566337445_102025-F-600x197.jpg",600,197,true],"woocommerce_gallery_thumbnail":["https:\/\/rms-enlinea.com.ar\/wp-content\/uploads\/2025\/10\/D_698792-MLA94566337445_102025-F-100x100.jpg",100,100,true]},"uagb_author_info":{"display_name":"nelson","author_link":"https:\/\/rms-enlinea.com.ar\/tienda\/author\/"},"uagb_comment_info":0,"uagb_excerpt":"Capacidad de Memoria 16GB (1 x 16GB)Latencia Probada 16-20-20-38Velocidad Probada 3200 MT\/sVoltaje Probado 1.35VVoltaje SPD 1.2VClasificaci\u00f3n de Velocidad PC4-25600 (3200 MHz)Velocidad SPD 2133 MHzLatencia SPD 15-15-15-36Perfil de Rendimiento XMP 2.0Formato del M\u00f3dulo UDIMMSerie de Memoria VENGEANCE RGB RSIluminaci\u00f3n RGB S\u00edTipo de Iluminaci\u00f3n RGB din\u00e1mico multizonaDisipador de Calor Aluminio anodizadoVentilador Incluido NoColor de Memoria NegroPeso 0.1&hellip;","_links":{"self":[{"href":"https:\/\/rms-enlinea.com.ar\/tienda\/wp-json\/wp\/v2\/product\/57240","targetHints":{"allow":["GET"]}}],"collection":[{"href":"https:\/\/rms-enlinea.com.ar\/tienda\/wp-json\/wp\/v2\/product"}],"about":[{"href":"https:\/\/rms-enlinea.com.ar\/tienda\/wp-json\/wp\/v2\/types\/product"}],"replies":[{"embeddable":true,"href":"https:\/\/rms-enlinea.com.ar\/tienda\/wp-json\/wp\/v2\/comments?post=57240"}],"wp:featuredmedia":[{"embeddable":true,"href":"https:\/\/rms-enlinea.com.ar\/tienda\/wp-json\/wp\/v2\/media\/57241"}],"wp:attachment":[{"href":"https:\/\/rms-enlinea.com.ar\/tienda\/wp-json\/wp\/v2\/media?parent=57240"}],"wp:term":[{"taxonomy":"product_brand","embeddable":true,"href":"https:\/\/rms-enlinea.com.ar\/tienda\/wp-json\/wp\/v2\/product_brand?post=57240"},{"taxonomy":"product_cat","embeddable":true,"href":"https:\/\/rms-enlinea.com.ar\/tienda\/wp-json\/wp\/v2\/product_cat?post=57240"},{"taxonomy":"product_tag","embeddable":true,"href":"https:\/\/rms-enlinea.com.ar\/tienda\/wp-json\/wp\/v2\/product_tag?post=57240"}],"curies":[{"name":"wp","href":"https:\/\/api.w.org\/{rel}","templated":true}]}}