{"id":57243,"date":"2025-10-09T15:50:17","date_gmt":"2025-10-09T18:50:17","guid":{"rendered":"https:\/\/rms-enlinea.com.ar\/tienda\/producto\/memoria-ddr4-corsair-8gb-3200-mhz-vengeance-lpx\/"},"modified":"2026-04-21T05:46:35","modified_gmt":"2026-04-21T08:46:35","slug":"memoria-ddr4-corsair-8gb-3200-mhz-vengeance-lpx","status":"publish","type":"product","link":"https:\/\/rms-enlinea.com.ar\/tienda\/producto\/memoria-ddr4-corsair-8gb-3200-mhz-vengeance-lpx\/","title":{"rendered":"Memoria Ddr4 Corsair 8gb 3200 Mhz Vengeance Lpx"},"content":{"rendered":"<p>Capacidad de memoria\t8GB (1 x 8GB)<br \/>Latencia probada\t16-20-20-38<br \/>Velocidad probada\t3200 MT\/s<br \/>Voltaje probado\t1.35V<br \/>Voltaje SPD\t1.2V<br \/>Clasificaci\u00f3n de velocidad\tPC4-25600 (3200MHz)<br \/>Velocidad SPD\t2133MHz<br \/>Latencia SPD\t15-15-15-36<br \/>Perfil de rendimiento\tXMP 2.0<br \/>Formato del m\u00f3dulo de memoria\tUDIMM<br \/>N\u00famero de pines\t288<br \/>Peso\t0.065 kg<br \/>Disipador t\u00e9rmico\tAluminio anodizado<br \/>Ventilador incluido\tNo<br \/>Color de la memoria\tNegro<br \/>Compatibilidad\tIntel 200, 300, 400, 500, 600 Series, Intel X299, AMD 300, 400, 500 Series, AMD X570<br \/>Tipo de memoria\tDDR4<\/p>\n","protected":false},"excerpt":{"rendered":"<p>Capacidad de memoria 8GB (1 x 8GB)Latencia probada 16-20-20-38Velocidad probada 3200 MT\/sVoltaje probado 1.35VVoltaje SPD 1.2VClasificaci\u00f3n de velocidad PC4-25600 (3200MHz)Velocidad SPD 2133MHzLatencia SPD 15-15-15-36Perfil de rendimiento XMP 2.0Formato del m\u00f3dulo de memoria UDIMMN\u00famero de pines 288Peso 0.065 kgDisipador t\u00e9rmico Aluminio anodizadoVentilador incluido NoColor de la memoria NegroCompatibilidad Intel 200, 300, 400, 500, 600 Series, Intel [&hellip;]<\/p>\n","protected":false},"featured_media":57244,"comment_status":"open","ping_status":"closed","template":"","meta":{"_uag_custom_page_level_css":""},"product_brand":[555],"product_cat":[112],"product_tag":[],"class_list":{"0":"post-57243","1":"product","2":"type-product","3":"status-publish","4":"has-post-thumbnail","6":"product_brand-corsair","7":"product_cat-mamorias","9":"first","10":"outofstock","11":"sale","12":"taxable","13":"shipping-taxable","14":"purchasable","15":"product-type-simple"},"uagb_featured_image_src":{"full":["https:\/\/rms-enlinea.com.ar\/wp-content\/uploads\/2025\/10\/D_644223-MLA94565703921_102025-F.jpg",1198,301,false],"thumbnail":["https:\/\/rms-enlinea.com.ar\/wp-content\/uploads\/2025\/10\/D_644223-MLA94565703921_102025-F-150x150.jpg",150,150,true],"medium":["https:\/\/rms-enlinea.com.ar\/wp-content\/uploads\/2025\/10\/D_644223-MLA94565703921_102025-F-300x75.jpg",300,75,true],"medium_large":["https:\/\/rms-enlinea.com.ar\/wp-content\/uploads\/2025\/10\/D_644223-MLA94565703921_102025-F-768x193.jpg",768,193,true],"large":["https:\/\/rms-enlinea.com.ar\/wp-content\/uploads\/2025\/10\/D_644223-MLA94565703921_102025-F-1024x257.jpg",1024,257,true],"1536x1536":["https:\/\/rms-enlinea.com.ar\/wp-content\/uploads\/2025\/10\/D_644223-MLA94565703921_102025-F.jpg",1198,301,false],"2048x2048":["https:\/\/rms-enlinea.com.ar\/wp-content\/uploads\/2025\/10\/D_644223-MLA94565703921_102025-F.jpg",1198,301,false],"woocommerce_thumbnail":["https:\/\/rms-enlinea.com.ar\/wp-content\/uploads\/2025\/10\/D_644223-MLA94565703921_102025-F-450x301.jpg",450,301,true],"woocommerce_single":["https:\/\/rms-enlinea.com.ar\/wp-content\/uploads\/2025\/10\/D_644223-MLA94565703921_102025-F-600x151.jpg",600,151,true],"woocommerce_gallery_thumbnail":["https:\/\/rms-enlinea.com.ar\/wp-content\/uploads\/2025\/10\/D_644223-MLA94565703921_102025-F-100x100.jpg",100,100,true]},"uagb_author_info":{"display_name":"nelson","author_link":"https:\/\/rms-enlinea.com.ar\/tienda\/author\/"},"uagb_comment_info":0,"uagb_excerpt":"Capacidad de memoria 8GB (1 x 8GB)Latencia probada 16-20-20-38Velocidad probada 3200 MT\/sVoltaje probado 1.35VVoltaje SPD 1.2VClasificaci\u00f3n de velocidad PC4-25600 (3200MHz)Velocidad SPD 2133MHzLatencia SPD 15-15-15-36Perfil de rendimiento XMP 2.0Formato del m\u00f3dulo de memoria UDIMMN\u00famero de pines 288Peso 0.065 kgDisipador t\u00e9rmico Aluminio anodizadoVentilador incluido NoColor de la memoria NegroCompatibilidad Intel 200, 300, 400, 500, 600 Series, Intel&hellip;","_links":{"self":[{"href":"https:\/\/rms-enlinea.com.ar\/tienda\/wp-json\/wp\/v2\/product\/57243","targetHints":{"allow":["GET"]}}],"collection":[{"href":"https:\/\/rms-enlinea.com.ar\/tienda\/wp-json\/wp\/v2\/product"}],"about":[{"href":"https:\/\/rms-enlinea.com.ar\/tienda\/wp-json\/wp\/v2\/types\/product"}],"replies":[{"embeddable":true,"href":"https:\/\/rms-enlinea.com.ar\/tienda\/wp-json\/wp\/v2\/comments?post=57243"}],"wp:featuredmedia":[{"embeddable":true,"href":"https:\/\/rms-enlinea.com.ar\/tienda\/wp-json\/wp\/v2\/media\/57244"}],"wp:attachment":[{"href":"https:\/\/rms-enlinea.com.ar\/tienda\/wp-json\/wp\/v2\/media?parent=57243"}],"wp:term":[{"taxonomy":"product_brand","embeddable":true,"href":"https:\/\/rms-enlinea.com.ar\/tienda\/wp-json\/wp\/v2\/product_brand?post=57243"},{"taxonomy":"product_cat","embeddable":true,"href":"https:\/\/rms-enlinea.com.ar\/tienda\/wp-json\/wp\/v2\/product_cat?post=57243"},{"taxonomy":"product_tag","embeddable":true,"href":"https:\/\/rms-enlinea.com.ar\/tienda\/wp-json\/wp\/v2\/product_tag?post=57243"}],"curies":[{"name":"wp","href":"https:\/\/api.w.org\/{rel}","templated":true}]}}