{"id":57256,"date":"2025-10-09T18:50:22","date_gmt":"2025-10-09T21:50:22","guid":{"rendered":"https:\/\/rms-enlinea.com.ar\/tienda\/producto\/memoria-ddr5-corsair-32gb-2x16gb-5200mhz-vengeance-lpx\/"},"modified":"2026-04-02T17:14:20","modified_gmt":"2026-04-02T20:14:20","slug":"memoria-ddr5-corsair-32gb-2x16gb-5200mhz-vengeance-lpx","status":"publish","type":"product","link":"https:\/\/rms-enlinea.com.ar\/tienda\/producto\/memoria-ddr5-corsair-32gb-2x16gb-5200mhz-vengeance-lpx\/","title":{"rendered":"Memoria Ddr5 Corsair 32gb 2x16gb 5200mhz Vengeance Lpx"},"content":{"rendered":"<p>Con dise\u00f1os \u00fanicos y modernos, Corsair es una de las marcas m\u00e1s elegidas por los usuarios al momento de comprar una memoria ram. Cargar programas m\u00e1s r\u00e1pido, aumentar la capacidad de responder y ejecutar aplicaciones de uso intensivo son algunas de las caracter\u00edsticas y ventajas que tendr\u00e1s al momento de adquirir esta memoria. No esperes m\u00e1s para mejorar el rendimiento de tu computadora.<\/p>\n<p>Tu equipo como nuevo<br \/>Esta memoria de formato DIMM es ideal para tu Computadoras de escritorio. \u00a1Instalala y comenz\u00e1 a disfrutar de un \u00f3ptimo funcionamiento!<\/p>\n<p>C\u00f3digo parte: CMK32GX5M2B5200C40W<\/p>\n<p>Fan Included\tNo<br \/>Memory Color\tWHITE<br \/>Memory Compatibility\tIntel 600 Series,Intel 700 Series<br \/>Memory Detail Compatibility\tIntel 600 Series,Intel 700 Series<br \/>Heat Spreader\tAluminum<br \/>Memory Series\tVENGEANCE DDR5<br \/>Memory Size\t32GB<br \/>Memory Type\tDDR5<br \/>Package Memory Format\tDIMM<br \/>Package Memory Pin\t288<br \/>Performance Profile\tXMP 3.0<br \/>SPD Latency\t40-40-40-77<br \/>SPD Speed\t4800MHz<br \/>SPD Voltage\t1.1V<br \/>Speed Rating\tPC5-41600 (DDR5-5200)<br \/>Tested Speed\t5200<br \/>Tested Voltage\t1.25V<\/p>\n","protected":false},"excerpt":{"rendered":"<p>Con dise\u00f1os \u00fanicos y modernos, Corsair es una de las marcas m\u00e1s elegidas por los usuarios al momento de comprar una memoria ram. Cargar programas m\u00e1s r\u00e1pido, aumentar la capacidad de responder y ejecutar aplicaciones de uso intensivo son algunas de las caracter\u00edsticas y ventajas que tendr\u00e1s al momento de adquirir esta memoria. No esperes [&hellip;]<\/p>\n","protected":false},"featured_media":2408,"comment_status":"open","ping_status":"closed","template":"","meta":{"_uag_custom_page_level_css":""},"product_brand":[555],"product_cat":[112],"product_tag":[],"class_list":{"0":"post-57256","1":"product","2":"type-product","3":"status-publish","4":"has-post-thumbnail","6":"product_brand-corsair","7":"product_cat-mamorias","9":"first","10":"outofstock","11":"sale","12":"taxable","13":"shipping-taxable","14":"purchasable","15":"product-type-simple"},"uagb_featured_image_src":{"full":["https:\/\/rms-enlinea.com.ar\/wp-content\/uploads\/2025\/06\/D_688500-MLA51649538372_092022-F.jpg",818,501,false],"thumbnail":["https:\/\/rms-enlinea.com.ar\/wp-content\/uploads\/2025\/06\/D_688500-MLA51649538372_092022-F-150x150.jpg",150,150,true],"medium":["https:\/\/rms-enlinea.com.ar\/wp-content\/uploads\/2025\/06\/D_688500-MLA51649538372_092022-F-300x184.jpg",300,184,true],"medium_large":["https:\/\/rms-enlinea.com.ar\/wp-content\/uploads\/2025\/06\/D_688500-MLA51649538372_092022-F-768x470.jpg",768,470,true],"large":["https:\/\/rms-enlinea.com.ar\/wp-content\/uploads\/2025\/06\/D_688500-MLA51649538372_092022-F.jpg",818,501,false],"1536x1536":["https:\/\/rms-enlinea.com.ar\/wp-content\/uploads\/2025\/06\/D_688500-MLA51649538372_092022-F.jpg",818,501,false],"2048x2048":["https:\/\/rms-enlinea.com.ar\/wp-content\/uploads\/2025\/06\/D_688500-MLA51649538372_092022-F.jpg",818,501,false],"woocommerce_thumbnail":["https:\/\/rms-enlinea.com.ar\/wp-content\/uploads\/2025\/06\/D_688500-MLA51649538372_092022-F-450x450.jpg",450,450,true],"woocommerce_single":["https:\/\/rms-enlinea.com.ar\/wp-content\/uploads\/2025\/06\/D_688500-MLA51649538372_092022-F-600x367.jpg",600,367,true],"woocommerce_gallery_thumbnail":["https:\/\/rms-enlinea.com.ar\/wp-content\/uploads\/2025\/06\/D_688500-MLA51649538372_092022-F-100x100.jpg",100,100,true]},"uagb_author_info":{"display_name":"nelson","author_link":"https:\/\/rms-enlinea.com.ar\/tienda\/author\/"},"uagb_comment_info":0,"uagb_excerpt":"Con dise\u00f1os \u00fanicos y modernos, Corsair es una de las marcas m\u00e1s elegidas por los usuarios al momento de comprar una memoria ram. Cargar programas m\u00e1s r\u00e1pido, aumentar la capacidad de responder y ejecutar aplicaciones de uso intensivo son algunas de las caracter\u00edsticas y ventajas que tendr\u00e1s al momento de adquirir esta memoria. No esperes&hellip;","_links":{"self":[{"href":"https:\/\/rms-enlinea.com.ar\/tienda\/wp-json\/wp\/v2\/product\/57256","targetHints":{"allow":["GET"]}}],"collection":[{"href":"https:\/\/rms-enlinea.com.ar\/tienda\/wp-json\/wp\/v2\/product"}],"about":[{"href":"https:\/\/rms-enlinea.com.ar\/tienda\/wp-json\/wp\/v2\/types\/product"}],"replies":[{"embeddable":true,"href":"https:\/\/rms-enlinea.com.ar\/tienda\/wp-json\/wp\/v2\/comments?post=57256"}],"wp:featuredmedia":[{"embeddable":true,"href":"https:\/\/rms-enlinea.com.ar\/tienda\/wp-json\/wp\/v2\/media\/2408"}],"wp:attachment":[{"href":"https:\/\/rms-enlinea.com.ar\/tienda\/wp-json\/wp\/v2\/media?parent=57256"}],"wp:term":[{"taxonomy":"product_brand","embeddable":true,"href":"https:\/\/rms-enlinea.com.ar\/tienda\/wp-json\/wp\/v2\/product_brand?post=57256"},{"taxonomy":"product_cat","embeddable":true,"href":"https:\/\/rms-enlinea.com.ar\/tienda\/wp-json\/wp\/v2\/product_cat?post=57256"},{"taxonomy":"product_tag","embeddable":true,"href":"https:\/\/rms-enlinea.com.ar\/tienda\/wp-json\/wp\/v2\/product_tag?post=57256"}],"curies":[{"name":"wp","href":"https:\/\/api.w.org\/{rel}","templated":true}]}}