{"id":57301,"date":"2025-10-13T23:50:22","date_gmt":"2025-10-14T02:50:22","guid":{"rendered":"https:\/\/rms-enlinea.com.ar\/tienda\/producto\/mother-gigabyte-b650m-ds3h-amd-am5-ddr5-serie-7000-8000\/"},"modified":"2026-04-02T16:26:04","modified_gmt":"2026-04-02T19:26:04","slug":"mother-gigabyte-b650m-ds3h-amd-am5-ddr5-serie-7000-8000","status":"publish","type":"product","link":"https:\/\/rms-enlinea.com.ar\/tienda\/producto\/mother-gigabyte-b650m-ds3h-amd-am5-ddr5-serie-7000-8000\/","title":{"rendered":"Mother Gigabyte B650m Ds3h Amd Am5 Ddr5 Serie 7000 8000"},"content":{"rendered":"<p>Condici\u00f3n del \u00edtem<\/p>\n<p>Nuevo<br \/>L\u00ednea<\/p>\n<p>Ultra Durable<br \/>Capacidad m\u00e1xima soportada de la memoria RAM<\/p>\n<p>128 GB<br \/>Modelo<\/p>\n<p>B650M DS3H<br \/>CPU<\/p>\n<p>AMD Socket AM5,support for: AMD Ryzen 7000<br \/>C\u00f3digo universal de producto<\/p>\n<p>889523034231<br \/>Tipo de memoria RAM<\/p>\n<p>DDR5<br \/>Versi\u00f3n<\/p>\n<p>rev. 1.0<br \/>Con procesador<\/p>\n<p>No<br \/>Socket<\/p>\n<p>AM5<br \/>Aplicaciones<\/p>\n<p>GAMING,PC<br \/>Marca<\/p>\n<p>Gigabyte<br \/>Chipsets<\/p>\n<p>AMD B650<br \/>Plataforma<\/p>\n<p>AMD<\/p>\n","protected":false},"excerpt":{"rendered":"<p>Condici\u00f3n del \u00edtem NuevoL\u00ednea Ultra DurableCapacidad m\u00e1xima soportada de la memoria RAM 128 GBModelo B650M DS3HCPU AMD Socket AM5,support for: AMD Ryzen 7000C\u00f3digo universal de producto 889523034231Tipo de memoria RAM DDR5Versi\u00f3n rev. 1.0Con procesador NoSocket AM5Aplicaciones GAMING,PCMarca GigabyteChipsets AMD B650Plataforma AMD<\/p>\n","protected":false},"featured_media":57302,"comment_status":"open","ping_status":"closed","template":"","meta":{"_uag_custom_page_level_css":""},"product_brand":[532],"product_cat":[115],"product_tag":[],"class_list":{"0":"post-57301","1":"product","2":"type-product","3":"status-publish","4":"has-post-thumbnail","6":"product_brand-gigabyte","7":"product_cat-mother","9":"first","10":"outofstock","11":"sale","12":"taxable","13":"shipping-taxable","14":"purchasable","15":"product-type-simple"},"uagb_featured_image_src":{"full":["https:\/\/rms-enlinea.com.ar\/wp-content\/uploads\/2025\/10\/D_948330-MLA95002916693_102025-F.jpg",1190,748,false],"thumbnail":["https:\/\/rms-enlinea.com.ar\/wp-content\/uploads\/2025\/10\/D_948330-MLA95002916693_102025-F-150x150.jpg",150,150,true],"medium":["https:\/\/rms-enlinea.com.ar\/wp-content\/uploads\/2025\/10\/D_948330-MLA95002916693_102025-F-300x189.jpg",300,189,true],"medium_large":["https:\/\/rms-enlinea.com.ar\/wp-content\/uploads\/2025\/10\/D_948330-MLA95002916693_102025-F-768x483.jpg",768,483,true],"large":["https:\/\/rms-enlinea.com.ar\/wp-content\/uploads\/2025\/10\/D_948330-MLA95002916693_102025-F-1024x644.jpg",1024,644,true],"1536x1536":["https:\/\/rms-enlinea.com.ar\/wp-content\/uploads\/2025\/10\/D_948330-MLA95002916693_102025-F.jpg",1190,748,false],"2048x2048":["https:\/\/rms-enlinea.com.ar\/wp-content\/uploads\/2025\/10\/D_948330-MLA95002916693_102025-F.jpg",1190,748,false],"woocommerce_thumbnail":["https:\/\/rms-enlinea.com.ar\/wp-content\/uploads\/2025\/10\/D_948330-MLA95002916693_102025-F-450x450.jpg",450,450,true],"woocommerce_single":["https:\/\/rms-enlinea.com.ar\/wp-content\/uploads\/2025\/10\/D_948330-MLA95002916693_102025-F-600x377.jpg",600,377,true],"woocommerce_gallery_thumbnail":["https:\/\/rms-enlinea.com.ar\/wp-content\/uploads\/2025\/10\/D_948330-MLA95002916693_102025-F-100x100.jpg",100,100,true]},"uagb_author_info":{"display_name":"nelson","author_link":"https:\/\/rms-enlinea.com.ar\/tienda\/author\/"},"uagb_comment_info":0,"uagb_excerpt":"Condici\u00f3n del \u00edtem NuevoL\u00ednea Ultra DurableCapacidad m\u00e1xima soportada de la memoria RAM 128 GBModelo B650M DS3HCPU AMD Socket AM5,support for: AMD Ryzen 7000C\u00f3digo universal de producto 889523034231Tipo de memoria RAM DDR5Versi\u00f3n rev. 1.0Con procesador NoSocket AM5Aplicaciones GAMING,PCMarca GigabyteChipsets AMD B650Plataforma AMD","_links":{"self":[{"href":"https:\/\/rms-enlinea.com.ar\/tienda\/wp-json\/wp\/v2\/product\/57301","targetHints":{"allow":["GET"]}}],"collection":[{"href":"https:\/\/rms-enlinea.com.ar\/tienda\/wp-json\/wp\/v2\/product"}],"about":[{"href":"https:\/\/rms-enlinea.com.ar\/tienda\/wp-json\/wp\/v2\/types\/product"}],"replies":[{"embeddable":true,"href":"https:\/\/rms-enlinea.com.ar\/tienda\/wp-json\/wp\/v2\/comments?post=57301"}],"wp:featuredmedia":[{"embeddable":true,"href":"https:\/\/rms-enlinea.com.ar\/tienda\/wp-json\/wp\/v2\/media\/57302"}],"wp:attachment":[{"href":"https:\/\/rms-enlinea.com.ar\/tienda\/wp-json\/wp\/v2\/media?parent=57301"}],"wp:term":[{"taxonomy":"product_brand","embeddable":true,"href":"https:\/\/rms-enlinea.com.ar\/tienda\/wp-json\/wp\/v2\/product_brand?post=57301"},{"taxonomy":"product_cat","embeddable":true,"href":"https:\/\/rms-enlinea.com.ar\/tienda\/wp-json\/wp\/v2\/product_cat?post=57301"},{"taxonomy":"product_tag","embeddable":true,"href":"https:\/\/rms-enlinea.com.ar\/tienda\/wp-json\/wp\/v2\/product_tag?post=57301"}],"curies":[{"name":"wp","href":"https:\/\/api.w.org\/{rel}","templated":true}]}}