{"id":57304,"date":"2025-10-14T00:00:06","date_gmt":"2025-10-14T03:00:06","guid":{"rendered":"https:\/\/rms-enlinea.com.ar\/tienda\/producto\/mother-gigabyte-h610m-k-ddr4-2-0-intel-s1700-12va-13va-gen\/"},"modified":"2026-02-18T19:56:10","modified_gmt":"2026-02-18T22:56:10","slug":"mother-gigabyte-h610m-k-ddr4-2-0-intel-s1700-12va-13va-gen","status":"publish","type":"product","link":"https:\/\/rms-enlinea.com.ar\/tienda\/producto\/mother-gigabyte-h610m-k-ddr4-2-0-intel-s1700-12va-13va-gen\/","title":{"rendered":"Mother Gigabyte H610m K Ddr4 2.0 Intel S1700 12va 13va Gen"},"content":{"rendered":"<p>Chipsets<\/p>\n<p>H610<br \/>Color<\/p>\n<p>Negro<br \/>Plataforma<\/p>\n<p>Intel<br \/>CPU<\/p>\n<p>Intel 12va Gen<br \/>Ranuras de expansi\u00f3n<\/p>\n<p>1 x pcie 3.0 x1 slot,1 x pcie 4.0 x16 slot<br \/>Condici\u00f3n del \u00edtem<\/p>\n<p>Nuevo<br \/>Formato de memoria RAM<\/p>\n<p>DIMM<br \/>L\u00ednea<\/p>\n<p>UD<br \/>Factor de forma<\/p>\n<p>mATX<br \/>Marca<\/p>\n<p>Gigabyte<br \/>Socket<\/p>\n<p>1700<br \/>Tipo de memoria RAM<\/p>\n<p>DDR4<\/p>\n","protected":false},"excerpt":{"rendered":"<p>Chipsets H610Color NegroPlataforma IntelCPU Intel 12va GenRanuras de expansi\u00f3n 1 x pcie 3.0 x1 slot,1 x pcie 4.0 x16 slotCondici\u00f3n del \u00edtem NuevoFormato de memoria RAM DIMML\u00ednea UDFactor de forma mATXMarca GigabyteSocket 1700Tipo de memoria RAM DDR4<\/p>\n","protected":false},"featured_media":57305,"comment_status":"open","ping_status":"closed","template":"","meta":{"_uag_custom_page_level_css":""},"product_brand":[532],"product_cat":[115],"product_tag":[],"class_list":{"0":"post-57304","1":"product","2":"type-product","3":"status-publish","4":"has-post-thumbnail","6":"product_brand-gigabyte","7":"product_cat-mother","9":"first","10":"outofstock","11":"sale","12":"taxable","13":"shipping-taxable","14":"purchasable","15":"product-type-simple"},"uagb_featured_image_src":{"full":["https:\/\/rms-enlinea.com.ar\/wp-content\/uploads\/2025\/10\/D_770341-MLA95003406157_102025-F.jpg",1200,810,false],"thumbnail":["https:\/\/rms-enlinea.com.ar\/wp-content\/uploads\/2025\/10\/D_770341-MLA95003406157_102025-F-150x150.jpg",150,150,true],"medium":["https:\/\/rms-enlinea.com.ar\/wp-content\/uploads\/2025\/10\/D_770341-MLA95003406157_102025-F-300x203.jpg",300,203,true],"medium_large":["https:\/\/rms-enlinea.com.ar\/wp-content\/uploads\/2025\/10\/D_770341-MLA95003406157_102025-F-768x518.jpg",768,518,true],"large":["https:\/\/rms-enlinea.com.ar\/wp-content\/uploads\/2025\/10\/D_770341-MLA95003406157_102025-F-1024x691.jpg",1024,691,true],"1536x1536":["https:\/\/rms-enlinea.com.ar\/wp-content\/uploads\/2025\/10\/D_770341-MLA95003406157_102025-F.jpg",1200,810,false],"2048x2048":["https:\/\/rms-enlinea.com.ar\/wp-content\/uploads\/2025\/10\/D_770341-MLA95003406157_102025-F.jpg",1200,810,false],"woocommerce_thumbnail":["https:\/\/rms-enlinea.com.ar\/wp-content\/uploads\/2025\/10\/D_770341-MLA95003406157_102025-F-450x450.jpg",450,450,true],"woocommerce_single":["https:\/\/rms-enlinea.com.ar\/wp-content\/uploads\/2025\/10\/D_770341-MLA95003406157_102025-F-600x405.jpg",600,405,true],"woocommerce_gallery_thumbnail":["https:\/\/rms-enlinea.com.ar\/wp-content\/uploads\/2025\/10\/D_770341-MLA95003406157_102025-F-100x100.jpg",100,100,true]},"uagb_author_info":{"display_name":"nelson","author_link":"https:\/\/rms-enlinea.com.ar\/tienda\/author\/"},"uagb_comment_info":0,"uagb_excerpt":"Chipsets H610Color NegroPlataforma IntelCPU Intel 12va GenRanuras de expansi\u00f3n 1 x pcie 3.0 x1 slot,1 x pcie 4.0 x16 slotCondici\u00f3n del \u00edtem NuevoFormato de memoria RAM DIMML\u00ednea UDFactor de forma mATXMarca GigabyteSocket 1700Tipo de memoria RAM DDR4","_links":{"self":[{"href":"https:\/\/rms-enlinea.com.ar\/tienda\/wp-json\/wp\/v2\/product\/57304","targetHints":{"allow":["GET"]}}],"collection":[{"href":"https:\/\/rms-enlinea.com.ar\/tienda\/wp-json\/wp\/v2\/product"}],"about":[{"href":"https:\/\/rms-enlinea.com.ar\/tienda\/wp-json\/wp\/v2\/types\/product"}],"replies":[{"embeddable":true,"href":"https:\/\/rms-enlinea.com.ar\/tienda\/wp-json\/wp\/v2\/comments?post=57304"}],"wp:featuredmedia":[{"embeddable":true,"href":"https:\/\/rms-enlinea.com.ar\/tienda\/wp-json\/wp\/v2\/media\/57305"}],"wp:attachment":[{"href":"https:\/\/rms-enlinea.com.ar\/tienda\/wp-json\/wp\/v2\/media?parent=57304"}],"wp:term":[{"taxonomy":"product_brand","embeddable":true,"href":"https:\/\/rms-enlinea.com.ar\/tienda\/wp-json\/wp\/v2\/product_brand?post=57304"},{"taxonomy":"product_cat","embeddable":true,"href":"https:\/\/rms-enlinea.com.ar\/tienda\/wp-json\/wp\/v2\/product_cat?post=57304"},{"taxonomy":"product_tag","embeddable":true,"href":"https:\/\/rms-enlinea.com.ar\/tienda\/wp-json\/wp\/v2\/product_tag?post=57304"}],"curies":[{"name":"wp","href":"https:\/\/api.w.org\/{rel}","templated":true}]}}